{"id":964,"date":"2016-04-21T10:30:18","date_gmt":"2016-04-21T10:30:18","guid":{"rendered":"http:\/\/centros.unileon.es\/derecho\/?page_id=964"},"modified":"2016-04-21T10:32:18","modified_gmt":"2016-04-21T10:32:18","slug":"iii-congreso-nacional-penitenciario-legionenes","status":"publish","type":"page","link":"https:\/\/centros.unileon.es\/derecho\/iii-congreso-nacional-penitenciario-legionenes\/","title":{"rendered":"III Congreso Nacional Penitenciario Legionense"},"content":{"rendered":"El \u00e1rea de Derecho Penal de la Facultad de Derecho organiza el \u00abIII Congreso Nacional Penitenciario Legionense\u00bb que abordar\u00e1 el tema de \u00abLa aplicaci\u00f3n de las penas y medidas alternativas a la prisi\u00f3n en Espa\u00f1a\u00bb.\r\n\r\nFechas de celebraci\u00f3n: 9 y 10 de mayo de 2016.\r\n\r\nLugar de celebraci\u00f3n: Sal\u00f3n de Grados de la Facultad de Derecho.\r\n\r\nPara m\u00e1s informaci\u00f3n puede consultar el <a href=\"http:\/\/centros.unileon.es\/derecho\/files\/2016\/04\/III-CONGRESO-NACIONAL-PENITENCIARIO-LEGIONENSE-MAYO-2016.Definitivo.pdf\">cartel<\/a> de la jornada y el <a href=\"http:\/\/centros.unileon.es\/derecho\/files\/2016\/04\/TripticoIIICongresoPenitenciario2016.Definitivo.pdf\">tr\u00edptico<\/a> de la misma.","protected":false},"excerpt":{"rendered":"<p>El \u00e1rea de Derecho Penal de la Facultad de Derecho organiza el \u00abIII Congreso Nacional Penitenciario Legionense\u00bb que abordar\u00e1 el tema de \u00abLa aplicaci\u00f3n de las penas y medidas alternativas a la prisi\u00f3n en Espa\u00f1a\u00bb. Fechas de celebraci\u00f3n: 9 y 10 de mayo de 2016. Lugar de celebraci\u00f3n: Sal\u00f3n de Grados de la Facultad de [&hellip;]<\/p>\n","protected":false},"author":67,"featured_media":0,"parent":0,"menu_order":0,"comment_status":"closed","ping_status":"closed","template":"","meta":{"footnotes":""},"class_list":["post-964","page","type-page","status-publish","hentry"],"_links":{"self":[{"href":"https:\/\/centros.unileon.es\/derecho\/wp-json\/wp\/v2\/pages\/964","targetHints":{"allow":["GET"]}}],"collection":[{"href":"https:\/\/centros.unileon.es\/derecho\/wp-json\/wp\/v2\/pages"}],"about":[{"href":"https:\/\/centros.unileon.es\/derecho\/wp-json\/wp\/v2\/types\/page"}],"author":[{"embeddable":true,"href":"https:\/\/centros.unileon.es\/derecho\/wp-json\/wp\/v2\/users\/67"}],"replies":[{"embeddable":true,"href":"https:\/\/centros.unileon.es\/derecho\/wp-json\/wp\/v2\/comments?post=964"}],"version-history":[{"count":2,"href":"https:\/\/centros.unileon.es\/derecho\/wp-json\/wp\/v2\/pages\/964\/revisions"}],"predecessor-version":[{"id":969,"href":"https:\/\/centros.unileon.es\/derecho\/wp-json\/wp\/v2\/pages\/964\/revisions\/969"}],"wp:attachment":[{"href":"https:\/\/centros.unileon.es\/derecho\/wp-json\/wp\/v2\/media?parent=964"}],"curies":[{"name":"wp","href":"https:\/\/api.w.org\/{rel}","templated":true}]}}