{"id":948,"date":"2016-03-17T14:40:40","date_gmt":"2016-03-17T14:40:40","guid":{"rendered":"http:\/\/centros.unileon.es\/derecho\/?page_id=948"},"modified":"2016-03-18T10:12:49","modified_gmt":"2016-03-18T10:12:49","slug":"diplomado-e-learning-gestion-publica-en-un-mundo-global","status":"publish","type":"page","link":"https:\/\/centros.unileon.es\/derecho\/diplomado-e-learning-gestion-publica-en-un-mundo-global\/","title":{"rendered":"Diplomado e-learning. Gesti\u00f3n P\u00fablica en un mundo global"},"content":{"rendered":"<p style=\"text-align: justify;\">El \u00c1rea de Derecho Eclesi\u00e1stico del Estado de la Universidad de Le\u00f3n participa en el Curso Diplomado e-learning: Gesti\u00f3n P\u00fablica en un mundo global, organizado en colaboraci\u00f3n con la Corporaci\u00f3n Iberoamericana de Asuntos P\u00fablicos y Empresariales (CIAPE) y Consilium Group Advisors (CGA), que se va a desarrollar durante los meses de abril y mayo.<\/p>\r\n<p style=\"text-align: justify;\">Informaci\u00f3n y matr\u00edcula en:<\/p>\r\n<p style=\"text-align: justify;\"><a href=\"http:\/\/www.ciape.org\/\">http:\/\/www.ciape.org\/course\/diplomado-gestion-publica-en-un-mundo-global<\/a><\/p>\r\n<p style=\"text-align: justify;\">Para m\u00e1s informaci\u00f3n pinchar <a href=\"http:\/\/centros.unileon.es\/derecho\/files\/2016\/03\/Curso-e-learning.pdf\">aqu\u00ed<\/a>.<\/p>","protected":false},"excerpt":{"rendered":"<p>El \u00c1rea de Derecho Eclesi\u00e1stico del Estado de la Universidad de Le\u00f3n participa en el Curso Diplomado e-learning: Gesti\u00f3n P\u00fablica en un mundo global, organizado en colaboraci\u00f3n con la Corporaci\u00f3n Iberoamericana de Asuntos P\u00fablicos y Empresariales (CIAPE) y Consilium Group Advisors (CGA), que se va a desarrollar durante los meses de abril y mayo. Informaci\u00f3n [&hellip;]<\/p>\n","protected":false},"author":67,"featured_media":0,"parent":0,"menu_order":0,"comment_status":"closed","ping_status":"closed","template":"","meta":{"footnotes":""},"class_list":["post-948","page","type-page","status-publish","hentry"],"_links":{"self":[{"href":"https:\/\/centros.unileon.es\/derecho\/wp-json\/wp\/v2\/pages\/948","targetHints":{"allow":["GET"]}}],"collection":[{"href":"https:\/\/centros.unileon.es\/derecho\/wp-json\/wp\/v2\/pages"}],"about":[{"href":"https:\/\/centros.unileon.es\/derecho\/wp-json\/wp\/v2\/types\/page"}],"author":[{"embeddable":true,"href":"https:\/\/centros.unileon.es\/derecho\/wp-json\/wp\/v2\/users\/67"}],"replies":[{"embeddable":true,"href":"https:\/\/centros.unileon.es\/derecho\/wp-json\/wp\/v2\/comments?post=948"}],"version-history":[{"count":2,"href":"https:\/\/centros.unileon.es\/derecho\/wp-json\/wp\/v2\/pages\/948\/revisions"}],"predecessor-version":[{"id":952,"href":"https:\/\/centros.unileon.es\/derecho\/wp-json\/wp\/v2\/pages\/948\/revisions\/952"}],"wp:attachment":[{"href":"https:\/\/centros.unileon.es\/derecho\/wp-json\/wp\/v2\/media?parent=948"}],"curies":[{"name":"wp","href":"https:\/\/api.w.org\/{rel}","templated":true}]}}