{"id":938,"date":"2016-03-15T08:54:18","date_gmt":"2016-03-15T08:54:18","guid":{"rendered":"http:\/\/centros.unileon.es\/derecho\/?page_id=938"},"modified":"2016-03-15T08:54:27","modified_gmt":"2016-03-15T08:54:27","slug":"iv-ciclo-de-justicia","status":"publish","type":"page","link":"https:\/\/centros.unileon.es\/derecho\/iv-ciclo-de-justicia\/","title":{"rendered":"IV Ciclo de Justicia"},"content":{"rendered":"<p style=\"text-align: justify;\">El Norte de Castilla organiza la II Mesa del IV Ciclo de Justicia de El Norte de Castilla-Santander. \u00abLa Fiscal\u00eda Europa, \u00bfmenos utop\u00eda ahora?. El encaje del nuevo C\u00f3digo Penal Espa\u00f1ol en el marco de la UE\u00bb.<\/p>\r\n<p style=\"text-align: justify;\">Lugar de celebraci\u00f3n: Jueves 17 de marzo de 2016 a las 17.30 horas.<\/p>\r\n<p style=\"text-align: justify;\">Lugar de celebraci\u00f3n: Sal\u00f3n de Actos del Colegio de Abogados de Valladolid.<\/p>\r\n<p style=\"text-align: justify;\">Para m\u00e1s informaci\u00f3n pinchar <a href=\"http:\/\/centros.unileon.es\/derecho\/files\/2016\/03\/Charla-Norte-de-Castilla.jpg\">aqu\u00ed<\/a>.<\/p>","protected":false},"excerpt":{"rendered":"<p>El Norte de Castilla organiza la II Mesa del IV Ciclo de Justicia de El Norte de Castilla-Santander. \u00abLa Fiscal\u00eda Europa, \u00bfmenos utop\u00eda ahora?. El encaje del nuevo C\u00f3digo Penal Espa\u00f1ol en el marco de la UE\u00bb. Lugar de celebraci\u00f3n: Jueves 17 de marzo de 2016 a las 17.30 horas. Lugar de celebraci\u00f3n: Sal\u00f3n de [&hellip;]<\/p>\n","protected":false},"author":67,"featured_media":0,"parent":0,"menu_order":0,"comment_status":"closed","ping_status":"closed","template":"","meta":{"footnotes":""},"class_list":["post-938","page","type-page","status-publish","hentry"],"_links":{"self":[{"href":"https:\/\/centros.unileon.es\/derecho\/wp-json\/wp\/v2\/pages\/938","targetHints":{"allow":["GET"]}}],"collection":[{"href":"https:\/\/centros.unileon.es\/derecho\/wp-json\/wp\/v2\/pages"}],"about":[{"href":"https:\/\/centros.unileon.es\/derecho\/wp-json\/wp\/v2\/types\/page"}],"author":[{"embeddable":true,"href":"https:\/\/centros.unileon.es\/derecho\/wp-json\/wp\/v2\/users\/67"}],"replies":[{"embeddable":true,"href":"https:\/\/centros.unileon.es\/derecho\/wp-json\/wp\/v2\/comments?post=938"}],"version-history":[{"count":1,"href":"https:\/\/centros.unileon.es\/derecho\/wp-json\/wp\/v2\/pages\/938\/revisions"}],"predecessor-version":[{"id":940,"href":"https:\/\/centros.unileon.es\/derecho\/wp-json\/wp\/v2\/pages\/938\/revisions\/940"}],"wp:attachment":[{"href":"https:\/\/centros.unileon.es\/derecho\/wp-json\/wp\/v2\/media?parent=938"}],"curies":[{"name":"wp","href":"https:\/\/api.w.org\/{rel}","templated":true}]}}