{"id":915,"date":"2016-02-24T18:01:18","date_gmt":"2016-02-24T18:01:18","guid":{"rendered":"http:\/\/centros.unileon.es\/derecho\/?page_id=915"},"modified":"2016-02-24T18:01:18","modified_gmt":"2016-02-24T18:01:18","slug":"ii-seminario-de-docencia-e-investigacion-dp-ule","status":"publish","type":"page","link":"https:\/\/centros.unileon.es\/derecho\/ii-seminario-de-docencia-e-investigacion-dp-ule\/","title":{"rendered":"II Seminario de Docencia e Investigaci\u00f3n DP-ULE"},"content":{"rendered":"<p style=\"text-align: justify;\">El \u00c1rea de Derecho Penal de la Facultad de Derecho de la Universidad de Le\u00f3n organiza un seminario que abordar\u00e1 el tema \u201cEl nuevo delito de acoso: an\u00e1lisis cr\u00edtico de su tipicidad\u201d, impartida por el Profesor Doctor Emilio Cort\u00e9s Bechiarelli.<\/p>\r\n<p style=\"text-align: justify;\">Fecha de celebraci\u00f3n: 7 de marzo 2016 a las 13.30 horas.<\/p>\r\n<p style=\"text-align: justify;\">Lugar de celebraci\u00f3n: Aula 1A de la Facultad de Derecho.<\/p>\r\n<p style=\"text-align: justify;\">Para m\u00e1s informaci\u00f3n pinchar <a href=\"http:\/\/centros.unileon.es\/derecho\/files\/2016\/02\/CARTEL-CORTES-BECHIARELLI-23.03.2016.pdf\">aqu\u00ed<\/a>.<\/p>","protected":false},"excerpt":{"rendered":"<p>El \u00c1rea de Derecho Penal de la Facultad de Derecho de la Universidad de Le\u00f3n organiza un seminario que abordar\u00e1 el tema \u201cEl nuevo delito de acoso: an\u00e1lisis cr\u00edtico de su tipicidad\u201d, impartida por el Profesor Doctor Emilio Cort\u00e9s Bechiarelli. Fecha de celebraci\u00f3n: 7 de marzo 2016 a las 13.30 horas. Lugar de celebraci\u00f3n: Aula [&hellip;]<\/p>\n","protected":false},"author":67,"featured_media":0,"parent":0,"menu_order":0,"comment_status":"closed","ping_status":"closed","template":"","meta":{"footnotes":""},"class_list":["post-915","page","type-page","status-publish","hentry"],"_links":{"self":[{"href":"https:\/\/centros.unileon.es\/derecho\/wp-json\/wp\/v2\/pages\/915","targetHints":{"allow":["GET"]}}],"collection":[{"href":"https:\/\/centros.unileon.es\/derecho\/wp-json\/wp\/v2\/pages"}],"about":[{"href":"https:\/\/centros.unileon.es\/derecho\/wp-json\/wp\/v2\/types\/page"}],"author":[{"embeddable":true,"href":"https:\/\/centros.unileon.es\/derecho\/wp-json\/wp\/v2\/users\/67"}],"replies":[{"embeddable":true,"href":"https:\/\/centros.unileon.es\/derecho\/wp-json\/wp\/v2\/comments?post=915"}],"version-history":[{"count":1,"href":"https:\/\/centros.unileon.es\/derecho\/wp-json\/wp\/v2\/pages\/915\/revisions"}],"predecessor-version":[{"id":917,"href":"https:\/\/centros.unileon.es\/derecho\/wp-json\/wp\/v2\/pages\/915\/revisions\/917"}],"wp:attachment":[{"href":"https:\/\/centros.unileon.es\/derecho\/wp-json\/wp\/v2\/media?parent=915"}],"curies":[{"name":"wp","href":"https:\/\/api.w.org\/{rel}","templated":true}]}}