{"id":900,"date":"2016-02-10T13:35:59","date_gmt":"2016-02-10T13:35:59","guid":{"rendered":"http:\/\/centros.unileon.es\/derecho\/?page_id=900"},"modified":"2016-02-10T13:35:59","modified_gmt":"2016-02-10T13:35:59","slug":"seminario-sobre-trabajo-y-genero-2016","status":"publish","type":"page","link":"https:\/\/centros.unileon.es\/derecho\/seminario-sobre-trabajo-y-genero-2016\/","title":{"rendered":"Seminario sobre Trabajo y G\u00e9nero 2016"},"content":{"rendered":"<div class=\"entry-content\">\r\n<p style=\"text-align: justify;\">El \u00c1rea de Derecho del Trabajo y de la Seguridad Social, en colaboraci\u00f3n con el Instituto de la Mujer, organiza el Seminario Trabajo y G\u00e9nero sobre \u201cNuevas oportunidades en la contrataci\u00f3n de mujeres, especialmente de las j\u00f3venes y mayores de 45 a\u00f1os\u201d, con reconocimiento de 2 cr\u00e9ditos ECTS y 3 cr\u00e9ditos LEC.<\/p>\r\n<p style=\"text-align: justify;\">Fechas de celebraci\u00f3n: 15, 16 y 17 de marzo de 2016.<\/p>\r\n<p style=\"text-align: justify;\">Lugar de celebraci\u00f3n: Sal\u00f3n de Grados de la Facultad de Derecho.<\/p>\r\n<p style=\"text-align: justify;\">Para m\u00e1s informaci\u00f3n pinchar <a href=\"http:\/\/centros.unileon.es\/derecho\/files\/2016\/02\/PROGRAMA-SEMINARIO-MUJERES-2016.pdf\">aqu\u00ed<\/a>.<\/p>\r\n\r\n<\/div>","protected":false},"excerpt":{"rendered":"<p>El \u00c1rea de Derecho del Trabajo y de la Seguridad Social, en colaboraci\u00f3n con el Instituto de la Mujer, organiza el Seminario Trabajo y G\u00e9nero sobre \u201cNuevas oportunidades en la contrataci\u00f3n de mujeres, especialmente de las j\u00f3venes y mayores de 45 a\u00f1os\u201d, con reconocimiento de 2 cr\u00e9ditos ECTS y 3 cr\u00e9ditos LEC. Fechas de celebraci\u00f3n: [&hellip;]<\/p>\n","protected":false},"author":67,"featured_media":0,"parent":0,"menu_order":0,"comment_status":"closed","ping_status":"closed","template":"","meta":{"footnotes":""},"class_list":["post-900","page","type-page","status-publish","hentry"],"_links":{"self":[{"href":"https:\/\/centros.unileon.es\/derecho\/wp-json\/wp\/v2\/pages\/900","targetHints":{"allow":["GET"]}}],"collection":[{"href":"https:\/\/centros.unileon.es\/derecho\/wp-json\/wp\/v2\/pages"}],"about":[{"href":"https:\/\/centros.unileon.es\/derecho\/wp-json\/wp\/v2\/types\/page"}],"author":[{"embeddable":true,"href":"https:\/\/centros.unileon.es\/derecho\/wp-json\/wp\/v2\/users\/67"}],"replies":[{"embeddable":true,"href":"https:\/\/centros.unileon.es\/derecho\/wp-json\/wp\/v2\/comments?post=900"}],"version-history":[{"count":1,"href":"https:\/\/centros.unileon.es\/derecho\/wp-json\/wp\/v2\/pages\/900\/revisions"}],"predecessor-version":[{"id":902,"href":"https:\/\/centros.unileon.es\/derecho\/wp-json\/wp\/v2\/pages\/900\/revisions\/902"}],"wp:attachment":[{"href":"https:\/\/centros.unileon.es\/derecho\/wp-json\/wp\/v2\/media?parent=900"}],"curies":[{"name":"wp","href":"https:\/\/api.w.org\/{rel}","templated":true}]}}