{"id":891,"date":"2016-01-28T08:58:04","date_gmt":"2016-01-28T08:58:04","guid":{"rendered":"http:\/\/centros.unileon.es\/derecho\/?page_id=891"},"modified":"2024-02-19T14:19:02","modified_gmt":"2024-02-19T14:19:02","slug":"numeros-de-la-revista","status":"publish","type":"page","link":"https:\/\/centros.unileon.es\/derecho\/numeros-de-la-revista\/","title":{"rendered":"N\u00fameros de la Revista"},"content":{"rendered":"<h2 style=\"text-align: center;\"><strong><em>Revista Jur\u00eddica de la Universidad de Le\u00f3n<\/em><\/strong>\r\nFacultad de Derecho\r\nUniversidad de Le\u00f3n<\/h2>\r\n<p style=\"text-align: center;\">Contacto: revistajuridicaule@unileon.es\r\nSoporte t\u00e9cnico: journals@unileon.es<\/p>\r\n<p style=\"text-align: center;\">I.S.S.N. 1137-2702 (Ed. impresa)\r\ne-I.S.S.N 2529-8941<\/p>\r\n<p style=\"text-align: center;\">Editada por el \u00c1rea de Publicaciones de la Universidad de Le\u00f3n<\/p>\r\n\r\n<h3 style=\"text-align: center;\"><strong>\u00a1Descarga el n\u00famero que desees consultar pinchando en el enlace!<\/strong><\/h3>\r\n<h2><strong>\u00daLTIMO N\u00daMERO<\/strong><\/h2>\r\n<h3 style=\"text-align: justify;\"><strong><a href=\"https:\/\/centros.unileon.es\/derecho\/files\/2024\/02\/2023.-Revista-Juridica-ULe-no-11-2023.pdf\">Revista Jur\u00eddica de la Universidad de Le\u00f3n, n\u00fam. 11 (2023)<\/a><\/strong><\/h3>\r\n<h2><strong>N\u00daMEROS ANTERIORES:<\/strong><\/h2>\r\n<h3><strong><a href=\"https:\/\/centros.unileon.es\/derecho\/files\/2024\/02\/2022.-Revista-Juridica-ULE-no-10.pdf\">Revista Jur\u00eddica de la Universidad de Le\u00f3n, n\u00fam. 10 (2022)<\/a><\/strong><\/h3>\r\n<h3><a href=\"https:\/\/centros.unileon.es\/derecho\/files\/2022\/03\/2021.07.01.-Numero-Completo-Revista-Juridica-de-la-Facultad.pdf\"><strong>Revista Jur\u00eddica de la Universidad de Le\u00f3n, n\u00fam. 9 (2021)<\/strong><\/a><\/h3>\r\n<h3><a href=\"https:\/\/centros.unileon.es\/derecho\/files\/2022\/03\/2021.-Numero-Completo-Revista-Juridica-de-la-Facultad-7096-31894-1-PB.pdf\"><strong>Revista Jur\u00eddica de la Universidad de Le\u00f3n, n\u00fam. 8 (2021-Monogr\u00e1fico)<\/strong><\/a><\/h3>\r\n<h3><a href=\"https:\/\/centros.unileon.es\/derecho\/files\/2022\/03\/2020.-Numero-Completo-Revista-Juridica-de-la-Facultad.pdf\"><strong>Revista Jur\u00eddica de la Universidad de Le\u00f3n, n\u00fam. 7 (2020)<\/strong><\/a><\/h3>\r\n<h3><a href=\"https:\/\/centros.unileon.es\/derecho\/files\/2022\/03\/2019.-Numero-Completo-Revista-Juridica-de-la-Facultad.pdf\"><strong>Revista Jur\u00eddica de la Facultad de Derecho, n\u00fam. 6 (2019)<\/strong><\/a><\/h3>\r\n<h3><strong><a href=\"http:\/\/revpubli.unileon.es\/index.php\/juridica\/issue\/view\/376\/showToc\">Revista Jur\u00eddica de la Universidad de Le\u00f3n, n\u00fam. 5 (2018)<\/a><\/strong><\/h3>\r\n<h3><a href=\"http:\/\/centros.unileon.es\/derecho\/files\/2018\/02\/Revista-Jur\u00eddica-de-la-Universidad-de-Le\u00f3n-n\u00fam.-4-2017.pdf\"><strong>Revista Jur\u00eddica de la Universidad de Le\u00f3n, n\u00fam. 4 (2017)<\/strong><\/a><\/h3>\r\n<h3><strong><a href=\"http:\/\/centros.unileon.es\/derecho\/files\/2018\/02\/Revista-Juridica-ULE-num-3.pdf\">Revista Jur\u00eddica de la Universidad de Le\u00f3n, n\u00fam. 3 (2016)<\/a><\/strong><\/h3>\r\n<h3><a href=\"https:\/\/centros.unileon.es\/derecho\/files\/2022\/03\/2015.-Numero-Completo-Revista-Juridica-de-la-Facultad.pdf\"><strong>Revista Jur\u00eddica de la Universidad de Leon, n\u00fam. 2 (2015)<\/strong><\/a><\/h3>\r\n<h3><a href=\"http:\/\/revpubli.unileon.es\/index.php\/juridica\/issue\/view\/142\/showToc\"><strong>Revista Jur\u00eddica de la Universidad de Le\u00f3n, n\u00fam. 1 (1997)<\/strong><\/a><\/h3>","protected":false},"excerpt":{"rendered":"<p>Revista Jur\u00eddica de la Universidad de Le\u00f3n Facultad de Derecho Universidad de Le\u00f3n Contacto: revistajuridicaule@unileon.es Soporte t\u00e9cnico: journals@unileon.es I.S.S.N. 1137-2702 (Ed. impresa) e-I.S.S.N 2529-8941 Editada por el \u00c1rea de Publicaciones de la Universidad de Le\u00f3n \u00a1Descarga el n\u00famero que desees consultar pinchando en el enlace! \u00daLTIMO N\u00daMERO Revista Jur\u00eddica de la Universidad de Le\u00f3n, n\u00fam. [&hellip;]<\/p>\n","protected":false},"author":67,"featured_media":0,"parent":0,"menu_order":0,"comment_status":"closed","ping_status":"closed","template":"","meta":{"footnotes":""},"class_list":["post-891","page","type-page","status-publish","hentry"],"_links":{"self":[{"href":"https:\/\/centros.unileon.es\/derecho\/wp-json\/wp\/v2\/pages\/891","targetHints":{"allow":["GET"]}}],"collection":[{"href":"https:\/\/centros.unileon.es\/derecho\/wp-json\/wp\/v2\/pages"}],"about":[{"href":"https:\/\/centros.unileon.es\/derecho\/wp-json\/wp\/v2\/types\/page"}],"author":[{"embeddable":true,"href":"https:\/\/centros.unileon.es\/derecho\/wp-json\/wp\/v2\/users\/67"}],"replies":[{"embeddable":true,"href":"https:\/\/centros.unileon.es\/derecho\/wp-json\/wp\/v2\/comments?post=891"}],"version-history":[{"count":55,"href":"https:\/\/centros.unileon.es\/derecho\/wp-json\/wp\/v2\/pages\/891\/revisions"}],"predecessor-version":[{"id":5335,"href":"https:\/\/centros.unileon.es\/derecho\/wp-json\/wp\/v2\/pages\/891\/revisions\/5335"}],"wp:attachment":[{"href":"https:\/\/centros.unileon.es\/derecho\/wp-json\/wp\/v2\/media?parent=891"}],"curies":[{"name":"wp","href":"https:\/\/api.w.org\/{rel}","templated":true}]}}