{"id":882,"date":"2016-01-28T08:53:51","date_gmt":"2016-01-28T08:53:51","guid":{"rendered":"http:\/\/centros.unileon.es\/derecho\/?page_id=882"},"modified":"2016-01-28T08:53:51","modified_gmt":"2016-01-28T08:53:51","slug":"enlace-a-la-web-de-la-revista","status":"publish","type":"page","link":"https:\/\/centros.unileon.es\/derecho\/enlace-a-la-web-de-la-revista\/","title":{"rendered":"Enlace a la web de la Revista"},"content":{"rendered":"<p style=\"text-align: justify;\">A continuaci\u00f3n se pone a disposici\u00f3n de los interesados un enlace web donde los interesados en publicar o ponerse en contacto con los gestores de la Revista pueden encontrar informaci\u00f3n sobre la misma, as\u00ed como sobre la pol\u00edtica editorial de la misma y la manera de enviar ejemplares.<\/p>\r\n<a href=\"http:\/\/revpubli.unileon.es\/index.php\/juridica\/index\">http:\/\/revpubli.unileon.es\/index.php\/juridica\/index<\/a>","protected":false},"excerpt":{"rendered":"<p>A continuaci\u00f3n se pone a disposici\u00f3n de los interesados un enlace web donde los interesados en publicar o ponerse en contacto con los gestores de la Revista pueden encontrar informaci\u00f3n sobre la misma, as\u00ed como sobre la pol\u00edtica editorial de la misma y la manera de enviar ejemplares. http:\/\/revpubli.unileon.es\/index.php\/juridica\/index<\/p>\n","protected":false},"author":67,"featured_media":0,"parent":0,"menu_order":0,"comment_status":"closed","ping_status":"closed","template":"","meta":{"footnotes":""},"class_list":["post-882","page","type-page","status-publish","hentry"],"_links":{"self":[{"href":"https:\/\/centros.unileon.es\/derecho\/wp-json\/wp\/v2\/pages\/882","targetHints":{"allow":["GET"]}}],"collection":[{"href":"https:\/\/centros.unileon.es\/derecho\/wp-json\/wp\/v2\/pages"}],"about":[{"href":"https:\/\/centros.unileon.es\/derecho\/wp-json\/wp\/v2\/types\/page"}],"author":[{"embeddable":true,"href":"https:\/\/centros.unileon.es\/derecho\/wp-json\/wp\/v2\/users\/67"}],"replies":[{"embeddable":true,"href":"https:\/\/centros.unileon.es\/derecho\/wp-json\/wp\/v2\/comments?post=882"}],"version-history":[{"count":1,"href":"https:\/\/centros.unileon.es\/derecho\/wp-json\/wp\/v2\/pages\/882\/revisions"}],"predecessor-version":[{"id":883,"href":"https:\/\/centros.unileon.es\/derecho\/wp-json\/wp\/v2\/pages\/882\/revisions\/883"}],"wp:attachment":[{"href":"https:\/\/centros.unileon.es\/derecho\/wp-json\/wp\/v2\/media?parent=882"}],"curies":[{"name":"wp","href":"https:\/\/api.w.org\/{rel}","templated":true}]}}