{"id":880,"date":"2016-01-28T08:50:01","date_gmt":"2016-01-28T08:50:01","guid":{"rendered":"http:\/\/centros.unileon.es\/derecho\/?page_id=880"},"modified":"2016-01-28T08:57:04","modified_gmt":"2016-01-28T08:57:04","slug":"contactos","status":"publish","type":"page","link":"https:\/\/centros.unileon.es\/derecho\/contactos\/","title":{"rendered":"Contacta con nosotros"},"content":{"rendered":"<div id=\"principalContact\">\r\n<h3>Contacto principal<\/h3>\r\n<strong>Revista Jur\u00eddica de la Universidad de Le\u00f3n<\/strong>\r\n\r\nUniversidad de Le\u00f3n\r\nFacultad de Derecho\r\nCampus de Vegazana s\/n\r\n24071 Le\u00f3n\r\nTel\u00e9fono: 987 293431\r\nCorreo electr\u00f3nico: <a href=\"mailto:%72%65%76%69%73%74%61%6a%75%72%69%64%69%63%61%75%6c%65@%75%6e%69%6c%65%6f%6e.%65%73\">revistajuridicaule@unileon.es<\/a>\r\n\r\n<\/div>\r\n<div id=\"supportContact\">\r\n<h3><\/h3>\r\n<h3>Contacto de asistencia<\/h3>\r\n<strong>Universidad de Le\u00f3n. \u00c1rea de Publicaciones<\/strong>\r\nCorreo electr\u00f3nico: <a href=\"mailto:%6a%6f%75%72%6e%61%6c%73@%75%6e%69%6c%65%6f%6e.%65%73\">journals@unileon.es<\/a>\r\n\r\n<\/div>","protected":false},"excerpt":{"rendered":"<p>Contacto principal Revista Jur\u00eddica de la Universidad de Le\u00f3n Universidad de Le\u00f3n Facultad de Derecho Campus de Vegazana s\/n 24071 Le\u00f3n Tel\u00e9fono: 987 293431 Correo electr\u00f3nico: revistajuridicaule@unileon.es Contacto de asistencia Universidad de Le\u00f3n. \u00c1rea de Publicaciones Correo electr\u00f3nico: journals@unileon.es<\/p>\n","protected":false},"author":67,"featured_media":0,"parent":0,"menu_order":0,"comment_status":"closed","ping_status":"closed","template":"","meta":{"footnotes":""},"class_list":["post-880","page","type-page","status-publish","hentry"],"_links":{"self":[{"href":"https:\/\/centros.unileon.es\/derecho\/wp-json\/wp\/v2\/pages\/880","targetHints":{"allow":["GET"]}}],"collection":[{"href":"https:\/\/centros.unileon.es\/derecho\/wp-json\/wp\/v2\/pages"}],"about":[{"href":"https:\/\/centros.unileon.es\/derecho\/wp-json\/wp\/v2\/types\/page"}],"author":[{"embeddable":true,"href":"https:\/\/centros.unileon.es\/derecho\/wp-json\/wp\/v2\/users\/67"}],"replies":[{"embeddable":true,"href":"https:\/\/centros.unileon.es\/derecho\/wp-json\/wp\/v2\/comments?post=880"}],"version-history":[{"count":2,"href":"https:\/\/centros.unileon.es\/derecho\/wp-json\/wp\/v2\/pages\/880\/revisions"}],"predecessor-version":[{"id":890,"href":"https:\/\/centros.unileon.es\/derecho\/wp-json\/wp\/v2\/pages\/880\/revisions\/890"}],"wp:attachment":[{"href":"https:\/\/centros.unileon.es\/derecho\/wp-json\/wp\/v2\/media?parent=880"}],"curies":[{"name":"wp","href":"https:\/\/api.w.org\/{rel}","templated":true}]}}