{"id":832,"date":"2015-12-11T12:22:22","date_gmt":"2015-12-11T12:22:22","guid":{"rendered":"http:\/\/centros.unileon.es\/derecho\/?page_id=832"},"modified":"2015-12-11T12:28:44","modified_gmt":"2015-12-11T12:28:44","slug":"ii-coloquio-binacional-mexico-espana-derecho-justicia-y-razonamiento-juridico","status":"publish","type":"page","link":"https:\/\/centros.unileon.es\/derecho\/ii-coloquio-binacional-mexico-espana-derecho-justicia-y-razonamiento-juridico\/","title":{"rendered":"II Coloquio Binacional M\u00e9xico-Espa\u00f1a: Derecho, Justicia y Razonamiento Jur\u00eddico"},"content":{"rendered":"El \u00c1rea de Filosof\u00eda del Derecho de la Universidad de Le\u00f3n, en colaboraci\u00f3n con la Universidad de Aut\u00f3noma de M\u00e9xico, organiza el II Coloquio Binacional M\u00e9xico-Espa\u00f1a: Derecho, Justicia y Razonamiento Jur\u00eddico.\r\n\r\nFecha de celebraci\u00f3n: Del 14 al 18 de diciembre de 2015.\r\n\r\nLugar de celebraci\u00f3n: Facultad de Derecho. Universidad de Le\u00f3n.\r\n\r\nPara m\u00e1s informaci\u00f3n se puede consultar el <a href=\"http:\/\/centros.unileon.es\/derecho\/?attachment_id=834\">cartel<\/a> y el <a href=\"http:\/\/centros.unileon.es\/derecho\/ii-coloquio-binacional-mexico-espana-derecho-justicia-y-razonamiento-juridico\/coloquio-binacional-programa-definitivo-ultima-version\/\">programa de las conferencias<\/a>, pinchando en los enlaces correspondientes.","protected":false},"excerpt":{"rendered":"<p>El \u00c1rea de Filosof\u00eda del Derecho de la Universidad de Le\u00f3n, en colaboraci\u00f3n con la Universidad de Aut\u00f3noma de M\u00e9xico, organiza el II Coloquio Binacional M\u00e9xico-Espa\u00f1a: Derecho, Justicia y Razonamiento Jur\u00eddico. Fecha de celebraci\u00f3n: Del 14 al 18 de diciembre de 2015. Lugar de celebraci\u00f3n: Facultad de Derecho. Universidad de Le\u00f3n. Para m\u00e1s informaci\u00f3n se [&hellip;]<\/p>\n","protected":false},"author":67,"featured_media":0,"parent":0,"menu_order":0,"comment_status":"closed","ping_status":"closed","template":"","meta":{"footnotes":""},"class_list":["post-832","page","type-page","status-publish","hentry"],"_links":{"self":[{"href":"https:\/\/centros.unileon.es\/derecho\/wp-json\/wp\/v2\/pages\/832","targetHints":{"allow":["GET"]}}],"collection":[{"href":"https:\/\/centros.unileon.es\/derecho\/wp-json\/wp\/v2\/pages"}],"about":[{"href":"https:\/\/centros.unileon.es\/derecho\/wp-json\/wp\/v2\/types\/page"}],"author":[{"embeddable":true,"href":"https:\/\/centros.unileon.es\/derecho\/wp-json\/wp\/v2\/users\/67"}],"replies":[{"embeddable":true,"href":"https:\/\/centros.unileon.es\/derecho\/wp-json\/wp\/v2\/comments?post=832"}],"version-history":[{"count":4,"href":"https:\/\/centros.unileon.es\/derecho\/wp-json\/wp\/v2\/pages\/832\/revisions"}],"predecessor-version":[{"id":839,"href":"https:\/\/centros.unileon.es\/derecho\/wp-json\/wp\/v2\/pages\/832\/revisions\/839"}],"wp:attachment":[{"href":"https:\/\/centros.unileon.es\/derecho\/wp-json\/wp\/v2\/media?parent=832"}],"curies":[{"name":"wp","href":"https:\/\/api.w.org\/{rel}","templated":true}]}}