{"id":795,"date":"2015-11-10T12:26:22","date_gmt":"2015-11-10T12:26:22","guid":{"rendered":"http:\/\/centros.unileon.es\/derecho\/?page_id=795"},"modified":"2015-11-10T12:26:22","modified_gmt":"2015-11-10T12:26:22","slug":"coloquios-triangulares-y-su-proyeccion-innovadora-service-learning-al-ambito-universitario-y-a-la-sociedad-i","status":"publish","type":"page","link":"https:\/\/centros.unileon.es\/derecho\/coloquios-triangulares-y-su-proyeccion-innovadora-service-learning-al-ambito-universitario-y-a-la-sociedad-i\/","title":{"rendered":"Coloquios triangulares y su proyecci\u00f3n innovadora (Service-learning) al \u00e1mbito universitario y a la sociedad (I)"},"content":{"rendered":"El \u00c1rea de Derecho Penal de la Universidad de Le\u00f3n organiza unos \u00abColoquios triangulares y su proyecci\u00f3n innovadora (Service-learning) al \u00e1mbito universitario y a la sociedad (I)\u00bb que abordar\u00e1 el XX Aniversiario de la aprobaci\u00f3n del C\u00f3digo Penal.\r\n\r\nFechas de celebraci\u00f3n: 24, 25 y 26 de noviembre de 2015.\r\n\r\nLugar de celebraci\u00f3n: Sal\u00f3n de Grados de la Facultad de Derecho.\r\n\r\nPara m\u00e1s informaci\u00f3n consultar el <a href=\"http:\/\/centros.unileon.es\/derecho\/files\/2015\/11\/CARTEL-COLOQUIOS-TRIANGULARES-2015-DEFINITIVO.30.10.2015.pdf\">cartel<\/a> y\/o el <a href=\"http:\/\/centros.unileon.es\/derecho\/files\/2015\/11\/TRIPTICO-COLOQUIOS-TRIANGULARES-2015-DEFINITIVO.-29.10.2015.pdf\">tr\u00edptico<\/a> informativo.","protected":false},"excerpt":{"rendered":"<p>El \u00c1rea de Derecho Penal de la Universidad de Le\u00f3n organiza unos \u00abColoquios triangulares y su proyecci\u00f3n innovadora (Service-learning) al \u00e1mbito universitario y a la sociedad (I)\u00bb que abordar\u00e1 el XX Aniversiario de la aprobaci\u00f3n del C\u00f3digo Penal. Fechas de celebraci\u00f3n: 24, 25 y 26 de noviembre de 2015. Lugar de celebraci\u00f3n: Sal\u00f3n de Grados [&hellip;]<\/p>\n","protected":false},"author":67,"featured_media":0,"parent":0,"menu_order":0,"comment_status":"closed","ping_status":"closed","template":"","meta":{"footnotes":""},"class_list":["post-795","page","type-page","status-publish","hentry"],"_links":{"self":[{"href":"https:\/\/centros.unileon.es\/derecho\/wp-json\/wp\/v2\/pages\/795","targetHints":{"allow":["GET"]}}],"collection":[{"href":"https:\/\/centros.unileon.es\/derecho\/wp-json\/wp\/v2\/pages"}],"about":[{"href":"https:\/\/centros.unileon.es\/derecho\/wp-json\/wp\/v2\/types\/page"}],"author":[{"embeddable":true,"href":"https:\/\/centros.unileon.es\/derecho\/wp-json\/wp\/v2\/users\/67"}],"replies":[{"embeddable":true,"href":"https:\/\/centros.unileon.es\/derecho\/wp-json\/wp\/v2\/comments?post=795"}],"version-history":[{"count":1,"href":"https:\/\/centros.unileon.es\/derecho\/wp-json\/wp\/v2\/pages\/795\/revisions"}],"predecessor-version":[{"id":798,"href":"https:\/\/centros.unileon.es\/derecho\/wp-json\/wp\/v2\/pages\/795\/revisions\/798"}],"wp:attachment":[{"href":"https:\/\/centros.unileon.es\/derecho\/wp-json\/wp\/v2\/media?parent=795"}],"curies":[{"name":"wp","href":"https:\/\/api.w.org\/{rel}","templated":true}]}}