{"id":782,"date":"2015-10-26T16:48:02","date_gmt":"2015-10-26T16:48:02","guid":{"rendered":"http:\/\/centros.unileon.es\/derecho\/?page_id=782"},"modified":"2015-10-26T16:48:02","modified_gmt":"2015-10-26T16:48:02","slug":"curso-de-especializacion-en-policia-judicial-para-integrantes-del-cuerpo-nacional-de-policia","status":"publish","type":"page","link":"https:\/\/centros.unileon.es\/derecho\/curso-de-especializacion-en-policia-judicial-para-integrantes-del-cuerpo-nacional-de-policia\/","title":{"rendered":"Curso de especializaci\u00f3n en Polic\u00eda Judicial para integrantes del Cuerpo Nacional de Polic\u00eda"},"content":{"rendered":"El Centro de Estudios Jur\u00eddicos del Ministerio de Justicia organiza el Curso de especializaci\u00f3n en Polic\u00eda Judicial para integrantes del Cuerpo Nacional de Polic\u00eda.\r\n\r\nFecha de celebraci\u00f3n: 16 a 2o de noviembre de 2015, en horario de 9 a 14 horas.\r\n\r\nLugar de celebraci\u00f3n: Sal\u00f3n de Grados de la Facultad de Derecho. Universidad de Le\u00f3n.\r\n\r\nPara ver el programa completo del Curso pinchar <a href=\"http:\/\/centros.unileon.es\/derecho\/files\/2015\/10\/Programa-definitivo-Curso-Le\u00f3n-2015-CNP.pdf\">aqu\u00ed<\/a>.","protected":false},"excerpt":{"rendered":"<p>El Centro de Estudios Jur\u00eddicos del Ministerio de Justicia organiza el Curso de especializaci\u00f3n en Polic\u00eda Judicial para integrantes del Cuerpo Nacional de Polic\u00eda. Fecha de celebraci\u00f3n: 16 a 2o de noviembre de 2015, en horario de 9 a 14 horas. Lugar de celebraci\u00f3n: Sal\u00f3n de Grados de la Facultad de Derecho. Universidad de Le\u00f3n. [&hellip;]<\/p>\n","protected":false},"author":67,"featured_media":0,"parent":0,"menu_order":0,"comment_status":"closed","ping_status":"closed","template":"","meta":{"footnotes":""},"class_list":["post-782","page","type-page","status-publish","hentry"],"_links":{"self":[{"href":"https:\/\/centros.unileon.es\/derecho\/wp-json\/wp\/v2\/pages\/782","targetHints":{"allow":["GET"]}}],"collection":[{"href":"https:\/\/centros.unileon.es\/derecho\/wp-json\/wp\/v2\/pages"}],"about":[{"href":"https:\/\/centros.unileon.es\/derecho\/wp-json\/wp\/v2\/types\/page"}],"author":[{"embeddable":true,"href":"https:\/\/centros.unileon.es\/derecho\/wp-json\/wp\/v2\/users\/67"}],"replies":[{"embeddable":true,"href":"https:\/\/centros.unileon.es\/derecho\/wp-json\/wp\/v2\/comments?post=782"}],"version-history":[{"count":1,"href":"https:\/\/centros.unileon.es\/derecho\/wp-json\/wp\/v2\/pages\/782\/revisions"}],"predecessor-version":[{"id":784,"href":"https:\/\/centros.unileon.es\/derecho\/wp-json\/wp\/v2\/pages\/782\/revisions\/784"}],"wp:attachment":[{"href":"https:\/\/centros.unileon.es\/derecho\/wp-json\/wp\/v2\/media?parent=782"}],"curies":[{"name":"wp","href":"https:\/\/api.w.org\/{rel}","templated":true}]}}