{"id":776,"date":"2015-10-26T16:43:09","date_gmt":"2015-10-26T16:43:09","guid":{"rendered":"http:\/\/centros.unileon.es\/derecho\/?page_id=776"},"modified":"2015-10-26T16:43:09","modified_gmt":"2015-10-26T16:43:09","slug":"jornada-formativa-quieres-trabajar-en-europa","status":"publish","type":"page","link":"https:\/\/centros.unileon.es\/derecho\/jornada-formativa-quieres-trabajar-en-europa\/","title":{"rendered":"Jornada formativa \u00bfQui\u00e9res trabajar en Europa?"},"content":{"rendered":"La Universidad de Le\u00f3n, en colaboraci\u00f3n con el Ecyl, Comisiones Obreras y la Junta de Castilla y Le\u00f3n, organiza una Jornada formativa sobre el trabajo en Europa.\r\n\r\nFecha de celebraci\u00f3n: Mi\u00e9rcoles 4 de noviembre de 2015.\r\n\r\nLugar de celebraci\u00f3n: Sala de Conferencias. Biblioteca de la Universidad de Le\u00f3n.\r\n\r\nPara m\u00e1s informaci\u00f3n pinchar <a href=\"http:\/\/centros.unileon.es\/derecho\/files\/2015\/10\/Cartel_ProyectosMigratorios_Trabajar-en-Europa.pdf\">aqu\u00ed<\/a>.","protected":false},"excerpt":{"rendered":"<p>La Universidad de Le\u00f3n, en colaboraci\u00f3n con el Ecyl, Comisiones Obreras y la Junta de Castilla y Le\u00f3n, organiza una Jornada formativa sobre el trabajo en Europa. Fecha de celebraci\u00f3n: Mi\u00e9rcoles 4 de noviembre de 2015. Lugar de celebraci\u00f3n: Sala de Conferencias. Biblioteca de la Universidad de Le\u00f3n. Para m\u00e1s informaci\u00f3n pinchar aqu\u00ed.<\/p>\n","protected":false},"author":67,"featured_media":0,"parent":0,"menu_order":0,"comment_status":"closed","ping_status":"closed","template":"","meta":{"footnotes":""},"class_list":["post-776","page","type-page","status-publish","hentry"],"_links":{"self":[{"href":"https:\/\/centros.unileon.es\/derecho\/wp-json\/wp\/v2\/pages\/776","targetHints":{"allow":["GET"]}}],"collection":[{"href":"https:\/\/centros.unileon.es\/derecho\/wp-json\/wp\/v2\/pages"}],"about":[{"href":"https:\/\/centros.unileon.es\/derecho\/wp-json\/wp\/v2\/types\/page"}],"author":[{"embeddable":true,"href":"https:\/\/centros.unileon.es\/derecho\/wp-json\/wp\/v2\/users\/67"}],"replies":[{"embeddable":true,"href":"https:\/\/centros.unileon.es\/derecho\/wp-json\/wp\/v2\/comments?post=776"}],"version-history":[{"count":1,"href":"https:\/\/centros.unileon.es\/derecho\/wp-json\/wp\/v2\/pages\/776\/revisions"}],"predecessor-version":[{"id":778,"href":"https:\/\/centros.unileon.es\/derecho\/wp-json\/wp\/v2\/pages\/776\/revisions\/778"}],"wp:attachment":[{"href":"https:\/\/centros.unileon.es\/derecho\/wp-json\/wp\/v2\/media?parent=776"}],"curies":[{"name":"wp","href":"https:\/\/api.w.org\/{rel}","templated":true}]}}