{"id":766,"date":"2015-10-19T17:03:06","date_gmt":"2015-10-19T17:03:06","guid":{"rendered":"http:\/\/centros.unileon.es\/derecho\/?page_id=766"},"modified":"2015-10-19T17:03:06","modified_gmt":"2015-10-19T17:03:06","slug":"seminario-de-docencia-e-investigacion-dp-ule","status":"publish","type":"page","link":"https:\/\/centros.unileon.es\/derecho\/seminario-de-docencia-e-investigacion-dp-ule\/","title":{"rendered":"Seminario de Docencia e Investigaci\u00f3n DP-ULE"},"content":{"rendered":"El \u00c1rea de Derecho Penal de la Facultad de Derecho organiza un Seminario de Docencia e Investigaci\u00f3n DP-ULE con una conferencia que bajo el t\u00edtulo \u00abLa reforma penal del homicidio, del asesinato y de los delitos contra la libertad sexual: \u00bfse salva algo?\u00bb impartir\u00e1 la Profesora Doctora In\u00e9s Olaizola Nogales.\r\n\r\nLugar de celebraci\u00f3n: Sal\u00f3n de Grados de la Facultad de Derecho.\r\n\r\nFecha de celebraci\u00f3n: Viernes 30 de octubre de 2015.\r\n\r\nPara m\u00e1s informaci\u00f3n pinchar <a href=\"http:\/\/centros.unileon.es\/derecho\/files\/2015\/10\/Cartel-Seminario-Docencia-e-Investigaci\u00f3n_octubre-2015.pdf\">aqu\u00ed<\/a>.","protected":false},"excerpt":{"rendered":"<p>El \u00c1rea de Derecho Penal de la Facultad de Derecho organiza un Seminario de Docencia e Investigaci\u00f3n DP-ULE con una conferencia que bajo el t\u00edtulo \u00abLa reforma penal del homicidio, del asesinato y de los delitos contra la libertad sexual: \u00bfse salva algo?\u00bb impartir\u00e1 la Profesora Doctora In\u00e9s Olaizola Nogales. Lugar de celebraci\u00f3n: Sal\u00f3n de [&hellip;]<\/p>\n","protected":false},"author":67,"featured_media":0,"parent":0,"menu_order":0,"comment_status":"closed","ping_status":"closed","template":"","meta":{"footnotes":""},"class_list":["post-766","page","type-page","status-publish","hentry"],"_links":{"self":[{"href":"https:\/\/centros.unileon.es\/derecho\/wp-json\/wp\/v2\/pages\/766","targetHints":{"allow":["GET"]}}],"collection":[{"href":"https:\/\/centros.unileon.es\/derecho\/wp-json\/wp\/v2\/pages"}],"about":[{"href":"https:\/\/centros.unileon.es\/derecho\/wp-json\/wp\/v2\/types\/page"}],"author":[{"embeddable":true,"href":"https:\/\/centros.unileon.es\/derecho\/wp-json\/wp\/v2\/users\/67"}],"replies":[{"embeddable":true,"href":"https:\/\/centros.unileon.es\/derecho\/wp-json\/wp\/v2\/comments?post=766"}],"version-history":[{"count":1,"href":"https:\/\/centros.unileon.es\/derecho\/wp-json\/wp\/v2\/pages\/766\/revisions"}],"predecessor-version":[{"id":768,"href":"https:\/\/centros.unileon.es\/derecho\/wp-json\/wp\/v2\/pages\/766\/revisions\/768"}],"wp:attachment":[{"href":"https:\/\/centros.unileon.es\/derecho\/wp-json\/wp\/v2\/media?parent=766"}],"curies":[{"name":"wp","href":"https:\/\/api.w.org\/{rel}","templated":true}]}}