{"id":761,"date":"2015-10-14T16:48:25","date_gmt":"2015-10-14T16:48:25","guid":{"rendered":"http:\/\/centros.unileon.es\/derecho\/?page_id=761"},"modified":"2015-10-14T16:48:25","modified_gmt":"2015-10-14T16:48:25","slug":"seminario-derecho-publico-y-construccion-de-la-union-europea","status":"publish","type":"page","link":"https:\/\/centros.unileon.es\/derecho\/seminario-derecho-publico-y-construccion-de-la-union-europea\/","title":{"rendered":"Seminario Derecho P\u00fablico y construcci\u00f3n de la Uni\u00f3n Europea"},"content":{"rendered":"El Catedr\u00e1tico de Derecho Administrativo el Profesor Doctor Francisco Sosa Wagner organiza un Seminario sobre \u00abDerecho P\u00fablico y construcci\u00f3n de la Uni\u00f3n Europea\u00bb.\r\n\r\nLa primera sesi\u00f3n tendr\u00e1 lugar el mi\u00e9rcoles 14 de octubre a las 11.15 horas en el Seminario de Derecho Administrativo.\r\n\r\nPara m\u00e1s informaci\u00f3n pichar <a href=\"http:\/\/centros.unileon.es\/derecho\/files\/2015\/10\/Seminario-2015-2016-Francisco-Sosa.pdf\">aqu\u00ed<\/a>.","protected":false},"excerpt":{"rendered":"<p>El Catedr\u00e1tico de Derecho Administrativo el Profesor Doctor Francisco Sosa Wagner organiza un Seminario sobre \u00abDerecho P\u00fablico y construcci\u00f3n de la Uni\u00f3n Europea\u00bb. La primera sesi\u00f3n tendr\u00e1 lugar el mi\u00e9rcoles 14 de octubre a las 11.15 horas en el Seminario de Derecho Administrativo. Para m\u00e1s informaci\u00f3n pichar aqu\u00ed.<\/p>\n","protected":false},"author":67,"featured_media":0,"parent":0,"menu_order":0,"comment_status":"closed","ping_status":"closed","template":"","meta":{"footnotes":""},"class_list":["post-761","page","type-page","status-publish","hentry"],"_links":{"self":[{"href":"https:\/\/centros.unileon.es\/derecho\/wp-json\/wp\/v2\/pages\/761","targetHints":{"allow":["GET"]}}],"collection":[{"href":"https:\/\/centros.unileon.es\/derecho\/wp-json\/wp\/v2\/pages"}],"about":[{"href":"https:\/\/centros.unileon.es\/derecho\/wp-json\/wp\/v2\/types\/page"}],"author":[{"embeddable":true,"href":"https:\/\/centros.unileon.es\/derecho\/wp-json\/wp\/v2\/users\/67"}],"replies":[{"embeddable":true,"href":"https:\/\/centros.unileon.es\/derecho\/wp-json\/wp\/v2\/comments?post=761"}],"version-history":[{"count":1,"href":"https:\/\/centros.unileon.es\/derecho\/wp-json\/wp\/v2\/pages\/761\/revisions"}],"predecessor-version":[{"id":763,"href":"https:\/\/centros.unileon.es\/derecho\/wp-json\/wp\/v2\/pages\/761\/revisions\/763"}],"wp:attachment":[{"href":"https:\/\/centros.unileon.es\/derecho\/wp-json\/wp\/v2\/media?parent=761"}],"curies":[{"name":"wp","href":"https:\/\/api.w.org\/{rel}","templated":true}]}}