{"id":757,"date":"2015-10-09T15:22:15","date_gmt":"2015-10-09T15:22:15","guid":{"rendered":"http:\/\/centros.unileon.es\/derecho\/?page_id=757"},"modified":"2015-10-09T15:22:15","modified_gmt":"2015-10-09T15:22:15","slug":"iii-seminario-sobre-relaciones-juridicas-internacionales","status":"publish","type":"page","link":"https:\/\/centros.unileon.es\/derecho\/iii-seminario-sobre-relaciones-juridicas-internacionales\/","title":{"rendered":"III Seminario sobre Relaciones Jur\u00eddicas Internacionales"},"content":{"rendered":"El \u00c1rea de Derecho Internacional Privado de la Universidad de Le\u00f3n, en colaboraci\u00f3n con el Excelent\u00edsimo Ayuntamiento de Le\u00f3n, organiza el III Seminario sobre Relaciones Jur\u00eddicas Internacionales, cuya primera sesi\u00f3n versar\u00e1 sobre \u00abEl reto de la integraci\u00f3n de los inmigrantes y su repercusi\u00f3n en la Uni\u00f3n Europea (I)\u00bb.\r\n\r\nFecha de celebraci\u00f3n: 14 de octubre de 2015, de 11.30 a 13.30 horas.\r\n\r\nLugar de celebraci\u00f3n: Sal\u00f3n de Grados de la Facultad de Derecho.\r\n\r\nPara m\u00e1s informaci\u00f3n pinchar <a href=\"http:\/\/centros.unileon.es\/derecho\/files\/2015\/10\/Cartel_III-Seminario-Relaciones-Internacionales_individual.pdf\">aqu\u00ed<\/a>.","protected":false},"excerpt":{"rendered":"<p>El \u00c1rea de Derecho Internacional Privado de la Universidad de Le\u00f3n, en colaboraci\u00f3n con el Excelent\u00edsimo Ayuntamiento de Le\u00f3n, organiza el III Seminario sobre Relaciones Jur\u00eddicas Internacionales, cuya primera sesi\u00f3n versar\u00e1 sobre \u00abEl reto de la integraci\u00f3n de los inmigrantes y su repercusi\u00f3n en la Uni\u00f3n Europea (I)\u00bb. Fecha de celebraci\u00f3n: 14 de octubre de [&hellip;]<\/p>\n","protected":false},"author":67,"featured_media":0,"parent":0,"menu_order":0,"comment_status":"closed","ping_status":"closed","template":"","meta":{"footnotes":""},"class_list":["post-757","page","type-page","status-publish","hentry"],"_links":{"self":[{"href":"https:\/\/centros.unileon.es\/derecho\/wp-json\/wp\/v2\/pages\/757","targetHints":{"allow":["GET"]}}],"collection":[{"href":"https:\/\/centros.unileon.es\/derecho\/wp-json\/wp\/v2\/pages"}],"about":[{"href":"https:\/\/centros.unileon.es\/derecho\/wp-json\/wp\/v2\/types\/page"}],"author":[{"embeddable":true,"href":"https:\/\/centros.unileon.es\/derecho\/wp-json\/wp\/v2\/users\/67"}],"replies":[{"embeddable":true,"href":"https:\/\/centros.unileon.es\/derecho\/wp-json\/wp\/v2\/comments?post=757"}],"version-history":[{"count":1,"href":"https:\/\/centros.unileon.es\/derecho\/wp-json\/wp\/v2\/pages\/757\/revisions"}],"predecessor-version":[{"id":759,"href":"https:\/\/centros.unileon.es\/derecho\/wp-json\/wp\/v2\/pages\/757\/revisions\/759"}],"wp:attachment":[{"href":"https:\/\/centros.unileon.es\/derecho\/wp-json\/wp\/v2\/media?parent=757"}],"curies":[{"name":"wp","href":"https:\/\/api.w.org\/{rel}","templated":true}]}}