{"id":749,"date":"2015-10-08T16:48:17","date_gmt":"2015-10-08T16:48:17","guid":{"rendered":"http:\/\/centros.unileon.es\/derecho\/?page_id=749"},"modified":"2015-10-08T16:48:17","modified_gmt":"2015-10-08T16:48:17","slug":"curso-de-formacion-sobre-catalogos-y-bases-de-datos","status":"publish","type":"page","link":"https:\/\/centros.unileon.es\/derecho\/curso-de-formacion-sobre-catalogos-y-bases-de-datos\/","title":{"rendered":"Curso de Formaci\u00f3n sobre cat\u00e1logos y bases de datos"},"content":{"rendered":"El personal de Biblioteca de las Facultades de Derecho y Ciencias del Trabajo\u00a0organiza Cursos de Formaci\u00f3n destinado a los alumnos de ambas\u00a0Facultades\u00a0sobre manejo de cat\u00e1logos, bases de datos y herramientas inform\u00e1ticas de la Biblioteca.\r\n\r\nPara m\u00e1s informaci\u00f3n pinchar <a href=\"http:\/\/centros.unileon.es\/derecho\/files\/2015\/10\/Carte-Curso-Biblioteca-2015.doc\">aqu\u00ed<\/a>.","protected":false},"excerpt":{"rendered":"<p>El personal de Biblioteca de las Facultades de Derecho y Ciencias del Trabajo\u00a0organiza Cursos de Formaci\u00f3n destinado a los alumnos de ambas\u00a0Facultades\u00a0sobre manejo de cat\u00e1logos, bases de datos y herramientas inform\u00e1ticas de la Biblioteca. Para m\u00e1s informaci\u00f3n pinchar aqu\u00ed.<\/p>\n","protected":false},"author":67,"featured_media":0,"parent":0,"menu_order":0,"comment_status":"closed","ping_status":"closed","template":"","meta":{"footnotes":""},"class_list":["post-749","page","type-page","status-publish","hentry"],"_links":{"self":[{"href":"https:\/\/centros.unileon.es\/derecho\/wp-json\/wp\/v2\/pages\/749","targetHints":{"allow":["GET"]}}],"collection":[{"href":"https:\/\/centros.unileon.es\/derecho\/wp-json\/wp\/v2\/pages"}],"about":[{"href":"https:\/\/centros.unileon.es\/derecho\/wp-json\/wp\/v2\/types\/page"}],"author":[{"embeddable":true,"href":"https:\/\/centros.unileon.es\/derecho\/wp-json\/wp\/v2\/users\/67"}],"replies":[{"embeddable":true,"href":"https:\/\/centros.unileon.es\/derecho\/wp-json\/wp\/v2\/comments?post=749"}],"version-history":[{"count":1,"href":"https:\/\/centros.unileon.es\/derecho\/wp-json\/wp\/v2\/pages\/749\/revisions"}],"predecessor-version":[{"id":751,"href":"https:\/\/centros.unileon.es\/derecho\/wp-json\/wp\/v2\/pages\/749\/revisions\/751"}],"wp:attachment":[{"href":"https:\/\/centros.unileon.es\/derecho\/wp-json\/wp\/v2\/media?parent=749"}],"curies":[{"name":"wp","href":"https:\/\/api.w.org\/{rel}","templated":true}]}}