{"id":718,"date":"2015-09-21T17:08:33","date_gmt":"2015-09-21T17:08:33","guid":{"rendered":"http:\/\/centros.unileon.es\/derecho\/?page_id=718"},"modified":"2015-09-21T17:08:33","modified_gmt":"2015-09-21T17:08:33","slug":"seminario-internacional-empleo-juvenil-un-reto-para-europa-international-meeting-youth-employment-a-challenge-for-europe","status":"publish","type":"page","link":"https:\/\/centros.unileon.es\/derecho\/seminario-internacional-empleo-juvenil-un-reto-para-europa-international-meeting-youth-employment-a-challenge-for-europe\/","title":{"rendered":"Seminario Internacional: Empleo Juvenil. Un reto para Europa. International meeting: Youth employment. A challenge for Europe"},"content":{"rendered":"El \u00c1rea de Derecho del Trabajo y de la Seguridad Social, en colaboraci\u00f3n con el Ministerio de Econom\u00eda y Competitividad, organzia el Seminario Internacional: Empleo Juvenil. Un reto para Europa. International meeting: Youth employment. A challenge for Europe.\r\n\r\nFechas de celebraci\u00f3n: 28 y 29 de octubre de 2015.\r\n\r\nLugar de celebraci\u00f3n: Sal\u00f3n de Grados de la Facultad de Derecho.\r\n\r\nPara m\u00e1s informaci\u00f3n sobre el programa completo pinchar <a href=\"http:\/\/centros.unileon.es\/derecho\/files\/2015\/09\/Seminario-Internacional-Empleo-Juvenil.pdf\">aqu\u00ed<\/a>.","protected":false},"excerpt":{"rendered":"<p>El \u00c1rea de Derecho del Trabajo y de la Seguridad Social, en colaboraci\u00f3n con el Ministerio de Econom\u00eda y Competitividad, organzia el Seminario Internacional: Empleo Juvenil. Un reto para Europa. International meeting: Youth employment. A challenge for Europe. Fechas de celebraci\u00f3n: 28 y 29 de octubre de 2015. Lugar de celebraci\u00f3n: Sal\u00f3n de Grados de [&hellip;]<\/p>\n","protected":false},"author":67,"featured_media":0,"parent":0,"menu_order":0,"comment_status":"closed","ping_status":"closed","template":"","meta":{"footnotes":""},"class_list":["post-718","page","type-page","status-publish","hentry"],"_links":{"self":[{"href":"https:\/\/centros.unileon.es\/derecho\/wp-json\/wp\/v2\/pages\/718","targetHints":{"allow":["GET"]}}],"collection":[{"href":"https:\/\/centros.unileon.es\/derecho\/wp-json\/wp\/v2\/pages"}],"about":[{"href":"https:\/\/centros.unileon.es\/derecho\/wp-json\/wp\/v2\/types\/page"}],"author":[{"embeddable":true,"href":"https:\/\/centros.unileon.es\/derecho\/wp-json\/wp\/v2\/users\/67"}],"replies":[{"embeddable":true,"href":"https:\/\/centros.unileon.es\/derecho\/wp-json\/wp\/v2\/comments?post=718"}],"version-history":[{"count":1,"href":"https:\/\/centros.unileon.es\/derecho\/wp-json\/wp\/v2\/pages\/718\/revisions"}],"predecessor-version":[{"id":720,"href":"https:\/\/centros.unileon.es\/derecho\/wp-json\/wp\/v2\/pages\/718\/revisions\/720"}],"wp:attachment":[{"href":"https:\/\/centros.unileon.es\/derecho\/wp-json\/wp\/v2\/media?parent=718"}],"curies":[{"name":"wp","href":"https:\/\/api.w.org\/{rel}","templated":true}]}}