{"id":714,"date":"2015-09-21T17:04:12","date_gmt":"2015-09-21T17:04:12","guid":{"rendered":"http:\/\/centros.unileon.es\/derecho\/?page_id=714"},"modified":"2015-09-21T17:04:12","modified_gmt":"2015-09-21T17:04:12","slug":"i-jornadas-nacionales-de-derecho-y-ciberseguridad","status":"publish","type":"page","link":"https:\/\/centros.unileon.es\/derecho\/i-jornadas-nacionales-de-derecho-y-ciberseguridad\/","title":{"rendered":"I Jornadas Nacionales de Derecho y Ciberseguridad"},"content":{"rendered":"La Facultad de Derecho y el Instituto Nacional de Ciberseguridad organizan las I Jornadas Nacionales de Derecho y Ciberseguridad.\r\n\r\nFechas de celebraci\u00f3n: 20 y 21 de octubre de 2015.\r\n\r\nLugar de celebraci\u00f3n: Sal\u00f3n de Grados de la Facultad de Derecho.\r\n\r\nPara m\u00e1s informaci\u00f3n sobre el programa completo pinchar <a href=\"http:\/\/centros.unileon.es\/derecho\/files\/2015\/09\/I-JORNADAS-NACIONALES-DE-DERECHO-Y-CIBERSEGURIDAD.-TRIPTICO.-21.09.2015.pdf\">aqu\u00ed<\/a>.","protected":false},"excerpt":{"rendered":"<p>La Facultad de Derecho y el Instituto Nacional de Ciberseguridad organizan las I Jornadas Nacionales de Derecho y Ciberseguridad. Fechas de celebraci\u00f3n: 20 y 21 de octubre de 2015. Lugar de celebraci\u00f3n: Sal\u00f3n de Grados de la Facultad de Derecho. Para m\u00e1s informaci\u00f3n sobre el programa completo pinchar aqu\u00ed.<\/p>\n","protected":false},"author":67,"featured_media":0,"parent":0,"menu_order":0,"comment_status":"closed","ping_status":"closed","template":"","meta":{"footnotes":""},"class_list":["post-714","page","type-page","status-publish","hentry"],"_links":{"self":[{"href":"https:\/\/centros.unileon.es\/derecho\/wp-json\/wp\/v2\/pages\/714","targetHints":{"allow":["GET"]}}],"collection":[{"href":"https:\/\/centros.unileon.es\/derecho\/wp-json\/wp\/v2\/pages"}],"about":[{"href":"https:\/\/centros.unileon.es\/derecho\/wp-json\/wp\/v2\/types\/page"}],"author":[{"embeddable":true,"href":"https:\/\/centros.unileon.es\/derecho\/wp-json\/wp\/v2\/users\/67"}],"replies":[{"embeddable":true,"href":"https:\/\/centros.unileon.es\/derecho\/wp-json\/wp\/v2\/comments?post=714"}],"version-history":[{"count":1,"href":"https:\/\/centros.unileon.es\/derecho\/wp-json\/wp\/v2\/pages\/714\/revisions"}],"predecessor-version":[{"id":716,"href":"https:\/\/centros.unileon.es\/derecho\/wp-json\/wp\/v2\/pages\/714\/revisions\/716"}],"wp:attachment":[{"href":"https:\/\/centros.unileon.es\/derecho\/wp-json\/wp\/v2\/media?parent=714"}],"curies":[{"name":"wp","href":"https:\/\/api.w.org\/{rel}","templated":true}]}}