{"id":669,"date":"2015-06-04T09:27:01","date_gmt":"2015-06-04T09:27:01","guid":{"rendered":"http:\/\/centros.unileon.es\/derecho\/?page_id=669"},"modified":"2015-06-04T09:27:01","modified_gmt":"2015-06-04T09:27:01","slug":"xvi-seminario-internacional-de-filosofia-del-derecho-y-derecho-penal","status":"publish","type":"page","link":"https:\/\/centros.unileon.es\/derecho\/xvi-seminario-internacional-de-filosofia-del-derecho-y-derecho-penal\/","title":{"rendered":"XVI Seminario Internacional de Filosof\u00eda del Derecho y Derecho Penal"},"content":{"rendered":"Las \u00c1reas de Filosof\u00eda del Derecho y Derecho Penal de la Facultad de Derecho de la Universidad de Le\u00f3n organizan el XVI Seminario Internacional de Filosof\u00eda del Derecho y Derecho Penal sobre \u00abLa justificaci\u00f3n del castigo penal\u00bb.\r\n\r\nLugar de celebraci\u00f3n: Sal\u00f3n de Grados de la Facultad de Derecho.\r\n\r\nFechas de celebraci\u00f3n: 9 y 10 de Juli0 de 2015.\r\n\r\nPara m\u00e1s informaci\u00f3n pinchar en el siguiente <a href=\"http:\/\/centros.unileon.es\/derecho\/files\/2015\/06\/Cartel-XVI-Seminario-de-FD-y-DP.-2015-1.pdf\">enlace<\/a>.","protected":false},"excerpt":{"rendered":"<p>Las \u00c1reas de Filosof\u00eda del Derecho y Derecho Penal de la Facultad de Derecho de la Universidad de Le\u00f3n organizan el XVI Seminario Internacional de Filosof\u00eda del Derecho y Derecho Penal sobre \u00abLa justificaci\u00f3n del castigo penal\u00bb. Lugar de celebraci\u00f3n: Sal\u00f3n de Grados de la Facultad de Derecho. Fechas de celebraci\u00f3n: 9 y 10 de [&hellip;]<\/p>\n","protected":false},"author":67,"featured_media":0,"parent":0,"menu_order":0,"comment_status":"closed","ping_status":"open","template":"","meta":{"footnotes":""},"class_list":["post-669","page","type-page","status-publish","hentry"],"_links":{"self":[{"href":"https:\/\/centros.unileon.es\/derecho\/wp-json\/wp\/v2\/pages\/669","targetHints":{"allow":["GET"]}}],"collection":[{"href":"https:\/\/centros.unileon.es\/derecho\/wp-json\/wp\/v2\/pages"}],"about":[{"href":"https:\/\/centros.unileon.es\/derecho\/wp-json\/wp\/v2\/types\/page"}],"author":[{"embeddable":true,"href":"https:\/\/centros.unileon.es\/derecho\/wp-json\/wp\/v2\/users\/67"}],"replies":[{"embeddable":true,"href":"https:\/\/centros.unileon.es\/derecho\/wp-json\/wp\/v2\/comments?post=669"}],"version-history":[{"count":1,"href":"https:\/\/centros.unileon.es\/derecho\/wp-json\/wp\/v2\/pages\/669\/revisions"}],"predecessor-version":[{"id":671,"href":"https:\/\/centros.unileon.es\/derecho\/wp-json\/wp\/v2\/pages\/669\/revisions\/671"}],"wp:attachment":[{"href":"https:\/\/centros.unileon.es\/derecho\/wp-json\/wp\/v2\/media?parent=669"}],"curies":[{"name":"wp","href":"https:\/\/api.w.org\/{rel}","templated":true}]}}