{"id":639,"date":"2015-03-12T07:45:37","date_gmt":"2015-03-12T07:45:37","guid":{"rendered":"http:\/\/centros.unileon.es\/derecho\/?page_id=639"},"modified":"2015-03-12T07:45:37","modified_gmt":"2015-03-12T07:45:37","slug":"seminario-sobre-roma-en-femenino","status":"publish","type":"page","link":"https:\/\/centros.unileon.es\/derecho\/seminario-sobre-roma-en-femenino\/","title":{"rendered":"Seminario sobre Roma en Femenino"},"content":{"rendered":"El \u00c1rea de Derecho Romano de la Facultad de Derecho organiza un Seminario sobre Roma en Femenino y una exposici\u00f3n sobre \u00abLa imagen de la mujer romana a trav\u00e9s del c\u00f3mic\u00bb, con reconocimiento de 1 cr\u00e9dito ECTS.\r\n\r\nSe celebrar\u00e1 los d\u00edas 13 y 19 de marzo de 2015 en la Facultad de Derecho.\r\n\r\nPara m\u00e1s informaci\u00f3n pinchar <a href=\"http:\/\/centros.unileon.es\/derecho\/files\/2015\/03\/Seminario-Roma-en-Femenino.pdf\">aqu\u00ed<\/a>.\r\n\r\n&nbsp;","protected":false},"excerpt":{"rendered":"<p>El \u00c1rea de Derecho Romano de la Facultad de Derecho organiza un Seminario sobre Roma en Femenino y una exposici\u00f3n sobre \u00abLa imagen de la mujer romana a trav\u00e9s del c\u00f3mic\u00bb, con reconocimiento de 1 cr\u00e9dito ECTS. Se celebrar\u00e1 los d\u00edas 13 y 19 de marzo de 2015 en la Facultad de Derecho. Para m\u00e1s [&hellip;]<\/p>\n","protected":false},"author":67,"featured_media":0,"parent":0,"menu_order":0,"comment_status":"closed","ping_status":"open","template":"","meta":{"footnotes":""},"class_list":["post-639","page","type-page","status-publish","hentry"],"_links":{"self":[{"href":"https:\/\/centros.unileon.es\/derecho\/wp-json\/wp\/v2\/pages\/639","targetHints":{"allow":["GET"]}}],"collection":[{"href":"https:\/\/centros.unileon.es\/derecho\/wp-json\/wp\/v2\/pages"}],"about":[{"href":"https:\/\/centros.unileon.es\/derecho\/wp-json\/wp\/v2\/types\/page"}],"author":[{"embeddable":true,"href":"https:\/\/centros.unileon.es\/derecho\/wp-json\/wp\/v2\/users\/67"}],"replies":[{"embeddable":true,"href":"https:\/\/centros.unileon.es\/derecho\/wp-json\/wp\/v2\/comments?post=639"}],"version-history":[{"count":1,"href":"https:\/\/centros.unileon.es\/derecho\/wp-json\/wp\/v2\/pages\/639\/revisions"}],"predecessor-version":[{"id":641,"href":"https:\/\/centros.unileon.es\/derecho\/wp-json\/wp\/v2\/pages\/639\/revisions\/641"}],"wp:attachment":[{"href":"https:\/\/centros.unileon.es\/derecho\/wp-json\/wp\/v2\/media?parent=639"}],"curies":[{"name":"wp","href":"https:\/\/api.w.org\/{rel}","templated":true}]}}