{"id":6325,"date":"2026-04-13T12:38:12","date_gmt":"2026-04-13T12:38:12","guid":{"rendered":"https:\/\/centros.unileon.es\/derecho\/?page_id=6325"},"modified":"2026-04-15T07:00:49","modified_gmt":"2026-04-15T07:00:49","slug":"datos-facturacion","status":"publish","type":"page","link":"https:\/\/centros.unileon.es\/derecho\/informacion-general\/datos-facturacion\/","title":{"rendered":"Datos para la Facturaci\u00f3n Electr\u00f3nica y Registro Contable"},"content":{"rendered":"<a href=\"https:\/\/face.gob.es\/es\/\" target=\"_blank\">Acceso a Plataforma para la facturaci\u00f3n electr\u00f3nica (FACE)<\/a>\r\n<br\/>\r\n<br\/> NIF Universidad de Le\u00f3n: Q2432001B\r\n<br\/>\r\n<br\/> C\u00f3digos DIR3 para el env\u00edo de  facturas a la Facultad de Derecho de la Universidad de Le\u00f3n:\r\n<ul>\r\n<li> Oficina Contable: GE0002288 SERVICIO DE GESTI\u00d3N PRESUPUESTARIA Y CONTABLE\r\n<li> \u00d3rgano Gestor: U00900001 UNIVERSIDAD DE LE\u00d3N\r\n<li> Unidad Tramitadora: GE0002293 FACULTAD DE DERECHO\r\n<li> Clave Org\u00e1nica para M\u00e1ster Univ. en Abogac\u00eda y Procura: 18.MP.34\r\n<\/ul>\r\n<br\/> Email de contacto: fdeadm@unileon.es\r\n<br\/> Telefonos: 98729-1355 \/ 1354 \/ 1357\r\n\r\n<\/p> \r\n","protected":false},"excerpt":{"rendered":"<p>Acceso a Plataforma para la facturaci\u00f3n electr\u00f3nica (FACE) NIF Universidad de Le\u00f3n: Q2432001B C\u00f3digos DIR3 para el env\u00edo de facturas a la Facultad de Derecho de la Universidad de Le\u00f3n: Oficina Contable: GE0002288 SERVICIO DE GESTI\u00d3N PRESUPUESTARIA Y CONTABLE \u00d3rgano Gestor: U00900001 UNIVERSIDAD DE LE\u00d3N Unidad Tramitadora: GE0002293 FACULTAD DE DERECHO Clave Org\u00e1nica para M\u00e1ster [&hellip;]<\/p>\n","protected":false},"author":513,"featured_media":0,"parent":2475,"menu_order":0,"comment_status":"closed","ping_status":"closed","template":"","meta":{"footnotes":""},"class_list":["post-6325","page","type-page","status-publish","hentry"],"_links":{"self":[{"href":"https:\/\/centros.unileon.es\/derecho\/wp-json\/wp\/v2\/pages\/6325","targetHints":{"allow":["GET"]}}],"collection":[{"href":"https:\/\/centros.unileon.es\/derecho\/wp-json\/wp\/v2\/pages"}],"about":[{"href":"https:\/\/centros.unileon.es\/derecho\/wp-json\/wp\/v2\/types\/page"}],"author":[{"embeddable":true,"href":"https:\/\/centros.unileon.es\/derecho\/wp-json\/wp\/v2\/users\/513"}],"replies":[{"embeddable":true,"href":"https:\/\/centros.unileon.es\/derecho\/wp-json\/wp\/v2\/comments?post=6325"}],"version-history":[{"count":18,"href":"https:\/\/centros.unileon.es\/derecho\/wp-json\/wp\/v2\/pages\/6325\/revisions"}],"predecessor-version":[{"id":6365,"href":"https:\/\/centros.unileon.es\/derecho\/wp-json\/wp\/v2\/pages\/6325\/revisions\/6365"}],"up":[{"embeddable":true,"href":"https:\/\/centros.unileon.es\/derecho\/wp-json\/wp\/v2\/pages\/2475"}],"wp:attachment":[{"href":"https:\/\/centros.unileon.es\/derecho\/wp-json\/wp\/v2\/media?parent=6325"}],"curies":[{"name":"wp","href":"https:\/\/api.w.org\/{rel}","templated":true}]}}