{"id":624,"date":"2015-02-24T21:02:55","date_gmt":"2015-02-24T21:02:55","guid":{"rendered":"http:\/\/centros.unileon.es\/derecho\/?page_id=624"},"modified":"2015-03-02T10:18:58","modified_gmt":"2015-03-02T10:18:58","slug":"seminario-sobre-trabajo-y-genero-2","status":"publish","type":"page","link":"https:\/\/centros.unileon.es\/derecho\/seminario-sobre-trabajo-y-genero-2\/","title":{"rendered":"Seminario sobre Trabajo y G\u00e9nero"},"content":{"rendered":"El \u00c1rea de Derecho del Trabajo y de la Seguridad Social, en colaboraci\u00f3n con el Instituto de la Mujer, organiza el Seminario Trabajo y G\u00e9nero sobre \u00abLa igualdad por raz\u00f3n de g\u00e9nero en los procesos de negociaci\u00f3n colectiva: An\u00e1lisis de la situaci\u00f3n actual y propuestas de futuro\u00bb, con reconocimiento de 2 cr\u00e9ditos ECTS y 3 cr\u00e9ditos LEC.\r\n\r\nFechas de celebraci\u00f3n: 16, 17, 18, 19 y 20 de marzo de 2015.\r\n\r\nLugar de celebraci\u00f3n: Sal\u00f3n de Grados de la Facultad de Derecho.\r\n\r\nPara m\u00e1s informaci\u00f3n pinchar <a href=\"http:\/\/centros.unileon.es\/derecho\/files\/2015\/02\/Programa-definitivo-igualdad-de-trato.pdf\">aqu\u00ed<\/a>.","protected":false},"excerpt":{"rendered":"<p>El \u00c1rea de Derecho del Trabajo y de la Seguridad Social, en colaboraci\u00f3n con el Instituto de la Mujer, organiza el Seminario Trabajo y G\u00e9nero sobre \u00abLa igualdad por raz\u00f3n de g\u00e9nero en los procesos de negociaci\u00f3n colectiva: An\u00e1lisis de la situaci\u00f3n actual y propuestas de futuro\u00bb, con reconocimiento de 2 cr\u00e9ditos ECTS y 3 [&hellip;]<\/p>\n","protected":false},"author":67,"featured_media":0,"parent":0,"menu_order":0,"comment_status":"closed","ping_status":"open","template":"","meta":{"footnotes":""},"class_list":["post-624","page","type-page","status-publish","hentry"],"_links":{"self":[{"href":"https:\/\/centros.unileon.es\/derecho\/wp-json\/wp\/v2\/pages\/624","targetHints":{"allow":["GET"]}}],"collection":[{"href":"https:\/\/centros.unileon.es\/derecho\/wp-json\/wp\/v2\/pages"}],"about":[{"href":"https:\/\/centros.unileon.es\/derecho\/wp-json\/wp\/v2\/types\/page"}],"author":[{"embeddable":true,"href":"https:\/\/centros.unileon.es\/derecho\/wp-json\/wp\/v2\/users\/67"}],"replies":[{"embeddable":true,"href":"https:\/\/centros.unileon.es\/derecho\/wp-json\/wp\/v2\/comments?post=624"}],"version-history":[{"count":2,"href":"https:\/\/centros.unileon.es\/derecho\/wp-json\/wp\/v2\/pages\/624\/revisions"}],"predecessor-version":[{"id":634,"href":"https:\/\/centros.unileon.es\/derecho\/wp-json\/wp\/v2\/pages\/624\/revisions\/634"}],"wp:attachment":[{"href":"https:\/\/centros.unileon.es\/derecho\/wp-json\/wp\/v2\/media?parent=624"}],"curies":[{"name":"wp","href":"https:\/\/api.w.org\/{rel}","templated":true}]}}