{"id":616,"date":"2015-01-14T10:21:57","date_gmt":"2015-01-14T10:21:57","guid":{"rendered":"http:\/\/centros.unileon.es\/derecho\/?page_id=616"},"modified":"2015-01-14T10:21:57","modified_gmt":"2015-01-14T10:21:57","slug":"seminario-sobre-el-proyecto-de-ley-de-jurisdiccion-voluntaria","status":"publish","type":"page","link":"https:\/\/centros.unileon.es\/derecho\/seminario-sobre-el-proyecto-de-ley-de-jurisdiccion-voluntaria\/","title":{"rendered":"Seminario sobre El Proyecto de Ley de Jurisdicci\u00f3n Voluntaria"},"content":{"rendered":"El \u00c1rea de Derecho Romano organiza un Seminario sobre \u00abEl Proyecto de Ley de Jurisdicci\u00f3n Voluntaria, de 1 de agosto de 2014\u00bb, impartido por el Prof. Dr. D. Antonio Fern\u00e1ndez De Buj\u00e1n.\r\n\r\nFecha de celebraci\u00f3n: 15 de enero de 2015\u00a0 a las 17 horas.\r\n\r\nLugar de celebraci\u00f3n: Sal\u00f3n de Grados de la Facultad de Derecho.\r\n\r\nPara m\u00e1s informaci\u00f3n pinchar <a href=\"http:\/\/centros.unileon.es\/derecho\/files\/2015\/01\/Seminario-Derecho-Romano.pdf\">aqu\u00ed<\/a>.","protected":false},"excerpt":{"rendered":"<p>El \u00c1rea de Derecho Romano organiza un Seminario sobre \u00abEl Proyecto de Ley de Jurisdicci\u00f3n Voluntaria, de 1 de agosto de 2014\u00bb, impartido por el Prof. Dr. D. Antonio Fern\u00e1ndez De Buj\u00e1n. Fecha de celebraci\u00f3n: 15 de enero de 2015\u00a0 a las 17 horas. Lugar de celebraci\u00f3n: Sal\u00f3n de Grados de la Facultad de Derecho. [&hellip;]<\/p>\n","protected":false},"author":67,"featured_media":0,"parent":0,"menu_order":0,"comment_status":"closed","ping_status":"open","template":"","meta":{"footnotes":""},"class_list":["post-616","page","type-page","status-publish","hentry"],"_links":{"self":[{"href":"https:\/\/centros.unileon.es\/derecho\/wp-json\/wp\/v2\/pages\/616","targetHints":{"allow":["GET"]}}],"collection":[{"href":"https:\/\/centros.unileon.es\/derecho\/wp-json\/wp\/v2\/pages"}],"about":[{"href":"https:\/\/centros.unileon.es\/derecho\/wp-json\/wp\/v2\/types\/page"}],"author":[{"embeddable":true,"href":"https:\/\/centros.unileon.es\/derecho\/wp-json\/wp\/v2\/users\/67"}],"replies":[{"embeddable":true,"href":"https:\/\/centros.unileon.es\/derecho\/wp-json\/wp\/v2\/comments?post=616"}],"version-history":[{"count":1,"href":"https:\/\/centros.unileon.es\/derecho\/wp-json\/wp\/v2\/pages\/616\/revisions"}],"predecessor-version":[{"id":618,"href":"https:\/\/centros.unileon.es\/derecho\/wp-json\/wp\/v2\/pages\/616\/revisions\/618"}],"wp:attachment":[{"href":"https:\/\/centros.unileon.es\/derecho\/wp-json\/wp\/v2\/media?parent=616"}],"curies":[{"name":"wp","href":"https:\/\/api.w.org\/{rel}","templated":true}]}}