{"id":6081,"date":"2025-12-03T07:12:06","date_gmt":"2025-12-03T07:12:06","guid":{"rendered":"https:\/\/centros.unileon.es\/derecho\/?page_id=6081"},"modified":"2025-12-03T07:12:09","modified_gmt":"2025-12-03T07:12:09","slug":"jornadas-sobre-la-inclusion-social-a-traves-de-la-renovacion-de-elementos-de-estructura-relacion-y-contenido-en-la-negociacion-colectiva-11-y-12-de-diciembre-de-2025","status":"publish","type":"page","link":"https:\/\/centros.unileon.es\/derecho\/jornadas-sobre-la-inclusion-social-a-traves-de-la-renovacion-de-elementos-de-estructura-relacion-y-contenido-en-la-negociacion-colectiva-11-y-12-de-diciembre-de-2025\/","title":{"rendered":"Jornadas sobre: La inclusi\u00f3n social a trav\u00e9s de la renovaci\u00f3n de elementos de estructura, relaci\u00f3n y contenido en la negociaci\u00f3n colectiva, 11 y 12 de diciembre de 2025"},"content":{"rendered":"<table style=\"border-collapse: collapse; width: 100%;\">\r\n<tbody>\r\n<tr>\r\n<td style=\"width: 50%;\"><a href=\"https:\/\/centros.unileon.es\/derecho\/files\/2025\/12\/2025.12.11.-Programa_Jornadas_Pagina_1.png\"><img loading=\"lazy\" decoding=\"async\" class=\"alignnone size-medium wp-image-6083\" src=\"https:\/\/centros.unileon.es\/derecho\/files\/2025\/12\/2025.12.11.-Programa_Jornadas_Pagina_1-232x300.png\" alt=\"\" width=\"232\" height=\"300\" srcset=\"https:\/\/centros.unileon.es\/derecho\/files\/2025\/12\/2025.12.11.-Programa_Jornadas_Pagina_1-232x300.png 232w, https:\/\/centros.unileon.es\/derecho\/files\/2025\/12\/2025.12.11.-Programa_Jornadas_Pagina_1-791x1024.png 791w, https:\/\/centros.unileon.es\/derecho\/files\/2025\/12\/2025.12.11.-Programa_Jornadas_Pagina_1-768x994.png 768w, https:\/\/centros.unileon.es\/derecho\/files\/2025\/12\/2025.12.11.-Programa_Jornadas_Pagina_1-1187x1536.png 1187w, https:\/\/centros.unileon.es\/derecho\/files\/2025\/12\/2025.12.11.-Programa_Jornadas_Pagina_1-1583x2048.png 1583w, https:\/\/centros.unileon.es\/derecho\/files\/2025\/12\/2025.12.11.-Programa_Jornadas_Pagina_1.png 1700w\" sizes=\"auto, (max-width: 232px) 100vw, 232px\" \/><\/a><\/td>\r\n<td style=\"width: 50%;\">\r\n<p style=\"text-align: justify;\">El Sal\u00f3n de Actos de las Facultades de Derecho y de Ciencias del Trabajo acoger\u00e1 los d\u00edas 11 y 12 de diciembre las Jornadas sobre: <strong>La inclusi\u00f3n social a trav\u00e9s de la renovaci\u00f3n de elementos de estructura, relaci\u00f3n y contenido en la negociaci\u00f3n colectiva.<\/strong><\/p>\r\n\r\n<ul>\r\n \t<li class=\"first-child\"><strong>Fecha y hora:<\/strong> 11 y 12 de diciembre, de 10:00 a 14:00 hs.<\/li>\r\n \t<li><strong>Lugar:<\/strong> Sal\u00f3n de Grados de la Facultad de Derecho de la Universidad de Le\u00f3n.<\/li>\r\n \t<li class=\"last-child\"><strong>Entrada: <\/strong>Libre hasta completar el aforo.<\/li>\r\n \t<li><a href=\"https:\/\/centros.unileon.es\/derecho\/files\/2025\/12\/2025.12.11.-Programa_Jornadas.pdf\">Programa e Inscripciones<\/a><\/li>\r\n<\/ul>\r\n<\/td>\r\n<\/tr>\r\n<\/tbody>\r\n<\/table>\r\n&nbsp;\r\n\r\n&nbsp;\r\n\r\n&nbsp;","protected":false},"excerpt":{"rendered":"<p>El Sal\u00f3n de Actos de las Facultades de Derecho y de Ciencias del Trabajo acoger\u00e1 los d\u00edas 11 y 12 de diciembre las Jornadas sobre: La inclusi\u00f3n social a trav\u00e9s de la renovaci\u00f3n de elementos de estructura, relaci\u00f3n y contenido en la negociaci\u00f3n colectiva. Fecha y hora: 11 y 12 de diciembre, de 10:00 a [&hellip;]<\/p>\n","protected":false},"author":149,"featured_media":0,"parent":0,"menu_order":0,"comment_status":"closed","ping_status":"closed","template":"","meta":{"footnotes":""},"class_list":["post-6081","page","type-page","status-publish","hentry"],"_links":{"self":[{"href":"https:\/\/centros.unileon.es\/derecho\/wp-json\/wp\/v2\/pages\/6081","targetHints":{"allow":["GET"]}}],"collection":[{"href":"https:\/\/centros.unileon.es\/derecho\/wp-json\/wp\/v2\/pages"}],"about":[{"href":"https:\/\/centros.unileon.es\/derecho\/wp-json\/wp\/v2\/types\/page"}],"author":[{"embeddable":true,"href":"https:\/\/centros.unileon.es\/derecho\/wp-json\/wp\/v2\/users\/149"}],"replies":[{"embeddable":true,"href":"https:\/\/centros.unileon.es\/derecho\/wp-json\/wp\/v2\/comments?post=6081"}],"version-history":[{"count":1,"href":"https:\/\/centros.unileon.es\/derecho\/wp-json\/wp\/v2\/pages\/6081\/revisions"}],"predecessor-version":[{"id":6085,"href":"https:\/\/centros.unileon.es\/derecho\/wp-json\/wp\/v2\/pages\/6081\/revisions\/6085"}],"wp:attachment":[{"href":"https:\/\/centros.unileon.es\/derecho\/wp-json\/wp\/v2\/media?parent=6081"}],"curies":[{"name":"wp","href":"https:\/\/api.w.org\/{rel}","templated":true}]}}