{"id":6050,"date":"2025-11-24T11:46:29","date_gmt":"2025-11-24T11:46:29","guid":{"rendered":"https:\/\/centros.unileon.es\/derecho\/?page_id=6050"},"modified":"2025-11-24T11:48:47","modified_gmt":"2025-11-24T11:48:47","slug":"iv-edicion-de-conversaciones-en-torno-a-un-estado-palestino","status":"publish","type":"page","link":"https:\/\/centros.unileon.es\/derecho\/iv-edicion-de-conversaciones-en-torno-a-un-estado-palestino\/","title":{"rendered":"IV Edici\u00f3n de Conversaciones en torno a&#8230; Un Estado palestino, 27 de noviembre de 2025"},"content":{"rendered":"<table style=\"border-collapse: collapse; width: 100%;\">\r\n<tbody>\r\n<tr>\r\n<td style=\"width: 50%;\"><a href=\"https:\/\/centros.unileon.es\/derecho\/files\/2025\/11\/2025.11.27.-Cartel-27-Noviembre-scaled.png\"><img loading=\"lazy\" decoding=\"async\" class=\"alignnone size-medium wp-image-6051\" src=\"https:\/\/centros.unileon.es\/derecho\/files\/2025\/11\/2025.11.27.-Cartel-27-Noviembre-300x169.png\" alt=\"\" width=\"300\" height=\"169\" srcset=\"https:\/\/centros.unileon.es\/derecho\/files\/2025\/11\/2025.11.27.-Cartel-27-Noviembre-300x169.png 300w, https:\/\/centros.unileon.es\/derecho\/files\/2025\/11\/2025.11.27.-Cartel-27-Noviembre-1024x576.png 1024w, https:\/\/centros.unileon.es\/derecho\/files\/2025\/11\/2025.11.27.-Cartel-27-Noviembre-768x432.png 768w, https:\/\/centros.unileon.es\/derecho\/files\/2025\/11\/2025.11.27.-Cartel-27-Noviembre-1536x864.png 1536w, https:\/\/centros.unileon.es\/derecho\/files\/2025\/11\/2025.11.27.-Cartel-27-Noviembre-2048x1152.png 2048w\" sizes=\"auto, (max-width: 300px) 100vw, 300px\" \/><\/a><\/td>\r\n<td style=\"width: 50%;\">El Sal\u00f3n de Grados de la Facultad de Derecho acoge la actividad acad\u00e9mica \u00abConversaciones en torno a un Estado Palestino\u00bb, que tendr\u00e1 lugar el d\u00eda 27 de noviembre a las 11 horas. Se adjunta cartel de la actividad.\r\n<ul>\r\n \t<li class=\"first-child\"><strong>Fecha y hora:<\/strong> 27 de noviembre, 11:00 h.<\/li>\r\n \t<li><strong>Lugar:<\/strong> Sal\u00f3n de Grados de la Facultad de Derecho de la Universidad de Le\u00f3n.<\/li>\r\n \t<li class=\"last-child\"><strong>Entrada: <\/strong>Libre hasta completar el aforo.<\/li>\r\n<\/ul>\r\n<\/td>\r\n<\/tr>\r\n<\/tbody>\r\n<\/table>\r\n&nbsp;\r\n\r\nIntervendr\u00e1:\r\n<ul>\r\n \t<li>Dr. David Villar Vegas, Departamento de Ling\u00fc\u00edstica y Estudios Orientales de la Universidad Complutense de Madrid.<\/li>\r\n \t<li>Alejandro D\u00edez Guti\u00e9rrez, Investigador Predoctoral en Formaci\u00f3n, Universidad de Le\u00f3n.<\/li>\r\n<\/ul>\r\nDirecci\u00f3n y organizaci\u00f3n:\r\n<ul>\r\n \t<li>Profs. Alejandro D\u00edez Guti\u00e9rrez \u2013 Aurelia \u00c1lvarez Rodr\u00edguez.<\/li>\r\n<\/ul>\r\nSecretar\u00eda:\r\n<ul>\r\n \t<li>Profs. Selene De La Fuente Garc\u00eda \u2013 Paulino C\u00e9sar Pardo Prieto.<\/li>\r\n<\/ul>\r\nColaboran:\r\n<ul>\r\n \t<li>ULE-INNAIN (Grupo de Investigaci\u00f3n relativo a la regulaci\u00f3n de los flujos migratorios: Inmigraci\u00f3n-Nacionalidad-Integraci\u00f3n).<\/li>\r\n \t<li>Grupo de Innovaci\u00f3n docente de la ULE \u201cinmigraci\u00f3n, nacionalidad e interculturalidad\u201d (GID-INI).<\/li>\r\n \t<li>Facultad de Derecho de la Universidad de Le\u00f3n.<\/li>\r\n<\/ul>","protected":false},"excerpt":{"rendered":"<p>El Sal\u00f3n de Grados de la Facultad de Derecho acoge la actividad acad\u00e9mica \u00abConversaciones en torno a un Estado Palestino\u00bb, que tendr\u00e1 lugar el d\u00eda 27 de noviembre a las 11 horas. Se adjunta cartel de la actividad. Fecha y hora: 27 de noviembre, 11:00 h. Lugar: Sal\u00f3n de Grados de la Facultad de Derecho [&hellip;]<\/p>\n","protected":false},"author":149,"featured_media":0,"parent":0,"menu_order":0,"comment_status":"closed","ping_status":"closed","template":"","meta":{"footnotes":""},"class_list":["post-6050","page","type-page","status-publish","hentry"],"_links":{"self":[{"href":"https:\/\/centros.unileon.es\/derecho\/wp-json\/wp\/v2\/pages\/6050","targetHints":{"allow":["GET"]}}],"collection":[{"href":"https:\/\/centros.unileon.es\/derecho\/wp-json\/wp\/v2\/pages"}],"about":[{"href":"https:\/\/centros.unileon.es\/derecho\/wp-json\/wp\/v2\/types\/page"}],"author":[{"embeddable":true,"href":"https:\/\/centros.unileon.es\/derecho\/wp-json\/wp\/v2\/users\/149"}],"replies":[{"embeddable":true,"href":"https:\/\/centros.unileon.es\/derecho\/wp-json\/wp\/v2\/comments?post=6050"}],"version-history":[{"count":2,"href":"https:\/\/centros.unileon.es\/derecho\/wp-json\/wp\/v2\/pages\/6050\/revisions"}],"predecessor-version":[{"id":6055,"href":"https:\/\/centros.unileon.es\/derecho\/wp-json\/wp\/v2\/pages\/6050\/revisions\/6055"}],"wp:attachment":[{"href":"https:\/\/centros.unileon.es\/derecho\/wp-json\/wp\/v2\/media?parent=6050"}],"curies":[{"name":"wp","href":"https:\/\/api.w.org\/{rel}","templated":true}]}}