{"id":605,"date":"2014-11-27T13:14:16","date_gmt":"2014-11-27T13:14:16","guid":{"rendered":"http:\/\/centros.unileon.es\/derecho\/?page_id=605"},"modified":"2014-11-27T13:14:16","modified_gmt":"2014-11-27T13:14:16","slug":"jornadas-interuniversitarias-sobre-copago-judicial","status":"publish","type":"page","link":"https:\/\/centros.unileon.es\/derecho\/jornadas-interuniversitarias-sobre-copago-judicial\/","title":{"rendered":"Jornadas Interuniversitarias sobre Copago Judicial"},"content":{"rendered":"El \u00c1rea de Derecho Financiero y Tributario, en colaboraci\u00f3n con el Ilustre Colegio de Abogados de Le\u00f3n y la Universidad de Alcal\u00e1, organiza unas Jornadas Interuniversitarias sobre Copago Judicial.\r\n\r\nFecha de celebraci\u00f3n: 27 de noviembre de 2014.\r\n\r\nLugar de celebraci\u00f3n: Sal\u00f3n de Grados de la Facultad de Derecho.\r\n\r\nPara m\u00e1s informaci\u00f3n pinchar <a href=\"http:\/\/centros.unileon.es\/derecho\/files\/2014\/11\/Cartel-jornada-de-leon-2014-abogac\u00eda.pdf\">aqu\u00ed<\/a>.","protected":false},"excerpt":{"rendered":"<p>El \u00c1rea de Derecho Financiero y Tributario, en colaboraci\u00f3n con el Ilustre Colegio de Abogados de Le\u00f3n y la Universidad de Alcal\u00e1, organiza unas Jornadas Interuniversitarias sobre Copago Judicial. Fecha de celebraci\u00f3n: 27 de noviembre de 2014. Lugar de celebraci\u00f3n: Sal\u00f3n de Grados de la Facultad de Derecho. Para m\u00e1s informaci\u00f3n pinchar aqu\u00ed.<\/p>\n","protected":false},"author":67,"featured_media":0,"parent":0,"menu_order":0,"comment_status":"closed","ping_status":"open","template":"","meta":{"footnotes":""},"class_list":["post-605","page","type-page","status-publish","hentry"],"_links":{"self":[{"href":"https:\/\/centros.unileon.es\/derecho\/wp-json\/wp\/v2\/pages\/605","targetHints":{"allow":["GET"]}}],"collection":[{"href":"https:\/\/centros.unileon.es\/derecho\/wp-json\/wp\/v2\/pages"}],"about":[{"href":"https:\/\/centros.unileon.es\/derecho\/wp-json\/wp\/v2\/types\/page"}],"author":[{"embeddable":true,"href":"https:\/\/centros.unileon.es\/derecho\/wp-json\/wp\/v2\/users\/67"}],"replies":[{"embeddable":true,"href":"https:\/\/centros.unileon.es\/derecho\/wp-json\/wp\/v2\/comments?post=605"}],"version-history":[{"count":1,"href":"https:\/\/centros.unileon.es\/derecho\/wp-json\/wp\/v2\/pages\/605\/revisions"}],"predecessor-version":[{"id":607,"href":"https:\/\/centros.unileon.es\/derecho\/wp-json\/wp\/v2\/pages\/605\/revisions\/607"}],"wp:attachment":[{"href":"https:\/\/centros.unileon.es\/derecho\/wp-json\/wp\/v2\/media?parent=605"}],"curies":[{"name":"wp","href":"https:\/\/api.w.org\/{rel}","templated":true}]}}