{"id":6037,"date":"2025-11-24T11:19:35","date_gmt":"2025-11-24T11:19:35","guid":{"rendered":"https:\/\/centros.unileon.es\/derecho\/?page_id=6037"},"modified":"2025-11-24T11:29:29","modified_gmt":"2025-11-24T11:29:29","slug":"jornada-homenaje-a-la-constitucion-en-su-47o-aniversario-y-presentacion-de-la-catedra-de-parlamentarismo-25-de-noviembre-de-2025","status":"publish","type":"page","link":"https:\/\/centros.unileon.es\/derecho\/jornada-homenaje-a-la-constitucion-en-su-47o-aniversario-y-presentacion-de-la-catedra-de-parlamentarismo-25-de-noviembre-de-2025\/","title":{"rendered":"Jornada Homenaje a la Constituci\u00f3n en su 47\u00ba aniversario y presentaci\u00f3n de la C\u00e1tedra de Parlamentarismo, 25 de noviembre de 2025"},"content":{"rendered":"<table style=\"border-collapse: collapse; width: 85.1786%; height: 234px;\">\r\n<tbody>\r\n<tr>\r\n<td style=\"width: 50%;\"><a href=\"https:\/\/centros.unileon.es\/derecho\/files\/2025\/11\/2025.11.25-noviembre-CARTEL-scaled.png\"><img loading=\"lazy\" decoding=\"async\" class=\"alignnone size-medium wp-image-6039\" src=\"https:\/\/centros.unileon.es\/derecho\/files\/2025\/11\/2025.11.25-noviembre-CARTEL-150x300.png\" alt=\"\" width=\"150\" height=\"300\" srcset=\"https:\/\/centros.unileon.es\/derecho\/files\/2025\/11\/2025.11.25-noviembre-CARTEL-150x300.png 150w, https:\/\/centros.unileon.es\/derecho\/files\/2025\/11\/2025.11.25-noviembre-CARTEL-512x1024.png 512w, https:\/\/centros.unileon.es\/derecho\/files\/2025\/11\/2025.11.25-noviembre-CARTEL-768x1536.png 768w, https:\/\/centros.unileon.es\/derecho\/files\/2025\/11\/2025.11.25-noviembre-CARTEL-1024x2048.png 1024w, https:\/\/centros.unileon.es\/derecho\/files\/2025\/11\/2025.11.25-noviembre-CARTEL-scaled.png 1280w\" sizes=\"auto, (max-width: 150px) 100vw, 150px\" \/><\/a><\/td>\r\n<td style=\"width: 50%;\">El Sal\u00f3n de Grados de la Facultad de Derecho de la Universidad de Le\u00f3n acoge la Jornada Homenaje a la Constituci\u00f3n en su 47\u00ba aniversario. En el Acto tendr\u00e1 lugar la presentaci\u00f3n de la C\u00e1tedra de Parlamentarismo.\r\n<ul>\r\n \t<li class=\"first-child\"><strong>Fecha y hora:<\/strong> 25 de noviembre, 11:00 h.<\/li>\r\n \t<li><strong>Lugar:<\/strong> Sal\u00f3n de Grados de la Facultad de Derecho de la Universidad de Le\u00f3n.<\/li>\r\n \t<li class=\"last-child\"><strong>Entrada: <\/strong>Libre hasta completar el aforo.<\/li>\r\n<\/ul>\r\n<\/td>\r\n<\/tr>\r\n<\/tbody>\r\n<\/table>\r\n<strong>Con motivo del 47\u00ba Aniversario de la Constituci\u00f3n, se debatir\u00e1 sobre: Constituci\u00f3n y Parlamento.<\/strong>\r\n\r\nEl Acto contar\u00e1 con la Intervenci\u00f3n de:\r\n<ul>\r\n \t<li>D. AGUST\u00cdN S\u00c1NCHEZ DE VEGA GARC\u00cdA, Presidente del Consejo Consultivo de Castilla y Le\u00f3n y profesor de Derecho Constitucional de la Universidad de Salamanca.<\/li>\r\n \t<li>D\u00aa. \u00c1NGELA FIGUERUELO BURRIEZA, Catedr\u00e1tica de Derecho Constitucional de la Universidad de Salamanca.<\/li>\r\n \t<li>D. FERNANDO REY MART\u00cdNEZ, Catedr\u00e1tico de Derecho Constitucional de la Universidad de Valladolid. Ex Consejero de Educaci\u00f3n de la Junta de Castilla y Le\u00f3n.<\/li>\r\n \t<li>D.\u00aa ESTHER SEIJAS VILLADANGOS, Catedr\u00e1tica de Derecho Constitucional de la Universidad de Le\u00f3n. Directora de la C\u00e1tedra de Parlamentarismo.<\/li>\r\n<\/ul>\r\nPresiden:\r\n<ul>\r\n \t<li>D. CARLOS POLL\u00c1N FERN\u00c1NDEZ, Presidente de las Cortes de Castilla y Le\u00f3n y de la Fundaci\u00f3n de Castilla y Le\u00f3n.<\/li>\r\n \t<li>D\u00aa RAQUEL DOM\u00cdNGUEZ FERN\u00c1NDEZ. VICERRECTORA DE INCLUSION IGUALDAD Y PROYECCION SOCIAL Universidad de Le\u00f3n<\/li>\r\n<\/ul>\r\nOrganiza:\r\n<ul>\r\n \t<li>C\u00e1tedra de Parlamentarismo<\/li>\r\n \t<li>Consejo Consultivo de Castilla y Le\u00f3n<\/li>\r\n \t<li>Universidad de Le\u00f3n<\/li>\r\n \t<li>Fundaci\u00f3n de Castilla y Le\u00f3n<\/li>\r\n<\/ul>\r\n&nbsp;\r\n\r\n&nbsp;","protected":false},"excerpt":{"rendered":"<p>El Sal\u00f3n de Grados de la Facultad de Derecho de la Universidad de Le\u00f3n acoge la Jornada Homenaje a la Constituci\u00f3n en su 47\u00ba aniversario. En el Acto tendr\u00e1 lugar la presentaci\u00f3n de la C\u00e1tedra de Parlamentarismo. Fecha y hora: 25 de noviembre, 11:00 h. Lugar: Sal\u00f3n de Grados de la Facultad de Derecho de [&hellip;]<\/p>\n","protected":false},"author":149,"featured_media":0,"parent":0,"menu_order":0,"comment_status":"closed","ping_status":"closed","template":"","meta":{"footnotes":""},"class_list":["post-6037","page","type-page","status-publish","hentry"],"_links":{"self":[{"href":"https:\/\/centros.unileon.es\/derecho\/wp-json\/wp\/v2\/pages\/6037","targetHints":{"allow":["GET"]}}],"collection":[{"href":"https:\/\/centros.unileon.es\/derecho\/wp-json\/wp\/v2\/pages"}],"about":[{"href":"https:\/\/centros.unileon.es\/derecho\/wp-json\/wp\/v2\/types\/page"}],"author":[{"embeddable":true,"href":"https:\/\/centros.unileon.es\/derecho\/wp-json\/wp\/v2\/users\/149"}],"replies":[{"embeddable":true,"href":"https:\/\/centros.unileon.es\/derecho\/wp-json\/wp\/v2\/comments?post=6037"}],"version-history":[{"count":3,"href":"https:\/\/centros.unileon.es\/derecho\/wp-json\/wp\/v2\/pages\/6037\/revisions"}],"predecessor-version":[{"id":6043,"href":"https:\/\/centros.unileon.es\/derecho\/wp-json\/wp\/v2\/pages\/6037\/revisions\/6043"}],"wp:attachment":[{"href":"https:\/\/centros.unileon.es\/derecho\/wp-json\/wp\/v2\/media?parent=6037"}],"curies":[{"name":"wp","href":"https:\/\/api.w.org\/{rel}","templated":true}]}}