{"id":6009,"date":"2025-10-30T20:45:04","date_gmt":"2025-10-30T20:45:04","guid":{"rendered":"https:\/\/centros.unileon.es\/derecho\/?page_id=6009"},"modified":"2025-10-30T20:59:31","modified_gmt":"2025-10-30T20:59:31","slug":"jornada-sobre-la-accion-tutelar-de-la-union-europea-en-tecnologias-disruptivas-31-de-octubre-de-2025","status":"publish","type":"page","link":"https:\/\/centros.unileon.es\/derecho\/jornada-sobre-la-accion-tutelar-de-la-union-europea-en-tecnologias-disruptivas-31-de-octubre-de-2025\/","title":{"rendered":"Jornada sobre la Acci\u00f3n Tutelar de la Uni\u00f3n Europea en Tecnolog\u00edas Disruptivas, 31 de octubre de 2025"},"content":{"rendered":"<div>\r\n<table style=\"border-collapse: collapse; width: 100%;\">\r\n<tbody>\r\n<tr>\r\n<td style=\"width: 53.2143%;\"><a href=\"https:\/\/centros.unileon.es\/derecho\/files\/2025\/10\/Programa-General-scaled.jpg\"><img loading=\"lazy\" decoding=\"async\" class=\"alignnone wp-image-6010\" src=\"https:\/\/centros.unileon.es\/derecho\/files\/2025\/10\/Programa-General-212x300.jpg\" alt=\"\" width=\"405\" height=\"574\" srcset=\"https:\/\/centros.unileon.es\/derecho\/files\/2025\/10\/Programa-General-212x300.jpg 212w, https:\/\/centros.unileon.es\/derecho\/files\/2025\/10\/Programa-General-724x1024.jpg 724w, https:\/\/centros.unileon.es\/derecho\/files\/2025\/10\/Programa-General-768x1086.jpg 768w, https:\/\/centros.unileon.es\/derecho\/files\/2025\/10\/Programa-General-1086x1536.jpg 1086w, https:\/\/centros.unileon.es\/derecho\/files\/2025\/10\/Programa-General-1448x2048.jpg 1448w, https:\/\/centros.unileon.es\/derecho\/files\/2025\/10\/Programa-General-scaled.jpg 1810w\" sizes=\"auto, (max-width: 405px) 100vw, 405px\" \/><\/a><\/td>\r\n<td style=\"width: 46.7857%;\">\r\n<p style=\"text-align: justify;\">La Facultad de Derecho acoge ma\u00f1ana viernes 31 de octubre la <b>Jornada Nacional sobre Acci\u00f3n Tutelar de la Uni\u00f3n Europea en Tecnolog\u00edas Disruptivas \u00bfC\u00f3mo protege la Uni\u00f3n Europea a la ciudadan\u00eda ante la irrupci\u00f3n tecnol\u00f3gica?<\/b>, organizada por el \u00c1rea de Relaciones Internacionales y Compromiso Global de la Universidad de Le\u00f3n y financiada por la Junta de Castilla y Le\u00f3n.<\/p>\r\n&nbsp;\r\n<ul>\r\n \t<li style=\"text-align: justify;\"><strong>Fecha y hora:<\/strong> 31 de octubre, 16:00- 20:00 h.<\/li>\r\n \t<li style=\"text-align: justify;\"><strong>Lugar:<\/strong> Sal\u00f3n de Grados de la Facultad de Derecho de la Universidad de Le\u00f3n.<\/li>\r\n \t<li style=\"text-align: justify;\"><strong>Inscripciones:<\/strong> a trav\u00e9s del enlace: <a href=\"https:\/\/forms.gle\/ovYvCBRiBUJWmghG7\" target=\"_blank\" rel=\"noopener\" data-saferedirecturl=\"https:\/\/www.google.com\/url?q=https:\/\/forms.gle\/ovYvCBRiBUJWmghG7&amp;source=gmail&amp;ust=1761933385112000&amp;usg=AOvVaw2ZnSg-a5dwD3OfsewiFGmt\">https:\/\/forms.gle\/<wbr \/>ovYvCBRiBUJWmghG7<\/a><\/li>\r\n<\/ul>\r\n<\/td>\r\n<\/tr>\r\n<\/tbody>\r\n<\/table>\r\n<\/div>\r\n<div><\/div>\r\n<div><\/div>\r\n&nbsp;\r\n<h3 style=\"text-align: justify;\">PROGRAMA<\/h3>\r\n<p style=\"text-align: justify;\"><strong>16:00-16:30 hs. INAUGURACI\u00d3N<\/strong><\/p>\r\n<p style=\"padding-left: 40px; text-align: justify;\"><strong>16:30-18:00 PRIMERA MESA<\/strong><\/p>\r\n<p style=\"padding-left: 40px; text-align: justify;\">IB\u00c1N GARC\u00cdA DEL BLANCO, Director Internacional de <em>Lasker<\/em>.<\/p>\r\n<p style=\"padding-left: 40px; text-align: justify;\"><em>El Reglamento Europeo de Inteligencia Artificial: g\u00e9nesis, desarrollo y contexto global<\/em><\/p>\r\n<p style=\"padding-left: 40px; text-align: justify;\">SELVA OREJ\u00d3N LOZANO, Directora OnBranding.<\/p>\r\n<p style=\"padding-left: 40px; text-align: justify;\"><em>Inteligencia Artificial y Cibercrimen<\/em><\/p>\r\n<p style=\"padding-left: 40px; text-align: justify;\">JOAQU\u00cdN DAVID RODR\u00cdGUEZ \u00c1LVAREZ, Investigador C\u00e1tedra Manuel Ballb\u00e9 en Seguridad humana y Derecho global.<\/p>\r\n<p style=\"padding-left: 40px; text-align: justify;\"><em>Guerra h\u00edbrida y militarizaci\u00f3n de la Inteligencia Artificial: riesgos, asimetr\u00edas y urgencias \u00e9ticas<\/em><\/p>\r\n<p style=\"text-align: justify;\"><strong>18:30-20:00 SEGUNDA MESA<\/strong><\/p>\r\n<p style=\"padding-left: 40px; text-align: justify;\">JOS\u00c9 MAR\u00cdA GOERLICH PESET, Catedr\u00e1tico de Derecho del Trabajo y de la Seguridad Social de la Universidad de Valencia.<\/p>\r\n<p style=\"padding-left: 40px; text-align: justify;\"><em>La Inteligencia Artificial en las relaciones laborales: desaf\u00edos y respuestas<\/em><\/p>\r\n<p style=\"padding-left: 40px; text-align: justify;\">JANAINA MU\u00d1IZ DA SILVA, Professora Universidade do Estado da Bahia (UNEB-Brasil).<\/p>\r\n<p style=\"padding-left: 40px; text-align: justify;\"><em>Democracia, Estado de Derecho, procesos electorales e impacto del uso de la Inteligencia Artificial y las nuevas tecnolog\u00edas en los resultados de las elecciones<\/em><\/p>\r\n<p style=\"padding-left: 40px; text-align: justify;\">BEL\u00c9N LIEDO FERN\u00c1NDEZ, Investigadora Grupo de Investigaci\u00f3n en \u00c9tica de la Donaci\u00f3n y el Trasplante de \u00d3rganos (INEDYTO).<\/p>\r\n<p style=\"padding-left: 40px; text-align: justify;\"><em>An\u00e1lisis \u00e9tico-pol\u00edtico de la tecnolog\u00eda asistencial desde la \u00e9tica del cuidado<\/em><\/p>\r\n<p style=\"text-align: justify;\"><\/p>\r\n&nbsp;","protected":false},"excerpt":{"rendered":"<p>La Facultad de Derecho acoge ma\u00f1ana viernes 31 de octubre la Jornada Nacional sobre Acci\u00f3n Tutelar de la Uni\u00f3n Europea en Tecnolog\u00edas Disruptivas \u00bfC\u00f3mo protege la Uni\u00f3n Europea a la ciudadan\u00eda ante la irrupci\u00f3n tecnol\u00f3gica?, organizada por el \u00c1rea de Relaciones Internacionales y Compromiso Global de la Universidad de Le\u00f3n y financiada por la Junta [&hellip;]<\/p>\n","protected":false},"author":149,"featured_media":0,"parent":0,"menu_order":0,"comment_status":"closed","ping_status":"closed","template":"","meta":{"footnotes":""},"class_list":["post-6009","page","type-page","status-publish","hentry"],"_links":{"self":[{"href":"https:\/\/centros.unileon.es\/derecho\/wp-json\/wp\/v2\/pages\/6009","targetHints":{"allow":["GET"]}}],"collection":[{"href":"https:\/\/centros.unileon.es\/derecho\/wp-json\/wp\/v2\/pages"}],"about":[{"href":"https:\/\/centros.unileon.es\/derecho\/wp-json\/wp\/v2\/types\/page"}],"author":[{"embeddable":true,"href":"https:\/\/centros.unileon.es\/derecho\/wp-json\/wp\/v2\/users\/149"}],"replies":[{"embeddable":true,"href":"https:\/\/centros.unileon.es\/derecho\/wp-json\/wp\/v2\/comments?post=6009"}],"version-history":[{"count":8,"href":"https:\/\/centros.unileon.es\/derecho\/wp-json\/wp\/v2\/pages\/6009\/revisions"}],"predecessor-version":[{"id":6023,"href":"https:\/\/centros.unileon.es\/derecho\/wp-json\/wp\/v2\/pages\/6009\/revisions\/6023"}],"wp:attachment":[{"href":"https:\/\/centros.unileon.es\/derecho\/wp-json\/wp\/v2\/media?parent=6009"}],"curies":[{"name":"wp","href":"https:\/\/api.w.org\/{rel}","templated":true}]}}