{"id":5990,"date":"2025-10-13T09:12:02","date_gmt":"2025-10-13T09:12:02","guid":{"rendered":"https:\/\/centros.unileon.es\/derecho\/?page_id=5990"},"modified":"2025-10-13T09:13:06","modified_gmt":"2025-10-13T09:13:06","slug":"ii-congreso-internacional-hispano-brasileno-14-de-octubre-de-2025","status":"publish","type":"page","link":"https:\/\/centros.unileon.es\/derecho\/ii-congreso-internacional-hispano-brasileno-14-de-octubre-de-2025\/","title":{"rendered":"II Congreso Internacional Hispano-Brasile\u00f1o, 14 de octubre de 2025"},"content":{"rendered":"<strong>II CONGRESO INTERNACIONAL HISPANO-BRASILE\u00d1O: HACIA UNA JUSTICIA M\u00c1S EFICIENTE.<\/strong>\r\n\r\nLa Facultad de Derecho de la Universidad de Le\u00f3n acoge el II Congreso Hispano-Brasile\u00f1o bajo el t\u00edtulo: Hacia una justicia m\u00e1s eficiente.\r\n\r\n<a href=\"https:\/\/centros.unileon.es\/derecho\/files\/2025\/10\/2025.10.14.-PROGRAMA-II-CONGRESO-INTERNACIONAL-HISPANO-BRASILENO-HACIA-UNA-JUSTICIA-MAS-EFICIENTE.pdf\">PROGRAMA II CONGRESO INTERNACIONAL HISPANO-BRASILE\u00d1O<\/a>\r\n<ul>\r\n \t<li>Fecha y Hora: 14 de octubre de 2025, 08:30 a 19:30.<\/li>\r\n \t<li>Lugar: Sal\u00f3n de Grados de las Facultades de Derecho y Ciencias del Trabajo de la Universidad de Le\u00f3n.<\/li>\r\n \t<li>Informaci\u00f3n e Inscripciones: ulesci@unileon.es<\/li>\r\n<\/ul>\r\nReconocido 1 cr\u00e9dito ECTS.\r\n\r\n&nbsp;\r\n\r\n&nbsp;","protected":false},"excerpt":{"rendered":"<p>II CONGRESO INTERNACIONAL HISPANO-BRASILE\u00d1O: HACIA UNA JUSTICIA M\u00c1S EFICIENTE. La Facultad de Derecho de la Universidad de Le\u00f3n acoge el II Congreso Hispano-Brasile\u00f1o bajo el t\u00edtulo: Hacia una justicia m\u00e1s eficiente. PROGRAMA II CONGRESO INTERNACIONAL HISPANO-BRASILE\u00d1O Fecha y Hora: 14 de octubre de 2025, 08:30 a 19:30. Lugar: Sal\u00f3n de Grados de las Facultades de [&hellip;]<\/p>\n","protected":false},"author":149,"featured_media":0,"parent":0,"menu_order":0,"comment_status":"closed","ping_status":"closed","template":"","meta":{"footnotes":""},"class_list":["post-5990","page","type-page","status-publish","hentry"],"_links":{"self":[{"href":"https:\/\/centros.unileon.es\/derecho\/wp-json\/wp\/v2\/pages\/5990","targetHints":{"allow":["GET"]}}],"collection":[{"href":"https:\/\/centros.unileon.es\/derecho\/wp-json\/wp\/v2\/pages"}],"about":[{"href":"https:\/\/centros.unileon.es\/derecho\/wp-json\/wp\/v2\/types\/page"}],"author":[{"embeddable":true,"href":"https:\/\/centros.unileon.es\/derecho\/wp-json\/wp\/v2\/users\/149"}],"replies":[{"embeddable":true,"href":"https:\/\/centros.unileon.es\/derecho\/wp-json\/wp\/v2\/comments?post=5990"}],"version-history":[{"count":2,"href":"https:\/\/centros.unileon.es\/derecho\/wp-json\/wp\/v2\/pages\/5990\/revisions"}],"predecessor-version":[{"id":5993,"href":"https:\/\/centros.unileon.es\/derecho\/wp-json\/wp\/v2\/pages\/5990\/revisions\/5993"}],"wp:attachment":[{"href":"https:\/\/centros.unileon.es\/derecho\/wp-json\/wp\/v2\/media?parent=5990"}],"curies":[{"name":"wp","href":"https:\/\/api.w.org\/{rel}","templated":true}]}}