{"id":5973,"date":"2025-10-13T08:46:28","date_gmt":"2025-10-13T08:46:28","guid":{"rendered":"https:\/\/centros.unileon.es\/derecho\/?page_id=5973"},"modified":"2025-10-13T08:46:31","modified_gmt":"2025-10-13T08:46:31","slug":"dos-profesoras-de-la-ule-galardonadas-con-dos-primeros-premios-del-centro-de-estudios-financieros-cef","status":"publish","type":"page","link":"https:\/\/centros.unileon.es\/derecho\/dos-profesoras-de-la-ule-galardonadas-con-dos-primeros-premios-del-centro-de-estudios-financieros-cef\/","title":{"rendered":"Dos profesoras de la ULE, galardonadas con dos Primeros Premios del Centro de Estudios Financieros (CEF)"},"content":{"rendered":"<p style=\"text-align: justify;\"><strong>El jurado ha reconocido los trabajos de investigaci\u00f3n de Marta Gonz\u00e1lez Aparicio y Ana Mar\u00eda Castro Franco en las modalidades de \u2018Tributaci\u00f3n\u2019 y \u2018Derecho del Trabajo y Seguridad Social\u2019.<\/strong><\/p>\r\n<a href=\"https:\/\/centros.unileon.es\/derecho\/files\/2025\/10\/sede_en_madrid_de_la_real_academia_de_jurisprudencia_y_legislacion_1.jpg\"><img loading=\"lazy\" decoding=\"async\" class=\"alignnone size-medium wp-image-5974\" src=\"https:\/\/centros.unileon.es\/derecho\/files\/2025\/10\/sede_en_madrid_de_la_real_academia_de_jurisprudencia_y_legislacion_1-300x185.jpg\" alt=\"\" width=\"300\" height=\"185\" srcset=\"https:\/\/centros.unileon.es\/derecho\/files\/2025\/10\/sede_en_madrid_de_la_real_academia_de_jurisprudencia_y_legislacion_1-300x185.jpg 300w, https:\/\/centros.unileon.es\/derecho\/files\/2025\/10\/sede_en_madrid_de_la_real_academia_de_jurisprudencia_y_legislacion_1-1024x631.jpg 1024w, https:\/\/centros.unileon.es\/derecho\/files\/2025\/10\/sede_en_madrid_de_la_real_academia_de_jurisprudencia_y_legislacion_1-768x473.jpg 768w, https:\/\/centros.unileon.es\/derecho\/files\/2025\/10\/sede_en_madrid_de_la_real_academia_de_jurisprudencia_y_legislacion_1.jpg 1140w\" sizes=\"auto, (max-width: 300px) 100vw, 300px\" \/><\/a>\r\n<table style=\"border-collapse: collapse; width: 100%;\">\r\n<tbody>\r\n<tr>\r\n<td style=\"width: 50%;\">\r\n<p style=\"text-align: justify;\"><strong>Le\u00f3n, 26 de Septiembre de 2025.<\/strong> Las profesoras de la Universidad de Le\u00f3n (ULE) Marta Gonz\u00e1lez Aparicio y Ana Mar\u00eda Castro Franco han sido distinguidas con dos primeros premios concedidos por el <a href=\"https:\/\/www.cef.es\/\"><strong>Centro de Estudios Financieros (CEF)<\/strong><\/a>, que ha reconocido la excelencia de los trabajos presentados por ambas investigadoras, en una edici\u00f3n a la que han concurrido m\u00e1s de un centenar de trabajos, y que est\u00e1 considerada como uno de los premios jur\u00eddicos m\u00e1s prestigiosos a nivel nacional.<\/p>\r\n<p style=\"text-align: justify;\">Los premios, <strong>dotados con 10.000 euros<\/strong>, fueron concedidos a Marta Gonz\u00e1lez Aparicio, que particip\u00f3 en la modalidad de \u2018Tributaci\u00f3n\u2019, por el trabajo titulado <strong><em>\u2018Hacia un procedimiento eficaz de embargo de criptoactivos en el procedimiento de apremio: an\u00e1lisis cr\u00edtico y propuestas de adaptaci\u00f3n normativa\u2019<\/em><\/strong>, y a Ana Mar\u00eda Castro Franco, que particip\u00f3 en la modalidad de \u2018Derecho del Trabajo y de la Seguridad Social\u2019, por el titulado <strong><em>\u2018El n\u00facleo de imputaci\u00f3n en los despidos colectivos en las empresas deslocalizadas: nuevos paradigmas en el debate entre centro de trabajo y empresa\u2019<\/em><\/strong>.<\/p>\r\n<\/td>\r\n<td style=\"width: 50%;\"><a href=\"https:\/\/centros.unileon.es\/derecho\/files\/2025\/10\/xxxv_premio_estudios_financieros.jpg\"><img loading=\"lazy\" decoding=\"async\" class=\"alignnone size-medium wp-image-5975\" src=\"https:\/\/centros.unileon.es\/derecho\/files\/2025\/10\/xxxv_premio_estudios_financieros-300x244.jpg\" alt=\"\" width=\"300\" height=\"244\" srcset=\"https:\/\/centros.unileon.es\/derecho\/files\/2025\/10\/xxxv_premio_estudios_financieros-300x244.jpg 300w, https:\/\/centros.unileon.es\/derecho\/files\/2025\/10\/xxxv_premio_estudios_financieros.jpg 720w\" sizes=\"auto, (max-width: 300px) 100vw, 300px\" \/><\/a><\/td>\r\n<\/tr>\r\n<\/tbody>\r\n<\/table>\r\n<p style=\"text-align: justify;\"><strong>PREMIOS QUE DESTACAN LA INVESTIGACI\u00d3N JUR\u00cdDICA QUE SE REALIZA EN LA FACULTAD DE DERECHO DE LA UNIVERSIDAD DE LE\u00d3N<\/strong><\/p>\r\n<p style=\"text-align: justify;\">La ceremonia de entrega tuvo lugar el lunes, 22 de septiembre, en el <strong>Auditorio Ur\u00eda Men\u00e9ndez (Madrid)<\/strong>, y reuni\u00f3 a destacadas personalidades del \u00e1mbito jur\u00eddico y acad\u00e9mico. Que un profesor logre este galard\u00f3n ya es un hito, pero que dos profesoras de una misma Universidad lo consigan simult\u00e1neamente y con sendos primeros premios es un <strong>hecho excepcional, que pone en valor la investigaci\u00f3n jur\u00eddica que se desarrolla en la ULE<\/strong>.<\/p>\r\n<a href=\"https:\/\/centros.unileon.es\/derecho\/files\/2025\/10\/entrega_del_premio_a_marta_gonzalez_aparicio.jpg\"><img loading=\"lazy\" decoding=\"async\" class=\"alignnone size-medium wp-image-5976\" src=\"https:\/\/centros.unileon.es\/derecho\/files\/2025\/10\/entrega_del_premio_a_marta_gonzalez_aparicio-300x149.jpg\" alt=\"\" width=\"300\" height=\"149\" srcset=\"https:\/\/centros.unileon.es\/derecho\/files\/2025\/10\/entrega_del_premio_a_marta_gonzalez_aparicio-300x149.jpg 300w, https:\/\/centros.unileon.es\/derecho\/files\/2025\/10\/entrega_del_premio_a_marta_gonzalez_aparicio-1024x508.jpg 1024w, https:\/\/centros.unileon.es\/derecho\/files\/2025\/10\/entrega_del_premio_a_marta_gonzalez_aparicio-768x381.jpg 768w, https:\/\/centros.unileon.es\/derecho\/files\/2025\/10\/entrega_del_premio_a_marta_gonzalez_aparicio.jpg 1140w\" sizes=\"auto, (max-width: 300px) 100vw, 300px\" \/><\/a>\r\n<p style=\"text-align: justify;\"><strong>Marta Gonz\u00e1lez Aparicio<\/strong> es profesora Titular de Derecho Financiero y Tributario en la ULE y Delegada de la Rectora para el Desarrollo Estatutario y la Coordinaci\u00f3n Normativa. Cuenta con una <strong>amplia trayectoria investigadora<\/strong> centrada en fiscalidad y tecnolog\u00eda (criptoactivos, IA y derechos fundamentales), prescripci\u00f3n tributaria, residencia fiscal, procedimiento y recaudaci\u00f3n tributaria y cumplimiento tributario.<\/p>\r\n<p style=\"text-align: justify;\">Ha impulsado actividades de transferencia y formaci\u00f3n especializada y publica de forma regular en revistas y monograf\u00edas especializadas, ha colaborado con instituciones p\u00fablicas en formaci\u00f3n y asesoramiento, y participa de manera habitual en foros cient\u00edficos y divulgativos.<\/p>\r\n\r\n<table style=\"border-collapse: collapse; width: 100%;\">\r\n<tbody>\r\n<tr>\r\n<td style=\"width: 50%;\"><a href=\"https:\/\/centros.unileon.es\/derecho\/files\/2025\/10\/entrega_del_premio_a_ana_ma_castro_franco.jpeg\"><img loading=\"lazy\" decoding=\"async\" class=\"alignnone size-medium wp-image-5977\" src=\"https:\/\/centros.unileon.es\/derecho\/files\/2025\/10\/entrega_del_premio_a_ana_ma_castro_franco-187x300.jpeg\" alt=\"\" width=\"187\" height=\"300\" srcset=\"https:\/\/centros.unileon.es\/derecho\/files\/2025\/10\/entrega_del_premio_a_ana_ma_castro_franco-187x300.jpeg 187w, https:\/\/centros.unileon.es\/derecho\/files\/2025\/10\/entrega_del_premio_a_ana_ma_castro_franco-637x1024.jpeg 637w, https:\/\/centros.unileon.es\/derecho\/files\/2025\/10\/entrega_del_premio_a_ana_ma_castro_franco.jpeg 720w\" sizes=\"auto, (max-width: 187px) 100vw, 187px\" \/><\/a><\/td>\r\n<td style=\"width: 50%;\">\r\n<p style=\"text-align: justify;\"><strong>Ana Mar\u00eda Castro Franco<\/strong> es profesora Ayudante Doctora de Derecho del Trabajo y de la Seguridad Social en la ULE. Su trayectoria combina una <strong>s\u00f3lida formaci\u00f3n jur\u00eddica (Grado y M\u00e1ster en Abogac\u00eda, ULE) con una especializaci\u00f3n en \u00e1mbitos de vanguardia:<\/strong> ciberseguridad (Universidad de Deusto), riesgos y seguridad digital (Centro de Estudios Garrigues), Derecho de la inteligencia artificial (Aranzadi) y Derecho concursal-laboral (Tirant lo Blanch).<\/p>\r\n<p style=\"text-align: justify;\">Esta visi\u00f3n transversal le permite abordar con un enfoque innovador los retos que plantean la digitalizaci\u00f3n, la automatizaci\u00f3n y la transformaci\u00f3n del trabajo en el siglo XXI. Asimismo, ejerce como secretaria del M\u00e1ster Universitario en Derecho de la Ciberseguridad y Entorno Digital de la ULE.<\/p>\r\n<\/td>\r\n<\/tr>\r\n<\/tbody>\r\n<\/table>\r\n<p style=\"text-align: justify;\"><strong>El Premio del Centro de Estudios Financieros es un reconocimiento anual a la calidad en la investigaci\u00f3n jur\u00eddica<\/strong>. El jurado, integrado por juristas de reconocido prestigio, eval\u00faa la originalidad, rigor metodol\u00f3gico y relevancia pr\u00e1ctica de los trabajos.<\/p>\r\n<p style=\"text-align: justify;\">La convocatoria contempla<strong> tres modalidades<\/strong>: \u2018Tributaci\u00f3n\u2019, \u2018Derecho del Trabajo y Educaci\u00f3n\u2019 y \u2018Nuevas Tecnolog\u00edas\u2019. En esta edici\u00f3n se han concedido, adem\u00e1s de los primeros premios, los segundos premios y varios acc\u00e9sits.<\/p>\r\n<a href=\"https:\/\/centros.unileon.es\/derecho\/files\/2025\/10\/ceremonia_de_entrega_de_los_premios-01.jpg\"><img loading=\"lazy\" decoding=\"async\" class=\"alignnone size-medium wp-image-5978\" src=\"https:\/\/centros.unileon.es\/derecho\/files\/2025\/10\/ceremonia_de_entrega_de_los_premios-01-300x165.jpg\" alt=\"\" width=\"300\" height=\"165\" srcset=\"https:\/\/centros.unileon.es\/derecho\/files\/2025\/10\/ceremonia_de_entrega_de_los_premios-01-300x165.jpg 300w, https:\/\/centros.unileon.es\/derecho\/files\/2025\/10\/ceremonia_de_entrega_de_los_premios-01-1024x563.jpg 1024w, https:\/\/centros.unileon.es\/derecho\/files\/2025\/10\/ceremonia_de_entrega_de_los_premios-01-768x422.jpg 768w, https:\/\/centros.unileon.es\/derecho\/files\/2025\/10\/ceremonia_de_entrega_de_los_premios-01.jpg 1140w\" sizes=\"auto, (max-width: 300px) 100vw, 300px\" \/><\/a>\r\n<p style=\"text-align: justify;\"><em>(<strong>IM\u00c1GENES:\u00a0 \u00a01.-\u00a0<\/strong>Ana M\u00aa Castro Franco y Marta Gonz\u00e1lez Aparicio en la ceremonia de entrega de los premios\u00a0 \u00a0<strong>2.-<\/strong> Los premios del Centro de Estudios Financieros gozan de gran reconocimiento\u00a0 \u00a0<strong>3.-<\/strong> Entrega del premio a Marta Gonz\u00e1lez Aparicio\u00a0 \u00a0 <strong>4.-<\/strong>\u00a0Entrega del premio a Ana M\u00aa Castro Franco\u00a0 \u00a0<strong>5.-<\/strong> Un momento del acto de entrega de los galardones)<\/em> .<\/p>\r\nFuente: gercvr@unileon.es\r\n\r\n26 Sep, 2025\r\n\r\n&nbsp;\r\n\r\n&nbsp;","protected":false},"excerpt":{"rendered":"<p>El jurado ha reconocido los trabajos de investigaci\u00f3n de Marta Gonz\u00e1lez Aparicio y Ana Mar\u00eda Castro Franco en las modalidades de \u2018Tributaci\u00f3n\u2019 y \u2018Derecho del Trabajo y Seguridad Social\u2019. Le\u00f3n, 26 de Septiembre de 2025. Las profesoras de la Universidad de Le\u00f3n (ULE) Marta Gonz\u00e1lez Aparicio y Ana Mar\u00eda Castro Franco han sido distinguidas con [&hellip;]<\/p>\n","protected":false},"author":149,"featured_media":0,"parent":0,"menu_order":0,"comment_status":"closed","ping_status":"closed","template":"","meta":{"footnotes":""},"class_list":["post-5973","page","type-page","status-publish","hentry"],"_links":{"self":[{"href":"https:\/\/centros.unileon.es\/derecho\/wp-json\/wp\/v2\/pages\/5973","targetHints":{"allow":["GET"]}}],"collection":[{"href":"https:\/\/centros.unileon.es\/derecho\/wp-json\/wp\/v2\/pages"}],"about":[{"href":"https:\/\/centros.unileon.es\/derecho\/wp-json\/wp\/v2\/types\/page"}],"author":[{"embeddable":true,"href":"https:\/\/centros.unileon.es\/derecho\/wp-json\/wp\/v2\/users\/149"}],"replies":[{"embeddable":true,"href":"https:\/\/centros.unileon.es\/derecho\/wp-json\/wp\/v2\/comments?post=5973"}],"version-history":[{"count":1,"href":"https:\/\/centros.unileon.es\/derecho\/wp-json\/wp\/v2\/pages\/5973\/revisions"}],"predecessor-version":[{"id":5979,"href":"https:\/\/centros.unileon.es\/derecho\/wp-json\/wp\/v2\/pages\/5973\/revisions\/5979"}],"wp:attachment":[{"href":"https:\/\/centros.unileon.es\/derecho\/wp-json\/wp\/v2\/media?parent=5973"}],"curies":[{"name":"wp","href":"https:\/\/api.w.org\/{rel}","templated":true}]}}