{"id":5963,"date":"2025-10-10T06:09:46","date_gmt":"2025-10-10T06:09:46","guid":{"rendered":"https:\/\/centros.unileon.es\/derecho\/?page_id=5963"},"modified":"2025-10-14T13:57:36","modified_gmt":"2025-10-14T13:57:36","slug":"iii-jornadas-retos-juridicos-del-sector-sanitario-condiciones-laborales-y-atencion-a-la-diversidad-14-y-15-de-octubre-de-2025","status":"publish","type":"page","link":"https:\/\/centros.unileon.es\/derecho\/iii-jornadas-retos-juridicos-del-sector-sanitario-condiciones-laborales-y-atencion-a-la-diversidad-14-y-15-de-octubre-de-2025\/","title":{"rendered":"III Jornadas Retos Jur\u00eddicos del Sector Sanitario: Condiciones laborales y atenci\u00f3n a la diversidad, 14 y 15 de octubre de 2025"},"content":{"rendered":"<strong>La Facultad de Derecho acoge las III Jornadas Retos Jur\u00eddicos del Sector Sanitario: Condiciones laborales y atenci\u00f3n a la diversidad.<\/strong>\r\n<ul>\r\n \t<li>Fecha y horario: 14 y 15 de octubre de 2025, en Jornada de tarde de 16:00 a 20:00 hs.<\/li>\r\n \t<li>Lugar: Sal\u00f3n de Grados de las Facultades de Derecho y Ciencias del Trabajo.<\/li>\r\n \t<li>Inscripci\u00f3n y matr\u00edcula: <a href=\"https:\/\/centros.unileon.es\/derecho\/files\/2025\/10\/2025.10.14.-III-Jornadas-Retos-Juridicos-del-sector-sanitario.-Condiciones-laborales-y-atencion-a-la-diversidad-14-y-15-octubre-2025.pdf\">III Jornadas Retos Jur\u00eddicos del Sector Sanitario: Condiciones laborales y atenci\u00f3n a la diversidad<\/a><\/li>\r\n<\/ul>","protected":false},"excerpt":{"rendered":"<p>La Facultad de Derecho acoge las III Jornadas Retos Jur\u00eddicos del Sector Sanitario: Condiciones laborales y atenci\u00f3n a la diversidad. Fecha y horario: 14 y 15 de octubre de 2025, en Jornada de tarde de 16:00 a 20:00 hs. Lugar: Sal\u00f3n de Grados de las Facultades de Derecho y Ciencias del Trabajo. Inscripci\u00f3n y matr\u00edcula: [&hellip;]<\/p>\n","protected":false},"author":149,"featured_media":0,"parent":0,"menu_order":0,"comment_status":"closed","ping_status":"closed","template":"","meta":{"footnotes":""},"class_list":["post-5963","page","type-page","status-publish","hentry"],"_links":{"self":[{"href":"https:\/\/centros.unileon.es\/derecho\/wp-json\/wp\/v2\/pages\/5963","targetHints":{"allow":["GET"]}}],"collection":[{"href":"https:\/\/centros.unileon.es\/derecho\/wp-json\/wp\/v2\/pages"}],"about":[{"href":"https:\/\/centros.unileon.es\/derecho\/wp-json\/wp\/v2\/types\/page"}],"author":[{"embeddable":true,"href":"https:\/\/centros.unileon.es\/derecho\/wp-json\/wp\/v2\/users\/149"}],"replies":[{"embeddable":true,"href":"https:\/\/centros.unileon.es\/derecho\/wp-json\/wp\/v2\/comments?post=5963"}],"version-history":[{"count":2,"href":"https:\/\/centros.unileon.es\/derecho\/wp-json\/wp\/v2\/pages\/5963\/revisions"}],"predecessor-version":[{"id":6004,"href":"https:\/\/centros.unileon.es\/derecho\/wp-json\/wp\/v2\/pages\/5963\/revisions\/6004"}],"wp:attachment":[{"href":"https:\/\/centros.unileon.es\/derecho\/wp-json\/wp\/v2\/media?parent=5963"}],"curies":[{"name":"wp","href":"https:\/\/api.w.org\/{rel}","templated":true}]}}