{"id":5956,"date":"2025-09-28T23:07:44","date_gmt":"2025-09-28T23:07:44","guid":{"rendered":"https:\/\/centros.unileon.es\/derecho\/?page_id=5956"},"modified":"2025-10-13T09:02:33","modified_gmt":"2025-10-13T09:02:33","slug":"data-forum-justicia-2025-2","status":"publish","type":"page","link":"https:\/\/centros.unileon.es\/derecho\/data-forum-justicia-2025-2\/","title":{"rendered":"Data F\u00f3rum Justicia 2025"},"content":{"rendered":"<header class=\"entry-header\">\r\n<div class=\"hero-texto-titulo\">\r\n<h1 class=\"hero-titulo\">DATAf\u00f3rum Justicia 2025<\/h1>\r\n<\/div>\r\n<div class=\"hero_1_subtitulo\">\r\n\r\n<strong>1, 2 y 3 de octubre en Le\u00f3n.<\/strong>\r\n\r\n<\/div>\r\n<div class=\"hero-texto\">\r\n<div class=\"hero-texto__texto\">\r\n\r\n<strong>Foro anual donde expertos comparten sus experiencias y conocimientos sobre el avance de la justicia.<\/strong>\r\n\r\n<strong>YA ACCESIBLES LAS Ponencias, Mesas Redondas, Talleres y Podcast en: https:\/\/dataforumjusticia.es\/<\/strong>\r\n\r\n<\/div>\r\n<\/div>\r\n<\/header>\r\n<div class=\"entry-content\">\r\n<table style=\"width: 100%;\">\r\n<tbody>\r\n<tr>\r\n<td style=\"width: 29.9033%;\"><a href=\"https:\/\/centros.unileon.es\/derecho\/files\/2025\/09\/2025.10.01.-Data-Forum-Justicia-2025.jpeg\"><img loading=\"lazy\" decoding=\"async\" class=\"alignnone wp-image-5916\" src=\"https:\/\/centros.unileon.es\/derecho\/files\/2025\/09\/2025.10.01.-Data-Forum-Justicia-2025-205x300.jpeg\" sizes=\"auto, (max-width: 235px) 100vw, 235px\" srcset=\"https:\/\/centros.unileon.es\/derecho\/files\/2025\/09\/2025.10.01.-Data-Forum-Justicia-2025-205x300.jpeg 205w, https:\/\/centros.unileon.es\/derecho\/files\/2025\/09\/2025.10.01.-Data-Forum-Justicia-2025-699x1024.jpeg 699w, https:\/\/centros.unileon.es\/derecho\/files\/2025\/09\/2025.10.01.-Data-Forum-Justicia-2025-768x1125.jpeg 768w, https:\/\/centros.unileon.es\/derecho\/files\/2025\/09\/2025.10.01.-Data-Forum-Justicia-2025-1049x1536.jpeg 1049w, https:\/\/centros.unileon.es\/derecho\/files\/2025\/09\/2025.10.01.-Data-Forum-Justicia-2025.jpeg 1140w\" alt=\"\" width=\"319\" height=\"467\" \/><\/a><\/td>\r\n<td style=\"width: 69.3931%;\">La Universidad de Le\u00f3n acogi\u00f3 el <strong>Data F\u00f3rum Justicia 2025<\/strong>, el principal encuentro nacional sobre transformaci\u00f3n digital en el \u00e1mbito de la Justicia.\r\n<ul>\r\n \t<li class=\"first-child\"><strong>Fechas:<\/strong> del 1 al 3 de octubre.<\/li>\r\n \t<li><strong>Lugar:<\/strong> Auditorio de la ciudad de Le\u00f3n y Facultad de Derecho de la Universidad de Le\u00f3n.<\/li>\r\n \t<li class=\"last-child\"><strong>Informaci\u00f3n e Inscripciones:<\/strong> https:\/\/dataforumjusticia.es\/<\/li>\r\n<\/ul>\r\n<div class=\"col-lg-6 d-flex justify-content-end\">\r\n<div class=\"dos_columnas_con_video_y_datos_content\">\r\n<div class=\"dos_columnas_con_video_y_datos_texto\">\r\n<p style=\"text-align: justify;\">Durante el DATAf\u00f3rum Justicia 2024 se expusieron propuestas para aumentar la eficiencia y transparencia en los sistemas judiciales, fomentando el <strong>intercambio de conocimientos entre expertos<\/strong> con el fin de que la ciudadan\u00eda comprenda la utilidad de los servicios que pueden facilitar sus tr\u00e1mites.<\/p>\r\n\r\n<\/div>\r\n<div class=\"datos\">\r\n<div class=\"dato\">+750\r\ninscripciones<\/div>\r\n<div class=\"dato\">+130\r\nponentes expertos<\/div>\r\n<div class=\"dato\">+4K\r\nvisualizaciones online<\/div>\r\n<div class=\"dato\">+600\r\nasistentes presenciales<\/div>\r\n<\/div>\r\n<\/div>\r\n<\/div><\/td>\r\n<\/tr>\r\n<\/tbody>\r\n<\/table>\r\n<\/div>","protected":false},"excerpt":{"rendered":"<p>DATAf\u00f3rum Justicia 2025 1, 2 y 3 de octubre en Le\u00f3n. Foro anual donde expertos comparten sus experiencias y conocimientos sobre el avance de la justicia. YA ACCESIBLES LAS Ponencias, Mesas Redondas, Talleres y Podcast en: https:\/\/dataforumjusticia.es\/ La Universidad de Le\u00f3n acogi\u00f3 el Data F\u00f3rum Justicia 2025, el principal encuentro nacional sobre transformaci\u00f3n digital en [&hellip;]<\/p>\n","protected":false},"author":149,"featured_media":0,"parent":0,"menu_order":0,"comment_status":"closed","ping_status":"closed","template":"","meta":{"footnotes":""},"class_list":["post-5956","page","type-page","status-publish","hentry"],"_links":{"self":[{"href":"https:\/\/centros.unileon.es\/derecho\/wp-json\/wp\/v2\/pages\/5956","targetHints":{"allow":["GET"]}}],"collection":[{"href":"https:\/\/centros.unileon.es\/derecho\/wp-json\/wp\/v2\/pages"}],"about":[{"href":"https:\/\/centros.unileon.es\/derecho\/wp-json\/wp\/v2\/types\/page"}],"author":[{"embeddable":true,"href":"https:\/\/centros.unileon.es\/derecho\/wp-json\/wp\/v2\/users\/149"}],"replies":[{"embeddable":true,"href":"https:\/\/centros.unileon.es\/derecho\/wp-json\/wp\/v2\/comments?post=5956"}],"version-history":[{"count":5,"href":"https:\/\/centros.unileon.es\/derecho\/wp-json\/wp\/v2\/pages\/5956\/revisions"}],"predecessor-version":[{"id":5989,"href":"https:\/\/centros.unileon.es\/derecho\/wp-json\/wp\/v2\/pages\/5956\/revisions\/5989"}],"wp:attachment":[{"href":"https:\/\/centros.unileon.es\/derecho\/wp-json\/wp\/v2\/media?parent=5956"}],"curies":[{"name":"wp","href":"https:\/\/api.w.org\/{rel}","templated":true}]}}