{"id":5950,"date":"2025-09-28T23:04:31","date_gmt":"2025-09-28T23:04:31","guid":{"rendered":"https:\/\/centros.unileon.es\/derecho\/?page_id=5950"},"modified":"2025-09-28T23:09:11","modified_gmt":"2025-09-28T23:09:11","slug":"x-congreso-nacional-penitenciario-legionense-8-y-9-10-2025","status":"publish","type":"page","link":"https:\/\/centros.unileon.es\/derecho\/x-congreso-nacional-penitenciario-legionense-8-y-9-10-2025\/","title":{"rendered":"X Congreso Nacional Penitenciario Legionense, 8 y 9 de octubre de 2025"},"content":{"rendered":"<h4><strong>50 a\u00f1os de compromiso y cambio (1975-2025). Evoluci\u00f3n y logros del sistema penitenciario espa\u00f1ol.<\/strong><\/h4>\r\n<ul>\r\n \t<li class=\"first-child\"><strong>Fechas:<\/strong> 8 y 9 de octubre de 2025, de 16:30 a 20:00 hs.<\/li>\r\n \t<li><strong>Lugar:<\/strong> Sala Gord\u00f3n Ord\u00e1s de \u00abEl Albe\u00edtar\u00bb, Edificio de Rectorado de la Universidad de Le\u00f3n.<\/li>\r\n \t<li class=\"last-child\"><strong>Informaci\u00f3n e Inscripciones:<\/strong> matrab@unileon.es<\/li>\r\n<\/ul>\r\n&nbsp;\r\n\r\n<a href=\"https:\/\/centros.unileon.es\/derecho\/files\/2025\/09\/2025.10.08.-Cartel-X-CNPL-2025-scaled.jpg\"><img loading=\"lazy\" decoding=\"async\" class=\"alignnone size-medium wp-image-5951\" src=\"https:\/\/centros.unileon.es\/derecho\/files\/2025\/09\/2025.10.08.-Cartel-X-CNPL-2025-212x300.jpg\" alt=\"\" width=\"212\" height=\"300\" srcset=\"https:\/\/centros.unileon.es\/derecho\/files\/2025\/09\/2025.10.08.-Cartel-X-CNPL-2025-212x300.jpg 212w, https:\/\/centros.unileon.es\/derecho\/files\/2025\/09\/2025.10.08.-Cartel-X-CNPL-2025-724x1024.jpg 724w, https:\/\/centros.unileon.es\/derecho\/files\/2025\/09\/2025.10.08.-Cartel-X-CNPL-2025-768x1086.jpg 768w, https:\/\/centros.unileon.es\/derecho\/files\/2025\/09\/2025.10.08.-Cartel-X-CNPL-2025-1086x1536.jpg 1086w, https:\/\/centros.unileon.es\/derecho\/files\/2025\/09\/2025.10.08.-Cartel-X-CNPL-2025-1448x2048.jpg 1448w, https:\/\/centros.unileon.es\/derecho\/files\/2025\/09\/2025.10.08.-Cartel-X-CNPL-2025-scaled.jpg 1810w\" sizes=\"auto, (max-width: 212px) 100vw, 212px\" \/><\/a>\r\n\r\n&nbsp;","protected":false},"excerpt":{"rendered":"<p>50 a\u00f1os de compromiso y cambio (1975-2025). Evoluci\u00f3n y logros del sistema penitenciario espa\u00f1ol. Fechas: 8 y 9 de octubre de 2025, de 16:30 a 20:00 hs. Lugar: Sala Gord\u00f3n Ord\u00e1s de \u00abEl Albe\u00edtar\u00bb, Edificio de Rectorado de la Universidad de Le\u00f3n. Informaci\u00f3n e Inscripciones: matrab@unileon.es &nbsp; &nbsp;<\/p>\n","protected":false},"author":149,"featured_media":0,"parent":0,"menu_order":0,"comment_status":"closed","ping_status":"closed","template":"","meta":{"footnotes":""},"class_list":["post-5950","page","type-page","status-publish","hentry"],"_links":{"self":[{"href":"https:\/\/centros.unileon.es\/derecho\/wp-json\/wp\/v2\/pages\/5950","targetHints":{"allow":["GET"]}}],"collection":[{"href":"https:\/\/centros.unileon.es\/derecho\/wp-json\/wp\/v2\/pages"}],"about":[{"href":"https:\/\/centros.unileon.es\/derecho\/wp-json\/wp\/v2\/types\/page"}],"author":[{"embeddable":true,"href":"https:\/\/centros.unileon.es\/derecho\/wp-json\/wp\/v2\/users\/149"}],"replies":[{"embeddable":true,"href":"https:\/\/centros.unileon.es\/derecho\/wp-json\/wp\/v2\/comments?post=5950"}],"version-history":[{"count":2,"href":"https:\/\/centros.unileon.es\/derecho\/wp-json\/wp\/v2\/pages\/5950\/revisions"}],"predecessor-version":[{"id":5959,"href":"https:\/\/centros.unileon.es\/derecho\/wp-json\/wp\/v2\/pages\/5950\/revisions\/5959"}],"wp:attachment":[{"href":"https:\/\/centros.unileon.es\/derecho\/wp-json\/wp\/v2\/media?parent=5950"}],"curies":[{"name":"wp","href":"https:\/\/api.w.org\/{rel}","templated":true}]}}