{"id":5947,"date":"2025-09-28T22:58:56","date_gmt":"2025-09-28T22:58:56","guid":{"rendered":"https:\/\/centros.unileon.es\/derecho\/?page_id=5947"},"modified":"2025-09-28T23:09:31","modified_gmt":"2025-09-28T23:09:31","slug":"jornada-sobre-ciberterrorismo-30-09-2025","status":"publish","type":"page","link":"https:\/\/centros.unileon.es\/derecho\/jornada-sobre-ciberterrorismo-30-09-2025\/","title":{"rendered":"Jornada sobre Ciberterrorismo, 30 de septiembre de 2025."},"content":{"rendered":"<strong>El ciberespacio como medio y fin de las nuevas formas de terrorismo<\/strong>\r\n<ul>\r\n \t<li class=\"first-child\"><strong>Fechas:<\/strong> 30 de septiembre de 2025.<\/li>\r\n \t<li><strong>Lugar:<\/strong> Sal\u00f3n de Grados de la Facultad de Derecho de la Universidad de Le\u00f3n.<\/li>\r\n \t<li class=\"last-child\"><strong>Informaci\u00f3n e Inscripciones:<\/strong> lramm@unileon.es<\/li>\r\n<\/ul>\r\n<a href=\"https:\/\/centros.unileon.es\/derecho\/files\/2025\/09\/2025.09.30.-Jornadas-sobre-ciberterrorismo-ULe-2025-cartel-scaled.jpg\"><img loading=\"lazy\" decoding=\"async\" class=\"alignnone size-medium wp-image-5943\" src=\"https:\/\/centros.unileon.es\/derecho\/files\/2025\/09\/2025.09.30.-Jornadas-sobre-ciberterrorismo-ULe-2025-cartel-213x300.jpg\" alt=\"\" width=\"213\" height=\"300\" srcset=\"https:\/\/centros.unileon.es\/derecho\/files\/2025\/09\/2025.09.30.-Jornadas-sobre-ciberterrorismo-ULe-2025-cartel-213x300.jpg 213w, https:\/\/centros.unileon.es\/derecho\/files\/2025\/09\/2025.09.30.-Jornadas-sobre-ciberterrorismo-ULe-2025-cartel-726x1024.jpg 726w, https:\/\/centros.unileon.es\/derecho\/files\/2025\/09\/2025.09.30.-Jornadas-sobre-ciberterrorismo-ULe-2025-cartel-768x1083.jpg 768w, https:\/\/centros.unileon.es\/derecho\/files\/2025\/09\/2025.09.30.-Jornadas-sobre-ciberterrorismo-ULe-2025-cartel-1090x1536.jpg 1090w, https:\/\/centros.unileon.es\/derecho\/files\/2025\/09\/2025.09.30.-Jornadas-sobre-ciberterrorismo-ULe-2025-cartel-1453x2048.jpg 1453w, https:\/\/centros.unileon.es\/derecho\/files\/2025\/09\/2025.09.30.-Jornadas-sobre-ciberterrorismo-ULe-2025-cartel-scaled.jpg 1816w\" sizes=\"auto, (max-width: 213px) 100vw, 213px\" \/><\/a>","protected":false},"excerpt":{"rendered":"<p>El ciberespacio como medio y fin de las nuevas formas de terrorismo Fechas: 30 de septiembre de 2025. Lugar: Sal\u00f3n de Grados de la Facultad de Derecho de la Universidad de Le\u00f3n. Informaci\u00f3n e Inscripciones: lramm@unileon.es<\/p>\n","protected":false},"author":149,"featured_media":0,"parent":0,"menu_order":0,"comment_status":"closed","ping_status":"closed","template":"","meta":{"footnotes":""},"class_list":["post-5947","page","type-page","status-publish","hentry"],"_links":{"self":[{"href":"https:\/\/centros.unileon.es\/derecho\/wp-json\/wp\/v2\/pages\/5947","targetHints":{"allow":["GET"]}}],"collection":[{"href":"https:\/\/centros.unileon.es\/derecho\/wp-json\/wp\/v2\/pages"}],"about":[{"href":"https:\/\/centros.unileon.es\/derecho\/wp-json\/wp\/v2\/types\/page"}],"author":[{"embeddable":true,"href":"https:\/\/centros.unileon.es\/derecho\/wp-json\/wp\/v2\/users\/149"}],"replies":[{"embeddable":true,"href":"https:\/\/centros.unileon.es\/derecho\/wp-json\/wp\/v2\/comments?post=5947"}],"version-history":[{"count":3,"href":"https:\/\/centros.unileon.es\/derecho\/wp-json\/wp\/v2\/pages\/5947\/revisions"}],"predecessor-version":[{"id":5960,"href":"https:\/\/centros.unileon.es\/derecho\/wp-json\/wp\/v2\/pages\/5947\/revisions\/5960"}],"wp:attachment":[{"href":"https:\/\/centros.unileon.es\/derecho\/wp-json\/wp\/v2\/media?parent=5947"}],"curies":[{"name":"wp","href":"https:\/\/api.w.org\/{rel}","templated":true}]}}