{"id":5761,"date":"2024-12-10T10:02:28","date_gmt":"2024-12-10T10:02:28","guid":{"rendered":"https:\/\/centros.unileon.es\/derecho\/?page_id=5761"},"modified":"2024-12-18T12:48:12","modified_gmt":"2024-12-18T12:48:12","slug":"las-instituciones-clasicas-del-derecho-ante-la-irrupcion-de-las-nuevas-tecnologias-10-de-diciembre-de-2024","status":"publish","type":"page","link":"https:\/\/centros.unileon.es\/derecho\/las-instituciones-clasicas-del-derecho-ante-la-irrupcion-de-las-nuevas-tecnologias-10-de-diciembre-de-2024\/","title":{"rendered":"Las Instituciones Cl\u00e1sicas del Derecho ante la irrupci\u00f3n de las nuevas tecnolog\u00edas, 10 de diciembre de 2024"},"content":{"rendered":"<a href=\"https:\/\/centros.unileon.es\/derecho\/files\/2024\/12\/4700497177_e47308dae3_b.jpg\"><img loading=\"lazy\" decoding=\"async\" class=\" wp-image-5764\" src=\"https:\/\/centros.unileon.es\/derecho\/files\/2024\/12\/4700497177_e47308dae3_b-225x300.jpg\" alt=\"\" width=\"377\" height=\"503\" srcset=\"https:\/\/centros.unileon.es\/derecho\/files\/2024\/12\/4700497177_e47308dae3_b-225x300.jpg 225w, https:\/\/centros.unileon.es\/derecho\/files\/2024\/12\/4700497177_e47308dae3_b.jpg 768w\" sizes=\"auto, (max-width: 377px) 100vw, 377px\" \/><\/a>\r\n<p style=\"text-align: justify;\">El Sal\u00f3n de Grados de la Facultad de Derecho de la Universidad de Le\u00f3n, acoge la <strong>Jornada sobre \u00abLas Instituciones cl\u00e1sicas del Derecho ante la irrupci\u00f3n de las nuevas tecnolog\u00edas\u00bb<\/strong>, en la que seis romanistas, historiadores y iuslaboralistas expertos en Derecho digital reflexionar\u00e1n sobre el impacto del desarrollo de la Inteligencia Artificial y de las nuevas tecnolog\u00edas en el Derecho, a trav\u00e9s de la mirada de algunas de las instituciones cl\u00e1sicas del Derecho.<\/p>\r\n\r\n<ul>\r\n \t<li><strong>Fecha:<\/strong> 10 de diciembre de 2024.<\/li>\r\n \t<li><strong>Lugar:<\/strong> Sal\u00f3n de Grados de la Facultad de Derecho.<\/li>\r\n \t<li><strong>Hora:<\/strong> 16:00 &#8211; 20:00 hs.<\/li>\r\n<\/ul>\r\n<a href=\"https:\/\/centros.unileon.es\/derecho\/files\/2024\/12\/Programa-Conferencias-Internacionalizacion-Dic-2024.pdf\">PROGRAMA<\/a>\r\n<div>\r\n\r\n<a href=\"https:\/\/forms.gle\/3JFhVGkWEjY5sVYr8\">INSCRIPCI\u00d3N AL EVENTO<\/a>\r\n\r\n<\/div>\r\n<div><\/div>","protected":false},"excerpt":{"rendered":"<p>El Sal\u00f3n de Grados de la Facultad de Derecho de la Universidad de Le\u00f3n, acoge la Jornada sobre \u00abLas Instituciones cl\u00e1sicas del Derecho ante la irrupci\u00f3n de las nuevas tecnolog\u00edas\u00bb, en la que seis romanistas, historiadores y iuslaboralistas expertos en Derecho digital reflexionar\u00e1n sobre el impacto del desarrollo de la Inteligencia Artificial y de las [&hellip;]<\/p>\n","protected":false},"author":149,"featured_media":0,"parent":0,"menu_order":0,"comment_status":"closed","ping_status":"closed","template":"","meta":{"footnotes":""},"class_list":["post-5761","page","type-page","status-publish","hentry"],"_links":{"self":[{"href":"https:\/\/centros.unileon.es\/derecho\/wp-json\/wp\/v2\/pages\/5761","targetHints":{"allow":["GET"]}}],"collection":[{"href":"https:\/\/centros.unileon.es\/derecho\/wp-json\/wp\/v2\/pages"}],"about":[{"href":"https:\/\/centros.unileon.es\/derecho\/wp-json\/wp\/v2\/types\/page"}],"author":[{"embeddable":true,"href":"https:\/\/centros.unileon.es\/derecho\/wp-json\/wp\/v2\/users\/149"}],"replies":[{"embeddable":true,"href":"https:\/\/centros.unileon.es\/derecho\/wp-json\/wp\/v2\/comments?post=5761"}],"version-history":[{"count":6,"href":"https:\/\/centros.unileon.es\/derecho\/wp-json\/wp\/v2\/pages\/5761\/revisions"}],"predecessor-version":[{"id":5771,"href":"https:\/\/centros.unileon.es\/derecho\/wp-json\/wp\/v2\/pages\/5761\/revisions\/5771"}],"wp:attachment":[{"href":"https:\/\/centros.unileon.es\/derecho\/wp-json\/wp\/v2\/media?parent=5761"}],"curies":[{"name":"wp","href":"https:\/\/api.w.org\/{rel}","templated":true}]}}