{"id":5750,"date":"2024-12-03T09:07:38","date_gmt":"2024-12-03T09:07:38","guid":{"rendered":"https:\/\/centros.unileon.es\/derecho\/?page_id=5750"},"modified":"2024-12-03T09:12:58","modified_gmt":"2024-12-03T09:12:58","slug":"5750-2","status":"publish","type":"page","link":"https:\/\/centros.unileon.es\/derecho\/5750-2\/","title":{"rendered":"Jornada conmemorativa de la Festividad de la Constituci\u00f3n, 4 de diciembre de 2024"},"content":{"rendered":"<h3>Jornada conmemorativa de la Festividad de la Constituci\u00f3n<\/h3>\r\n<p style=\"text-align: justify;\">La Facultad de Derecho de la Universidad de Le\u00f3n acoge el 4 de diciembre de 2024 la Jornada conmemorativa con motivo de la Festividad de la Constituci\u00f3n.<\/p>\r\n<p style=\"text-align: justify;\">La Jornada, coorganizada por el \u00c1rea de Derecho Constitucional y por el Consejo Consejo Consultivo de Castilla y Le\u00f3n, comenzar\u00e1 a las 9:30 con la lectura de la Constituci\u00f3n por parte de los estudiantes de la Facultad de Derecho. A las 11:00 comenzar\u00e1 el Acto acad\u00e9mico que contar\u00e1 con la presencia de los Profes. Dres. Paloma Biglino Campos, Catedr\u00e1tica de Derecho Constitucional de la Universidad de Valladolid, \u00abMujeres y poder p\u00fablico en la \u00faltima d\u00e9cada\u00bb; \u00c1ngela Figueruelo Burrieza, Catedr\u00e1tica de Derecho Constitucional de la Universidad de Salamanca \u00abAcerca del sistema de Gobierno en la CE: Unas notas en torno a la \u00faltima d\u00e9cada de nuestra democracia\u00bb; Luis Esteban Delgado del Rinc\u00f3n, Catedr\u00e1tico de Derecho Constitucional de la Universidad de Burgos, \u00abPoder judicial, independencia y Consejo General del Poder Judicial; y, Francisco Javier Mat\u00eda Portilla, Catedr\u00e1tico de Derecho Constitucional de la Universidad de Valladolid, \u00abAlgunas propuestas para conjurar la colonizaci\u00f3n de las autoridades de control por parte de los partidos pol\u00edticos\u00bb. Modera la Catedr\u00e1tica de Derecho Constitucional de la Universidad de Le\u00f3n, Esther Seijas Villadangos.<\/p>\r\n<p style=\"text-align: justify;\">A continuaci\u00f3n se proceder\u00e1 a la presentaci\u00f3n del libro: Castilla y Le\u00f3n: 40 a\u00f1os de Autonom\u00eda, a cargo de D\u00f1a. Alicia Carpintero Su\u00e1rez, Adjunta al Procurador del Com\u00fan de Castilla y Le\u00f3n y de Esther Seijas Villadangos, Catedr\u00e1tica de Derecho Constitucional de la Universidad de Le\u00f3n. Modera: D. Francisco Ramos Ant\u00f3n, Consejero del Consejo Consultivo de Castilla y Le\u00f3n.<\/p>\r\n<a href=\"https:\/\/centros.unileon.es\/derecho\/files\/2024\/12\/2024.12.04.-Programa-LEON-Castilla-y-Leon-40-anos-de-autonomia-para-comunidad-universitaria.pdf\">Programa 40 a\u00f1os de autonom\u00eda para comunidad universitaria<\/a>","protected":false},"excerpt":{"rendered":"<p>Jornada conmemorativa de la Festividad de la Constituci\u00f3n La Facultad de Derecho de la Universidad de Le\u00f3n acoge el 4 de diciembre de 2024 la Jornada conmemorativa con motivo de la Festividad de la Constituci\u00f3n. La Jornada, coorganizada por el \u00c1rea de Derecho Constitucional y por el Consejo Consejo Consultivo de Castilla y Le\u00f3n, comenzar\u00e1 [&hellip;]<\/p>\n","protected":false},"author":149,"featured_media":0,"parent":0,"menu_order":0,"comment_status":"closed","ping_status":"closed","template":"","meta":{"footnotes":""},"class_list":["post-5750","page","type-page","status-publish","hentry"],"_links":{"self":[{"href":"https:\/\/centros.unileon.es\/derecho\/wp-json\/wp\/v2\/pages\/5750","targetHints":{"allow":["GET"]}}],"collection":[{"href":"https:\/\/centros.unileon.es\/derecho\/wp-json\/wp\/v2\/pages"}],"about":[{"href":"https:\/\/centros.unileon.es\/derecho\/wp-json\/wp\/v2\/types\/page"}],"author":[{"embeddable":true,"href":"https:\/\/centros.unileon.es\/derecho\/wp-json\/wp\/v2\/users\/149"}],"replies":[{"embeddable":true,"href":"https:\/\/centros.unileon.es\/derecho\/wp-json\/wp\/v2\/comments?post=5750"}],"version-history":[{"count":4,"href":"https:\/\/centros.unileon.es\/derecho\/wp-json\/wp\/v2\/pages\/5750\/revisions"}],"predecessor-version":[{"id":5759,"href":"https:\/\/centros.unileon.es\/derecho\/wp-json\/wp\/v2\/pages\/5750\/revisions\/5759"}],"wp:attachment":[{"href":"https:\/\/centros.unileon.es\/derecho\/wp-json\/wp\/v2\/media?parent=5750"}],"curies":[{"name":"wp","href":"https:\/\/api.w.org\/{rel}","templated":true}]}}