{"id":573,"date":"2014-11-11T13:21:13","date_gmt":"2014-11-11T13:21:13","guid":{"rendered":"http:\/\/centros.unileon.es\/derecho\/?page_id=573"},"modified":"2014-11-11T13:21:13","modified_gmt":"2014-11-11T13:21:13","slug":"ii-seminario-sobre-relaciones-juridicas-internacionales-inmigracion-educacion-e-interculturalidad","status":"publish","type":"page","link":"https:\/\/centros.unileon.es\/derecho\/ii-seminario-sobre-relaciones-juridicas-internacionales-inmigracion-educacion-e-interculturalidad\/","title":{"rendered":"II Seminario sobre Relaciones Jur\u00eddicas Internacionales: Inmigraci\u00f3n, Educaci\u00f3n e Interculturalidad"},"content":{"rendered":"Las \u00c1reas de Derecho Internacional Privado y Derecho Eclesi\u00e1stico del Estado organizan el \u00abII Seminario sobre Relaciones Jur\u00eddicas Internacionales: Inmigraci\u00f3n, Educaci\u00f3n e Interculturalidad\u00bb.\r\n\r\nFechas de celebraci\u00f3n: Jueves 13 de noviembre de 2014 y Jueves de 20 de noviembre de 2014.\r\n\r\nLugar de celebraci\u00f3n: Sal\u00f3n de Actos de la Facultad de Industriales.\r\n\r\nPara m\u00e1s informaci\u00f3n pinchar <a href=\"http:\/\/centros.unileon.es\/derecho\/files\/2014\/11\/II-Seminario-Interculturalidad.pdf\">aqu\u00ed<\/a>.","protected":false},"excerpt":{"rendered":"<p>Las \u00c1reas de Derecho Internacional Privado y Derecho Eclesi\u00e1stico del Estado organizan el \u00abII Seminario sobre Relaciones Jur\u00eddicas Internacionales: Inmigraci\u00f3n, Educaci\u00f3n e Interculturalidad\u00bb. Fechas de celebraci\u00f3n: Jueves 13 de noviembre de 2014 y Jueves de 20 de noviembre de 2014. Lugar de celebraci\u00f3n: Sal\u00f3n de Actos de la Facultad de Industriales. Para m\u00e1s informaci\u00f3n pinchar [&hellip;]<\/p>\n","protected":false},"author":67,"featured_media":0,"parent":0,"menu_order":0,"comment_status":"closed","ping_status":"open","template":"","meta":{"footnotes":""},"class_list":["post-573","page","type-page","status-publish","hentry"],"_links":{"self":[{"href":"https:\/\/centros.unileon.es\/derecho\/wp-json\/wp\/v2\/pages\/573","targetHints":{"allow":["GET"]}}],"collection":[{"href":"https:\/\/centros.unileon.es\/derecho\/wp-json\/wp\/v2\/pages"}],"about":[{"href":"https:\/\/centros.unileon.es\/derecho\/wp-json\/wp\/v2\/types\/page"}],"author":[{"embeddable":true,"href":"https:\/\/centros.unileon.es\/derecho\/wp-json\/wp\/v2\/users\/67"}],"replies":[{"embeddable":true,"href":"https:\/\/centros.unileon.es\/derecho\/wp-json\/wp\/v2\/comments?post=573"}],"version-history":[{"count":1,"href":"https:\/\/centros.unileon.es\/derecho\/wp-json\/wp\/v2\/pages\/573\/revisions"}],"predecessor-version":[{"id":575,"href":"https:\/\/centros.unileon.es\/derecho\/wp-json\/wp\/v2\/pages\/573\/revisions\/575"}],"wp:attachment":[{"href":"https:\/\/centros.unileon.es\/derecho\/wp-json\/wp\/v2\/media?parent=573"}],"curies":[{"name":"wp","href":"https:\/\/api.w.org\/{rel}","templated":true}]}}