{"id":5686,"date":"2024-10-07T16:48:16","date_gmt":"2024-10-07T16:48:16","guid":{"rendered":"https:\/\/centros.unileon.es\/derecho\/?page_id=5686"},"modified":"2024-10-07T16:50:08","modified_gmt":"2024-10-07T16:50:08","slug":"ciclo-de-conferencias-la-union-europea-te-protege","status":"publish","type":"page","link":"https:\/\/centros.unileon.es\/derecho\/ciclo-de-conferencias-la-union-europea-te-protege\/","title":{"rendered":"Ciclo de Conferencias la Uni\u00f3n Europea Te Protege, 4 de octubre de 2024"},"content":{"rendered":"<a href=\"https:\/\/centros.unileon.es\/derecho\/files\/2024\/10\/2024.10.04-1.jpeg\"><img loading=\"lazy\" decoding=\"async\" class=\"alignnone size-medium wp-image-5688\" src=\"https:\/\/centros.unileon.es\/derecho\/files\/2024\/10\/2024.10.04-1-300x300.jpeg\" alt=\"\" width=\"300\" height=\"300\" srcset=\"https:\/\/centros.unileon.es\/derecho\/files\/2024\/10\/2024.10.04-1-300x300.jpeg 300w, https:\/\/centros.unileon.es\/derecho\/files\/2024\/10\/2024.10.04-1-1024x1024.jpeg 1024w, https:\/\/centros.unileon.es\/derecho\/files\/2024\/10\/2024.10.04-1-150x150.jpeg 150w, https:\/\/centros.unileon.es\/derecho\/files\/2024\/10\/2024.10.04-1-768x768.jpeg 768w, https:\/\/centros.unileon.es\/derecho\/files\/2024\/10\/2024.10.04-1.jpeg 1080w\" sizes=\"auto, (max-width: 300px) 100vw, 300px\" \/><\/a>\r\n<p style=\"text-align: justify;\">El viernes 4 de octubre de 2024, de 16:00 a 20:00, tendr\u00e1 lugar una conferencia con el Catedr\u00e1tico de Derecho Constitucional y director del Centro de Seguridad CESEG de la Universidad de Santiago de Compostela. La misma versar\u00e1 sobre la digitalizaci\u00f3n y sobre la manipulaci\u00f3n informativa. Esta se realiza dentro del M\u00e1ster de Derecho a la Ciberseguridad y Entornos Digitales y est\u00e1 abierta al resto de la comunidad universitaria. Organiza Universidad de Le\u00f3n, con el patrocinio de la Junta de Castilla y Le\u00f3n y la colaboraci\u00f3n de la C\u00e1tedra de Ciberseguridad y el programa Eureca-Pro.<\/p>\r\n\r\n<ul>\r\n \t<li>Fecha: 4 de octubre de 2024.<\/li>\r\n \t<li>Lugar: Sal\u00f3n de Grados de la Facultad de Derecho.<\/li>\r\n<\/ul>","protected":false},"excerpt":{"rendered":"<p>El viernes 4 de octubre de 2024, de 16:00 a 20:00, tendr\u00e1 lugar una conferencia con el Catedr\u00e1tico de Derecho Constitucional y director del Centro de Seguridad CESEG de la Universidad de Santiago de Compostela. La misma versar\u00e1 sobre la digitalizaci\u00f3n y sobre la manipulaci\u00f3n informativa. Esta se realiza dentro del M\u00e1ster de Derecho a [&hellip;]<\/p>\n","protected":false},"author":149,"featured_media":0,"parent":0,"menu_order":0,"comment_status":"closed","ping_status":"closed","template":"","meta":{"footnotes":""},"class_list":["post-5686","page","type-page","status-publish","hentry"],"_links":{"self":[{"href":"https:\/\/centros.unileon.es\/derecho\/wp-json\/wp\/v2\/pages\/5686","targetHints":{"allow":["GET"]}}],"collection":[{"href":"https:\/\/centros.unileon.es\/derecho\/wp-json\/wp\/v2\/pages"}],"about":[{"href":"https:\/\/centros.unileon.es\/derecho\/wp-json\/wp\/v2\/types\/page"}],"author":[{"embeddable":true,"href":"https:\/\/centros.unileon.es\/derecho\/wp-json\/wp\/v2\/users\/149"}],"replies":[{"embeddable":true,"href":"https:\/\/centros.unileon.es\/derecho\/wp-json\/wp\/v2\/comments?post=5686"}],"version-history":[{"count":3,"href":"https:\/\/centros.unileon.es\/derecho\/wp-json\/wp\/v2\/pages\/5686\/revisions"}],"predecessor-version":[{"id":5691,"href":"https:\/\/centros.unileon.es\/derecho\/wp-json\/wp\/v2\/pages\/5686\/revisions\/5691"}],"wp:attachment":[{"href":"https:\/\/centros.unileon.es\/derecho\/wp-json\/wp\/v2\/media?parent=5686"}],"curies":[{"name":"wp","href":"https:\/\/api.w.org\/{rel}","templated":true}]}}