{"id":5676,"date":"2024-10-07T16:34:12","date_gmt":"2024-10-07T16:34:12","guid":{"rendered":"https:\/\/centros.unileon.es\/derecho\/?page_id=5676"},"modified":"2024-10-07T16:40:56","modified_gmt":"2024-10-07T16:40:56","slug":"conferencia-better-than-who-human-enhancement-and-the-ethics-of-the-imperfection-27-de-noviembre-de-2024","status":"publish","type":"page","link":"https:\/\/centros.unileon.es\/derecho\/conferencia-better-than-who-human-enhancement-and-the-ethics-of-the-imperfection-27-de-noviembre-de-2024\/","title":{"rendered":"Conferencia sobre Aspectos legales y sociales del proceso investigador, 27 de noviembre de 2024"},"content":{"rendered":"<a href=\"https:\/\/centros.unileon.es\/derecho\/files\/2024\/10\/2024.11.27.-Cartel-Rosana-Trivino.jpg\"><img loading=\"lazy\" decoding=\"async\" class=\"alignnone wp-image-5682\" src=\"https:\/\/centros.unileon.es\/derecho\/files\/2024\/10\/2024.11.27.-Cartel-Rosana-Trivino-212x300.jpg\" alt=\"\" width=\"237\" height=\"335\" srcset=\"https:\/\/centros.unileon.es\/derecho\/files\/2024\/10\/2024.11.27.-Cartel-Rosana-Trivino-212x300.jpg 212w, https:\/\/centros.unileon.es\/derecho\/files\/2024\/10\/2024.11.27.-Cartel-Rosana-Trivino-724x1024.jpg 724w, https:\/\/centros.unileon.es\/derecho\/files\/2024\/10\/2024.11.27.-Cartel-Rosana-Trivino-768x1086.jpg 768w, https:\/\/centros.unileon.es\/derecho\/files\/2024\/10\/2024.11.27.-Cartel-Rosana-Trivino-1086x1536.jpg 1086w, https:\/\/centros.unileon.es\/derecho\/files\/2024\/10\/2024.11.27.-Cartel-Rosana-Trivino-1448x2048.jpg 1448w, https:\/\/centros.unileon.es\/derecho\/files\/2024\/10\/2024.11.27.-Cartel-Rosana-Trivino.jpg 1654w\" sizes=\"auto, (max-width: 237px) 100vw, 237px\" \/><\/a>\r\n<p style=\"text-align: justify;\">La Profa. Dra. Rosana Trivi\u00f1o Caballero, impartir\u00e1 en el Sal\u00f3n de Grados de la Facultad de Derecho la conferencia \u00abBetter than who? Human enhancement and the ethics of the (im)perfection\u00bb, que propone una reflexi\u00f3n sobre los aspectos legales y sociales del proceso investigador, actividad organizada por el Grupo de Investigaci\u00f3n INNAIN, el Grupo de Innovaci\u00f3n Docente GID-INI y la Facultad de Derecho.<\/p>\r\n\r\n<ul>\r\n \t<li><strong>Fecha:<\/strong> 27 de noviembre de 2024.<\/li>\r\n \t<li><strong>Lugar:<\/strong> Sal\u00f3n de Grados de la Facultad de Derecho.<\/li>\r\n \t<li><a href=\"https:\/\/centros.unileon.es\/derecho\/files\/2024\/10\/2024.11.27.-Cartel-Rosana-Trivino.pdf\">Cartel del Evento<\/a><\/li>\r\n<\/ul>","protected":false},"excerpt":{"rendered":"<p>La Profa. Dra. Rosana Trivi\u00f1o Caballero, impartir\u00e1 en el Sal\u00f3n de Grados de la Facultad de Derecho la conferencia \u00abBetter than who? Human enhancement and the ethics of the (im)perfection\u00bb, que propone una reflexi\u00f3n sobre los aspectos legales y sociales del proceso investigador, actividad organizada por el Grupo de Investigaci\u00f3n INNAIN, el Grupo de Innovaci\u00f3n [&hellip;]<\/p>\n","protected":false},"author":149,"featured_media":0,"parent":0,"menu_order":0,"comment_status":"closed","ping_status":"closed","template":"","meta":{"footnotes":""},"class_list":["post-5676","page","type-page","status-publish","hentry"],"_links":{"self":[{"href":"https:\/\/centros.unileon.es\/derecho\/wp-json\/wp\/v2\/pages\/5676","targetHints":{"allow":["GET"]}}],"collection":[{"href":"https:\/\/centros.unileon.es\/derecho\/wp-json\/wp\/v2\/pages"}],"about":[{"href":"https:\/\/centros.unileon.es\/derecho\/wp-json\/wp\/v2\/types\/page"}],"author":[{"embeddable":true,"href":"https:\/\/centros.unileon.es\/derecho\/wp-json\/wp\/v2\/users\/149"}],"replies":[{"embeddable":true,"href":"https:\/\/centros.unileon.es\/derecho\/wp-json\/wp\/v2\/comments?post=5676"}],"version-history":[{"count":6,"href":"https:\/\/centros.unileon.es\/derecho\/wp-json\/wp\/v2\/pages\/5676\/revisions"}],"predecessor-version":[{"id":5684,"href":"https:\/\/centros.unileon.es\/derecho\/wp-json\/wp\/v2\/pages\/5676\/revisions\/5684"}],"wp:attachment":[{"href":"https:\/\/centros.unileon.es\/derecho\/wp-json\/wp\/v2\/media?parent=5676"}],"curies":[{"name":"wp","href":"https:\/\/api.w.org\/{rel}","templated":true}]}}