{"id":5639,"date":"2024-09-12T07:01:55","date_gmt":"2024-09-12T07:01:55","guid":{"rendered":"https:\/\/centros.unileon.es\/derecho\/?page_id=5639"},"modified":"2024-09-12T12:19:24","modified_gmt":"2024-09-12T12:19:24","slug":"jornada-sobre-mediacion-contencioso-administrativa-12-de-septiembre-de-2024","status":"publish","type":"page","link":"https:\/\/centros.unileon.es\/derecho\/jornada-sobre-mediacion-contencioso-administrativa-12-de-septiembre-de-2024\/","title":{"rendered":"Jornada sobre Mediaci\u00f3n Contencioso-Administrativa, 12 de septiembre de 2024"},"content":{"rendered":"<a href=\"https:\/\/centros.unileon.es\/derecho\/files\/2024\/09\/uleFacultadDerecho.jpg\"><img loading=\"lazy\" decoding=\"async\" class=\"alignnone size-medium wp-image-5640\" src=\"https:\/\/centros.unileon.es\/derecho\/files\/2024\/09\/uleFacultadDerecho-300x180.jpg\" alt=\"\" width=\"300\" height=\"180\" srcset=\"https:\/\/centros.unileon.es\/derecho\/files\/2024\/09\/uleFacultadDerecho-300x180.jpg 300w, https:\/\/centros.unileon.es\/derecho\/files\/2024\/09\/uleFacultadDerecho-768x461.jpg 768w, https:\/\/centros.unileon.es\/derecho\/files\/2024\/09\/uleFacultadDerecho.jpg 1000w\" sizes=\"auto, (max-width: 300px) 100vw, 300px\" \/><\/a>\r\n\r\nLa Facultad de Derecho de la Universidad de Le\u00f3n, acoge la II Jornada de Mediaci\u00f3n Contencioso Administrativa.\r\n<ul>\r\n \t<li>Lugar: Sal\u00f3n de Grados de la Facultad de Derecho y Ciencias del Trabajo.<\/li>\r\n \t<li>Fecha y hora: d\u00eda 12 de septiembre de 2024, de 11:00 a 14:00 hs.<\/li>\r\n \t<li><a href=\"https:\/\/centros.unileon.es\/derecho\/files\/2024\/09\/2024.09.12.-PROGRAMA-JORNADA-SOBRE-LA-MEDIACION-CONTENCIOSO-ADMINISTRATIVA.pdf\">Enlace<\/a><\/li>\r\n<\/ul>","protected":false},"excerpt":{"rendered":"<p>La Facultad de Derecho de la Universidad de Le\u00f3n, acoge la II Jornada de Mediaci\u00f3n Contencioso Administrativa. Lugar: Sal\u00f3n de Grados de la Facultad de Derecho y Ciencias del Trabajo. Fecha y hora: d\u00eda 12 de septiembre de 2024, de 11:00 a 14:00 hs. Enlace<\/p>\n","protected":false},"author":149,"featured_media":0,"parent":0,"menu_order":0,"comment_status":"closed","ping_status":"closed","template":"","meta":{"footnotes":""},"class_list":["post-5639","page","type-page","status-publish","hentry"],"_links":{"self":[{"href":"https:\/\/centros.unileon.es\/derecho\/wp-json\/wp\/v2\/pages\/5639","targetHints":{"allow":["GET"]}}],"collection":[{"href":"https:\/\/centros.unileon.es\/derecho\/wp-json\/wp\/v2\/pages"}],"about":[{"href":"https:\/\/centros.unileon.es\/derecho\/wp-json\/wp\/v2\/types\/page"}],"author":[{"embeddable":true,"href":"https:\/\/centros.unileon.es\/derecho\/wp-json\/wp\/v2\/users\/149"}],"replies":[{"embeddable":true,"href":"https:\/\/centros.unileon.es\/derecho\/wp-json\/wp\/v2\/comments?post=5639"}],"version-history":[{"count":2,"href":"https:\/\/centros.unileon.es\/derecho\/wp-json\/wp\/v2\/pages\/5639\/revisions"}],"predecessor-version":[{"id":5645,"href":"https:\/\/centros.unileon.es\/derecho\/wp-json\/wp\/v2\/pages\/5639\/revisions\/5645"}],"wp:attachment":[{"href":"https:\/\/centros.unileon.es\/derecho\/wp-json\/wp\/v2\/media?parent=5639"}],"curies":[{"name":"wp","href":"https:\/\/api.w.org\/{rel}","templated":true}]}}