{"id":5635,"date":"2024-09-12T06:54:17","date_gmt":"2024-09-12T06:54:17","guid":{"rendered":"https:\/\/centros.unileon.es\/derecho\/?page_id=5635"},"modified":"2024-09-12T06:54:27","modified_gmt":"2024-09-12T06:54:27","slug":"ii-jornada-retos-juridicos-del-sector-sanitario-zonas-de-dificil-cobertura-y-enfermedades-cronicas-15-y-16-de-octubre-de-2024","status":"publish","type":"page","link":"https:\/\/centros.unileon.es\/derecho\/ii-jornada-retos-juridicos-del-sector-sanitario-zonas-de-dificil-cobertura-y-enfermedades-cronicas-15-y-16-de-octubre-de-2024\/","title":{"rendered":"II Jornada: Retos jur\u00eddicos del sector sanitario: zonas de dif\u00edcil cobertura y enfermedades cr\u00f3nicas, 15 y 16 de octubre de 2024"},"content":{"rendered":"El Sal\u00f3n de Grados de las Facultades de Derecho y Ciencias del Trabajo acoge la II edici\u00f3n del Curso sobre Retos jur\u00eddicos del sector sanitario que tratar\u00e1 sobre Zonas de dif\u00edcil cobertura y enfermedades cr\u00f3nicas.\r\n<ul>\r\n \t<li>Lugar: Sal\u00f3n de Grados de las Facultades de Derecho y Ciencias delo Trabajo.<\/li>\r\n \t<li>Fecha y horario: d\u00eda 15 y 16 de octubre, de 16:00 a 20:15 hs.<\/li>\r\n \t<li>M\u00e1s informaci\u00f3n e Inscripci\u00f3n: <a href=\"https:\/\/centros.unileon.es\/derecho\/files\/2024\/09\/2024.10.15.-Diptico-PROGRAMA-Curso-Reyes.pdf\">enlace<\/a>.<\/li>\r\n \t<li>Reconocidos: 0,5 cr\u00e9ditos ECTS.<\/li>\r\n<\/ul>\r\n&nbsp;","protected":false},"excerpt":{"rendered":"<p>El Sal\u00f3n de Grados de las Facultades de Derecho y Ciencias del Trabajo acoge la II edici\u00f3n del Curso sobre Retos jur\u00eddicos del sector sanitario que tratar\u00e1 sobre Zonas de dif\u00edcil cobertura y enfermedades cr\u00f3nicas. Lugar: Sal\u00f3n de Grados de las Facultades de Derecho y Ciencias delo Trabajo. Fecha y horario: d\u00eda 15 y 16 [&hellip;]<\/p>\n","protected":false},"author":149,"featured_media":0,"parent":0,"menu_order":0,"comment_status":"closed","ping_status":"closed","template":"","meta":{"footnotes":""},"class_list":["post-5635","page","type-page","status-publish","hentry"],"_links":{"self":[{"href":"https:\/\/centros.unileon.es\/derecho\/wp-json\/wp\/v2\/pages\/5635","targetHints":{"allow":["GET"]}}],"collection":[{"href":"https:\/\/centros.unileon.es\/derecho\/wp-json\/wp\/v2\/pages"}],"about":[{"href":"https:\/\/centros.unileon.es\/derecho\/wp-json\/wp\/v2\/types\/page"}],"author":[{"embeddable":true,"href":"https:\/\/centros.unileon.es\/derecho\/wp-json\/wp\/v2\/users\/149"}],"replies":[{"embeddable":true,"href":"https:\/\/centros.unileon.es\/derecho\/wp-json\/wp\/v2\/comments?post=5635"}],"version-history":[{"count":1,"href":"https:\/\/centros.unileon.es\/derecho\/wp-json\/wp\/v2\/pages\/5635\/revisions"}],"predecessor-version":[{"id":5637,"href":"https:\/\/centros.unileon.es\/derecho\/wp-json\/wp\/v2\/pages\/5635\/revisions\/5637"}],"wp:attachment":[{"href":"https:\/\/centros.unileon.es\/derecho\/wp-json\/wp\/v2\/media?parent=5635"}],"curies":[{"name":"wp","href":"https:\/\/api.w.org\/{rel}","templated":true}]}}