{"id":563,"date":"2014-10-24T12:40:59","date_gmt":"2014-10-24T12:40:59","guid":{"rendered":"http:\/\/centros.unileon.es\/derecho\/?page_id=563"},"modified":"2014-10-24T12:41:46","modified_gmt":"2014-10-24T12:41:46","slug":"cine-forum","status":"publish","type":"page","link":"https:\/\/centros.unileon.es\/derecho\/cine-forum\/","title":{"rendered":"Cine F\u00f3rum. El cine y la Biotecnolog\u00eda: una relaci\u00f3n de pel\u00edcula"},"content":{"rendered":"El \u00c1rea de Derecho Eclesi\u00e1stico del Estado organiza dentro de la Semana Nacional de la Biotecnolog\u00eda un Cine F\u00f3rum titulado \u00abEl cine y la Biotecnolog\u00eda: una relaci\u00f3n de pel\u00edcula\u00bb.\r\n\r\nFechas de celebraci\u00f3n: 29 de octubre y 5 y 10 de noviembre de 2014.\r\n\r\nLugar de celebraci\u00f3n: Espacio v\u00edas y Aula Magna Facultad de Ciencias Biol\u00f3gicas y Ambientales.\r\n\r\nPara m\u00e1s informaci\u00f3n pinchar <a href=\"http:\/\/centros.unileon.es\/derecho\/files\/2014\/10\/Cartel-Cine-Forum.pdf\">aqu\u00ed<\/a>.","protected":false},"excerpt":{"rendered":"<p>El \u00c1rea de Derecho Eclesi\u00e1stico del Estado organiza dentro de la Semana Nacional de la Biotecnolog\u00eda un Cine F\u00f3rum titulado \u00abEl cine y la Biotecnolog\u00eda: una relaci\u00f3n de pel\u00edcula\u00bb. Fechas de celebraci\u00f3n: 29 de octubre y 5 y 10 de noviembre de 2014. Lugar de celebraci\u00f3n: Espacio v\u00edas y Aula Magna Facultad de Ciencias Biol\u00f3gicas [&hellip;]<\/p>\n","protected":false},"author":67,"featured_media":0,"parent":0,"menu_order":0,"comment_status":"closed","ping_status":"open","template":"","meta":{"footnotes":""},"class_list":["post-563","page","type-page","status-publish","hentry"],"_links":{"self":[{"href":"https:\/\/centros.unileon.es\/derecho\/wp-json\/wp\/v2\/pages\/563","targetHints":{"allow":["GET"]}}],"collection":[{"href":"https:\/\/centros.unileon.es\/derecho\/wp-json\/wp\/v2\/pages"}],"about":[{"href":"https:\/\/centros.unileon.es\/derecho\/wp-json\/wp\/v2\/types\/page"}],"author":[{"embeddable":true,"href":"https:\/\/centros.unileon.es\/derecho\/wp-json\/wp\/v2\/users\/67"}],"replies":[{"embeddable":true,"href":"https:\/\/centros.unileon.es\/derecho\/wp-json\/wp\/v2\/comments?post=563"}],"version-history":[{"count":2,"href":"https:\/\/centros.unileon.es\/derecho\/wp-json\/wp\/v2\/pages\/563\/revisions"}],"predecessor-version":[{"id":567,"href":"https:\/\/centros.unileon.es\/derecho\/wp-json\/wp\/v2\/pages\/563\/revisions\/567"}],"wp:attachment":[{"href":"https:\/\/centros.unileon.es\/derecho\/wp-json\/wp\/v2\/media?parent=563"}],"curies":[{"name":"wp","href":"https:\/\/api.w.org\/{rel}","templated":true}]}}