{"id":5617,"date":"2024-09-11T09:50:44","date_gmt":"2024-09-11T09:50:44","guid":{"rendered":"https:\/\/centros.unileon.es\/derecho\/?page_id=5617"},"modified":"2024-09-11T10:18:23","modified_gmt":"2024-09-11T10:18:23","slug":"jornada-regimen-juridico-de-los-sistemas-de-informacion-de-denuncias-y-ciberseguridad-20-de-septiembre-de-2024","status":"publish","type":"page","link":"https:\/\/centros.unileon.es\/derecho\/jornada-regimen-juridico-de-los-sistemas-de-informacion-de-denuncias-y-ciberseguridad-20-de-septiembre-de-2024\/","title":{"rendered":"Jornada: R\u00e9gimen jur\u00eddico de los sistemas de informaci\u00f3n de denuncias y ciberseguridad, 20 de septiembre de 2024"},"content":{"rendered":"<h4><strong>JORNADA: R\u00c9GIMEN JUR\u00cdDICO DE LOS SISTEMAS DE INFORMACI\u00d3N DE DENUNCIAS Y CIBERSEGURIDAD<\/strong><\/h4>\r\n<ul>\r\n \t<li>Lugar: Sal\u00f3n de Grados de la Facultad de Derecho de la Universidad de Le\u00f3n.<\/li>\r\n \t<li>Fecha y horario: 20 de septiembre de 2024, de 8:30 a 14:00 y de 16:00 a 20:30.<\/li>\r\n \t<li>Cr\u00e9ditos ECTS reconocidos: 0,5.<\/li>\r\n \t<li>Informaci\u00f3n y matr\u00edcula en el siguiente <a href=\"https:\/\/centros.unileon.es\/derecho\/files\/2024\/09\/2024.09.20.-CatedrasCyberAdministrativo.pdf\">enlace<\/a>.<\/li>\r\n<\/ul>","protected":false},"excerpt":{"rendered":"<p>JORNADA: R\u00c9GIMEN JUR\u00cdDICO DE LOS SISTEMAS DE INFORMACI\u00d3N DE DENUNCIAS Y CIBERSEGURIDAD Lugar: Sal\u00f3n de Grados de la Facultad de Derecho de la Universidad de Le\u00f3n. Fecha y horario: 20 de septiembre de 2024, de 8:30 a 14:00 y de 16:00 a 20:30. Cr\u00e9ditos ECTS reconocidos: 0,5. Informaci\u00f3n y matr\u00edcula en el siguiente enlace.<\/p>\n","protected":false},"author":149,"featured_media":0,"parent":0,"menu_order":0,"comment_status":"closed","ping_status":"closed","template":"","meta":{"footnotes":""},"class_list":["post-5617","page","type-page","status-publish","hentry"],"_links":{"self":[{"href":"https:\/\/centros.unileon.es\/derecho\/wp-json\/wp\/v2\/pages\/5617","targetHints":{"allow":["GET"]}}],"collection":[{"href":"https:\/\/centros.unileon.es\/derecho\/wp-json\/wp\/v2\/pages"}],"about":[{"href":"https:\/\/centros.unileon.es\/derecho\/wp-json\/wp\/v2\/types\/page"}],"author":[{"embeddable":true,"href":"https:\/\/centros.unileon.es\/derecho\/wp-json\/wp\/v2\/users\/149"}],"replies":[{"embeddable":true,"href":"https:\/\/centros.unileon.es\/derecho\/wp-json\/wp\/v2\/comments?post=5617"}],"version-history":[{"count":8,"href":"https:\/\/centros.unileon.es\/derecho\/wp-json\/wp\/v2\/pages\/5617\/revisions"}],"predecessor-version":[{"id":5634,"href":"https:\/\/centros.unileon.es\/derecho\/wp-json\/wp\/v2\/pages\/5617\/revisions\/5634"}],"wp:attachment":[{"href":"https:\/\/centros.unileon.es\/derecho\/wp-json\/wp\/v2\/media?parent=5617"}],"curies":[{"name":"wp","href":"https:\/\/api.w.org\/{rel}","templated":true}]}}