{"id":556,"date":"2014-10-22T11:59:11","date_gmt":"2014-10-22T11:59:11","guid":{"rendered":"http:\/\/centros.unileon.es\/derecho\/?page_id=556"},"modified":"2014-10-22T11:59:11","modified_gmt":"2014-10-22T11:59:11","slug":"conferencia-sobre-sociedad-plural-ciudadania-compleja-estado-laico","status":"publish","type":"page","link":"https:\/\/centros.unileon.es\/derecho\/conferencia-sobre-sociedad-plural-ciudadania-compleja-estado-laico\/","title":{"rendered":"Conferencia sobre Sociedad plural, ciudadan\u00eda compleja, Estado laico"},"content":{"rendered":"El \u00c1rea de Derecho Eclesi\u00e1stico del Estado de la Universidad de Le\u00f3n organiza una Conferencia sobre Sociedad plural, ciudadan\u00eda compleja, Estado laico.\r\n\r\nFecha: Jueves 23 de Octubre de 2014 a las 16.00 horas.\r\n\r\nLugar: Sal\u00f3n de Grados de la Facultad de Derecho.\r\n\r\nPara m\u00e1s informaci\u00f3n pincha <a href=\"http:\/\/centros.unileon.es\/derecho\/files\/2014\/10\/Cartel-Conferencia-Derecho-Eclesi\u00e1stico-del-Estado.pdf\">aqu\u00ed<\/a>.","protected":false},"excerpt":{"rendered":"<p>El \u00c1rea de Derecho Eclesi\u00e1stico del Estado de la Universidad de Le\u00f3n organiza una Conferencia sobre Sociedad plural, ciudadan\u00eda compleja, Estado laico. Fecha: Jueves 23 de Octubre de 2014 a las 16.00 horas. Lugar: Sal\u00f3n de Grados de la Facultad de Derecho. Para m\u00e1s informaci\u00f3n pincha aqu\u00ed.<\/p>\n","protected":false},"author":67,"featured_media":0,"parent":0,"menu_order":0,"comment_status":"closed","ping_status":"open","template":"","meta":{"footnotes":""},"class_list":["post-556","page","type-page","status-publish","hentry"],"_links":{"self":[{"href":"https:\/\/centros.unileon.es\/derecho\/wp-json\/wp\/v2\/pages\/556","targetHints":{"allow":["GET"]}}],"collection":[{"href":"https:\/\/centros.unileon.es\/derecho\/wp-json\/wp\/v2\/pages"}],"about":[{"href":"https:\/\/centros.unileon.es\/derecho\/wp-json\/wp\/v2\/types\/page"}],"author":[{"embeddable":true,"href":"https:\/\/centros.unileon.es\/derecho\/wp-json\/wp\/v2\/users\/67"}],"replies":[{"embeddable":true,"href":"https:\/\/centros.unileon.es\/derecho\/wp-json\/wp\/v2\/comments?post=556"}],"version-history":[{"count":1,"href":"https:\/\/centros.unileon.es\/derecho\/wp-json\/wp\/v2\/pages\/556\/revisions"}],"predecessor-version":[{"id":558,"href":"https:\/\/centros.unileon.es\/derecho\/wp-json\/wp\/v2\/pages\/556\/revisions\/558"}],"wp:attachment":[{"href":"https:\/\/centros.unileon.es\/derecho\/wp-json\/wp\/v2\/media?parent=556"}],"curies":[{"name":"wp","href":"https:\/\/api.w.org\/{rel}","templated":true}]}}