{"id":5540,"date":"2024-07-06T17:51:33","date_gmt":"2024-07-06T17:51:33","guid":{"rendered":"https:\/\/centros.unileon.es\/derecho\/?page_id=5540"},"modified":"2024-07-06T17:51:42","modified_gmt":"2024-07-06T17:51:42","slug":"congreso-crimen-organizado-prision-y-ciberdelincuencia-del-23-al-27-de-septiembre-de-2024","status":"publish","type":"page","link":"https:\/\/centros.unileon.es\/derecho\/congreso-crimen-organizado-prision-y-ciberdelincuencia-del-23-al-27-de-septiembre-de-2024\/","title":{"rendered":"Congreso: Crimen organizado, prisi\u00f3n y ciberdelincuencia, del 23 al 27 de septiembre de 2024."},"content":{"rendered":"<strong>PRESENTACI\u00d3N:<\/strong>\r\n<div id=\"elementor-tab-content-1831\" class=\"elementor-tab-content elementor-clearfix elementor-active\" role=\"region\" data-tab=\"1\" aria-labelledby=\"elementor-tab-title-1831\">\r\n<p style=\"text-align: justify;\">La Universidad de Le\u00f3n y el Centro de Estudios Socio Jur\u00eddicos Latinoamericanos CESJUL se unen para lanzar el primer Congreso y Pasant\u00eda Iberoamericana en Criminalidad Organizada, Prisi\u00f3n y Ciberseguridad como parte de las estrategias de fortalecimiento acad\u00e9mico internacional y actualizaci\u00f3n profesional en asuntos de importante relevancia.<\/p>\r\n<p style=\"text-align: justify;\">Esta actividad abordar\u00e1 los principales desaf\u00edos internacionales en materia de investigaci\u00f3n y judicializaci\u00f3n, as\u00ed como en litigio y asuntos probatorios en temas de crimen organizado y ciberseguridad, e igualmente desarrollar\u00e1 un capitulo especial sobre prisi\u00f3n, abordando la crisis del actual sistema y las propuestas para superarlos desde una perspectiva humanista y acorde con los problemas de inseguridad e impunidad.<\/p>\r\n<p style=\"text-align: justify;\">La coordinaci\u00f3n acad\u00e9mica est\u00e1 a cargo del Prof. Dr. Dr. hc. mult. Miguel D\u00edaz y Garc\u00eda Conlledo, uno de los penalistas m\u00e1s destacados de la actualidad, quien liderara el equipo docente en la presente actividad acad\u00e9mica.<\/p>\r\n\r\n<\/div>\r\n<strong>METODOLOG\u00cdA:<\/strong>\r\n<p style=\"text-align: justify;\">La pasant\u00eda tiene una metodolog\u00eda de aprender haciendo, donde abordamos distintas fases de aprendizaje como el desarrollo conceptual, ejercicios grupales, juego de roles, simulaci\u00f3n de casos, con su respectiva retroalimentaci\u00f3n y visita laboratorios de ciberseguridad, en una ciudad como lo es Le\u00f3n, destacada a nivel internacional con su desarrollo tecnol\u00f3gico.<\/p>\r\n<p style=\"text-align: justify;\">Igualmente, se realizar\u00e1 el primer Congreso mencionado previamente cuya certificaci\u00f3n ser\u00e1 adicional, donde se debatir\u00e1n con docenes e investigadores expertos en la materia tanto en conferencias como paneles de discusi\u00f3n y an\u00e1lisis.<\/p>\r\n<strong>OBJETIVO GENERAL:<\/strong>\r\n<p style=\"text-align: justify;\">Realizar dos cursos te\u00f3rico-pr\u00e1cticos en Le\u00f3n-Espa\u00f1a que aborde las discusiones dogm\u00e1ticas y procesales en torno a la criminalidad organizada, la ciberseguridad y la prisi\u00f3n, abordando las etapas de investigaci\u00f3n y judicializaci\u00f3n mediante talleres con casos tipo que faciliten la participaci\u00f3n de los asistentes y las posibles alternativas de soluci\u00f3n a estos asuntos.<\/p>\r\n<strong>DESTINATARIOS:<\/strong>\r\n<p style=\"text-align: justify;\">De acuerdo con la tem\u00e1tica, el objetivo se enfoca principalmente en abogadas y abogados que se desempe\u00f1en en roles como fiscales, jueces y defensores tanto p\u00fablicos, como particulares, adem\u00e1s de investigadores judiciales, ingenier\u00edas de sistemas o afines y acad\u00e9micos de distintas profesiones y experticias t\u00e9cnicas.<\/p>\r\n<strong>DOCENTES:<\/strong>\r\n<p style=\"text-align: justify;\">El curso se impartir\u00e1 por docentes de amplia experiencia cient\u00edfica, profesional y litigantes en la materia, cuyos <em>curr\u00edculum vitae<\/em> se publicar\u00e1n a m\u00e1s tardar el 15 de agosto de 2024, basados en la disponibilidad de estos y garantizando que los elegidos cumplan con altos est\u00e1ndares de excelencia acad\u00e9mica.<\/p>\r\n<strong>DURACI\u00d3N:<\/strong>\r\n<div id=\"elementor-tab-content-1836\" class=\"elementor-tab-content elementor-clearfix elementor-active\" role=\"region\" data-tab=\"6\" aria-labelledby=\"elementor-tab-title-1836\">\r\n\r\nEsta actividad acad\u00e9mica se realizar\u00e1 de la siguiente manera:\r\n<ul>\r\n \t<li>23 de septiembre en jornada vespertina<\/li>\r\n \t<li>24 de septiembre en jornadas matutina y vespertina<\/li>\r\n \t<li>25 de septiembre en jornadas matutina y vespertina<\/li>\r\n \t<li>26 de septiembre en jornadas matutina y vespertina<\/li>\r\n \t<li>27 de septiembre en jornadas matutina<\/li>\r\n<\/ul>\r\nPara la pasant\u00eda se emite constancia de asistencia por ochenta (80) horas acad\u00e9micas.\r\n\r\nPara el congreso se emite constancia de asistencia por cuarenta (40) horas acad\u00e9micas.\r\n\r\n<\/div>\r\n<strong>LUGAR Y FECHAS:<\/strong>\r\n<div id=\"elementor-tab-content-1837\" class=\"elementor-tab-content elementor-clearfix elementor-active\" role=\"region\" data-tab=\"7\" aria-labelledby=\"elementor-tab-title-1837\">\r\n<ul>\r\n \t<li><strong>Fechas:<\/strong> Se realizar\u00e1 del 23 al 27 de septiembre de 2024.<\/li>\r\n \t<li><strong>Lugar:<\/strong> Centro de Le\u00f3n, edificio de Rectorado (el Alb\u00e9itar): Avda. de la Facultad, 25 24004 \u2013 Le\u00f3n.<\/li>\r\n<\/ul>\r\n<strong>INSCRIPCI\u00d3N Y PAGO:<\/strong>\r\n\r\n<a href=\"https:\/\/docs.google.com\/forms\/d\/e\/1FAIpQLSd3U9giCj_we8tHxQO9NcdKhlPKXhafU2_0LcFYcPHblroIwA\/viewform\">Formulario de preinscripci\u00f3n<\/a>\r\n\r\n<strong>M\u00c1S INFORMACI\u00d3N EN:<\/strong>\r\n<ul>\r\n \t<li>WhatsApp +573142703550<\/li>\r\n \t<li>E-mail: <a href=\"mailto:comercial.cesjul@gmail.com\">comercial.cesjul@gmail.com<\/a>, <a href=\"mailto:info@cesjul.org\">info@cesjul.org<\/a>,<\/li>\r\n \t<li>P\u00e1gina Web: <a href=\"http:\/\/www.cesjul.org\">www.cesjul.org<\/a><\/li>\r\n<\/ul>\r\n<\/div>","protected":false},"excerpt":{"rendered":"<p>PRESENTACI\u00d3N: La Universidad de Le\u00f3n y el Centro de Estudios Socio Jur\u00eddicos Latinoamericanos CESJUL se unen para lanzar el primer Congreso y Pasant\u00eda Iberoamericana en Criminalidad Organizada, Prisi\u00f3n y Ciberseguridad como parte de las estrategias de fortalecimiento acad\u00e9mico internacional y actualizaci\u00f3n profesional en asuntos de importante relevancia. Esta actividad abordar\u00e1 los principales desaf\u00edos internacionales en [&hellip;]<\/p>\n","protected":false},"author":149,"featured_media":0,"parent":0,"menu_order":0,"comment_status":"closed","ping_status":"closed","template":"","meta":{"footnotes":""},"class_list":["post-5540","page","type-page","status-publish","hentry"],"_links":{"self":[{"href":"https:\/\/centros.unileon.es\/derecho\/wp-json\/wp\/v2\/pages\/5540","targetHints":{"allow":["GET"]}}],"collection":[{"href":"https:\/\/centros.unileon.es\/derecho\/wp-json\/wp\/v2\/pages"}],"about":[{"href":"https:\/\/centros.unileon.es\/derecho\/wp-json\/wp\/v2\/types\/page"}],"author":[{"embeddable":true,"href":"https:\/\/centros.unileon.es\/derecho\/wp-json\/wp\/v2\/users\/149"}],"replies":[{"embeddable":true,"href":"https:\/\/centros.unileon.es\/derecho\/wp-json\/wp\/v2\/comments?post=5540"}],"version-history":[{"count":2,"href":"https:\/\/centros.unileon.es\/derecho\/wp-json\/wp\/v2\/pages\/5540\/revisions"}],"predecessor-version":[{"id":5542,"href":"https:\/\/centros.unileon.es\/derecho\/wp-json\/wp\/v2\/pages\/5540\/revisions\/5542"}],"wp:attachment":[{"href":"https:\/\/centros.unileon.es\/derecho\/wp-json\/wp\/v2\/media?parent=5540"}],"curies":[{"name":"wp","href":"https:\/\/api.w.org\/{rel}","templated":true}]}}