{"id":5504,"date":"2024-07-06T16:56:01","date_gmt":"2024-07-06T16:56:01","guid":{"rendered":"https:\/\/centros.unileon.es\/derecho\/?page_id=5504"},"modified":"2024-07-06T17:36:39","modified_gmt":"2024-07-06T17:36:39","slug":"ix-congreso-internacional-transparencia-y-gobierno-abierto-del-25-al-27-de-septiembre-de-2024-2","status":"publish","type":"page","link":"https:\/\/centros.unileon.es\/derecho\/ix-congreso-internacional-transparencia-y-gobierno-abierto-del-25-al-27-de-septiembre-de-2024-2\/","title":{"rendered":"IX Congreso Internacional Transparencia y Gobierno Abierto, del 25 al 27 de septiembre de 2024."},"content":{"rendered":"<h3><strong>IX Congreso Internacional Transparencia y Gobierno Abierto<\/strong><\/h3>\r\n<h4>25 a 27 de septiembre de 2024. Le\u00f3n (Espa\u00f1a). <a href=\"https:\/\/centros.unileon.es\/derecho\/files\/2024\/07\/cropped-logo-congreso-IX-unico.png\"><img loading=\"lazy\" decoding=\"async\" class=\"alignnone size-full wp-image-5528\" src=\"https:\/\/centros.unileon.es\/derecho\/files\/2024\/07\/cropped-logo-congreso-IX-unico.png\" alt=\"\" width=\"215\" height=\"98\" \/><\/a><\/h4>\r\n<h3><strong>INSCRIPCIONES ABIERTAS<\/strong><\/h3>\r\n<h4><a href=\"https:\/\/docs.google.com\/forms\/d\/e\/1FAIpQLSddqSza6ECsVS45X2bkdcex6GEfBx-AQpDuseo_HGeqJJGQ9w\/viewform?vc=0&amp;c=0&amp;w=1&amp;flr=0&amp;usp=mail_form_link\">Formulario de Inscripci\u00f3n al IX Congreso Internacional de Transparencia y Buen Gobierno <\/a><\/h4>\r\n<h4 style=\"text-align: justify;\"><strong>PRESENTACI\u00d3N Y BIENVENIDA<\/strong><\/h4>\r\n<p style=\"text-align: justify;\">La ciudad de Le\u00f3n, cuna de los derechos en la pen\u00ednsula y del parlamentarismo acoge el IX Congreso Internacional de Transparencia y Gobierno Abierto (CIT). El Fuero de Le\u00f3n de 1017 bajo el reinado del rey Alfonso V en la Edad Media se adelanta a otros documentos hist\u00f3ricos que reconocen derechos de los ciudadanos. En 1188, la Cortes se re\u00fanen en Le\u00f3n a comienzos de reinado de Alfonso IX, a ella asisten con voz y voto los representantes de los burgos y villas, de esas Cortes se deriva la Carta Magna Leonesa, formada por 17 decretos que ampl\u00edan el Fuero de Le\u00f3n y reconocen derechos y libertades, garant\u00edas y limitaciones al poder real.<\/p>\r\n<p style=\"text-align: justify;\">En este marco hist\u00f3rico, la Facultad de Derecho de la Universidad de Le\u00f3n acoger\u00e1 entre el 25 el 27 de septiembre de 2024 la IX edici\u00f3n del CIT en donde nos reuniremos acad\u00e9micos, funcionarios, pol\u00edticos, periodistas, activistas y, en general, personas preocupadas por una democracia avanzada en la que la transparencia p\u00fablica es un elemento esencial. Aquellos que no puedan desplazarse hasta Le\u00f3n pueden participar <em>online<\/em>.<\/p>\r\n<p style=\"text-align: justify;\">Esta ser\u00e1 la novena edici\u00f3n de un congreso internacional que se ha convertido un referente en la transparencia p\u00fablica y el gobierno abierto, siempre en torno al 28 de septiembre, d\u00eda internacional de la transparencia. La importancia de la materia es tal que Espa\u00f1a copresidir\u00e1 el Comit\u00e9 de Direcci\u00f3n de la Alianza para el Gobierno Abierto (Open Govenrment Partnership) a partir del 1 octubre de 2024 y organizar\u00e1 una Conferencia Global en 2025.<\/p>\r\n<p style=\"text-align: justify;\">En el congreso, a la transparencia y el gobierno abierto se han unido otros asuntos pr\u00f3ximos, entre ellos, el papel de los grupos de inter\u00e9s, los denunciantes de corrupci\u00f3n, la responsabilidad social en transparencia de empresas y sujetos privados, la Inteligencia Artificial y su relaci\u00f3n con la transparencia. Tambi\u00e9n el congreso ha propiciado las reuniones de instituciones, grupos de investigaci\u00f3n y acad\u00e9micos, como las C\u00e1tedras de transparencia y gobierno abierto, los \u00f3rganos garantes de la transparencia y la Coalici\u00f3n Pro Acceso, entre otras. La actividad cultural que ofrece Le\u00f3n creemos que es excelente y nos permitir\u00e1 confraternizar.<\/p>\r\n<p style=\"text-align: justify;\">Animamos a todos a participar en este congreso, presentando ponencias y comunicaciones escritas a los m\u00e1s de 30 grupos de trabajo.<\/p>\r\n\r\n<ul>\r\n \t<li style=\"text-align: justify;\"><strong>Fechas:<\/strong> Del 25 al 27 de septiembre de 2024.<\/li>\r\n \t<li><strong>Lugar:<\/strong>\r\n<ul>\r\n \t<li style=\"text-align: justify;\">Sesiones Plenarias: Sal\u00f3n de Grados de la Facultad de Derecho de la Universidad de Le\u00f3n.<\/li>\r\n \t<li style=\"text-align: justify;\">Reuniones Grupos de Trabajo: Edificio Aulario Universidad de Le\u00f3n.<\/li>\r\n<\/ul>\r\n<\/li>\r\n<\/ul>\r\n<strong><a href=\"https:\/\/www.ci-transparencia.com\/\">Web del Congreso<\/a><\/strong>\r\n\r\n<strong><a href=\"https:\/\/www.ci-transparencia.com\/programa-y-grupos-de-trabajo\/\">Programa del Congreso<\/a><\/strong>\r\n\r\n<a href=\"https:\/\/www.ci-transparencia.com\/propuestas-ponencias\/\"><strong>Propuestas, inscripciones y pago<\/strong><\/a>\r\n\r\n<strong>ORGANIZAN:<\/strong>\r\n<table>\r\n<tbody>\r\n<tr>\r\n<td><a href=\"https:\/\/centros.unileon.es\/derecho\/files\/2024\/07\/logotipo-universidad-de-leon-01-1-1536x786-1.jpg\"><img loading=\"lazy\" decoding=\"async\" class=\"size-medium wp-image-5513 aligncenter\" src=\"https:\/\/centros.unileon.es\/derecho\/files\/2024\/07\/logotipo-universidad-de-leon-01-1-1536x786-1-300x154.jpg\" alt=\"\" width=\"300\" height=\"154\" srcset=\"https:\/\/centros.unileon.es\/derecho\/files\/2024\/07\/logotipo-universidad-de-leon-01-1-1536x786-1-300x154.jpg 300w, https:\/\/centros.unileon.es\/derecho\/files\/2024\/07\/logotipo-universidad-de-leon-01-1-1536x786-1-1024x524.jpg 1024w, https:\/\/centros.unileon.es\/derecho\/files\/2024\/07\/logotipo-universidad-de-leon-01-1-1536x786-1-768x393.jpg 768w, https:\/\/centros.unileon.es\/derecho\/files\/2024\/07\/logotipo-universidad-de-leon-01-1-1536x786-1.jpg 1536w\" sizes=\"auto, (max-width: 300px) 100vw, 300px\" \/><\/a><\/td>\r\n<td><a href=\"https:\/\/centros.unileon.es\/derecho\/files\/2024\/07\/01-cit-ASOC-reducido.png\"><img loading=\"lazy\" decoding=\"async\" class=\"size-medium wp-image-5514 aligncenter\" src=\"https:\/\/centros.unileon.es\/derecho\/files\/2024\/07\/01-cit-ASOC-reducido-300x131.png\" alt=\"\" width=\"300\" height=\"131\" srcset=\"https:\/\/centros.unileon.es\/derecho\/files\/2024\/07\/01-cit-ASOC-reducido-300x131.png 300w, https:\/\/centros.unileon.es\/derecho\/files\/2024\/07\/01-cit-ASOC-reducido-1024x448.png 1024w, https:\/\/centros.unileon.es\/derecho\/files\/2024\/07\/01-cit-ASOC-reducido-768x336.png 768w, https:\/\/centros.unileon.es\/derecho\/files\/2024\/07\/01-cit-ASOC-reducido.png 1170w\" sizes=\"auto, (max-width: 300px) 100vw, 300px\" \/><\/a><\/td>\r\n<td><a href=\"https:\/\/centros.unileon.es\/derecho\/files\/2024\/07\/logo-ucm-1.png\"><img loading=\"lazy\" decoding=\"async\" class=\"wp-image-5515 aligncenter\" src=\"https:\/\/centros.unileon.es\/derecho\/files\/2024\/07\/logo-ucm-1-300x276.png\" alt=\"\" width=\"198\" height=\"182\" srcset=\"https:\/\/centros.unileon.es\/derecho\/files\/2024\/07\/logo-ucm-1-300x276.png 300w, https:\/\/centros.unileon.es\/derecho\/files\/2024\/07\/logo-ucm-1-1024x942.png 1024w, https:\/\/centros.unileon.es\/derecho\/files\/2024\/07\/logo-ucm-1-768x706.png 768w, https:\/\/centros.unileon.es\/derecho\/files\/2024\/07\/logo-ucm-1.png 1181w\" sizes=\"auto, (max-width: 198px) 100vw, 198px\" \/><\/a><\/td>\r\n<\/tr>\r\n<\/tbody>\r\n<\/table>\r\n<table style=\"border-collapse: collapse; width: 100%;\">\r\n<tbody>\r\n<tr>\r\n<td style=\"width: 50%;\"><a href=\"https:\/\/centros.unileon.es\/derecho\/files\/2024\/07\/leon-catedral-123rf-41541654_xxl-1536x691-1.jpg\"><img loading=\"lazy\" decoding=\"async\" class=\"wp-image-5530 alignleft\" src=\"https:\/\/centros.unileon.es\/derecho\/files\/2024\/07\/leon-catedral-123rf-41541654_xxl-1536x691-1-300x135.jpg\" alt=\"\" width=\"363\" height=\"163\" srcset=\"https:\/\/centros.unileon.es\/derecho\/files\/2024\/07\/leon-catedral-123rf-41541654_xxl-1536x691-1-300x135.jpg 300w, https:\/\/centros.unileon.es\/derecho\/files\/2024\/07\/leon-catedral-123rf-41541654_xxl-1536x691-1-1024x461.jpg 1024w, https:\/\/centros.unileon.es\/derecho\/files\/2024\/07\/leon-catedral-123rf-41541654_xxl-1536x691-1-768x346.jpg 768w, https:\/\/centros.unileon.es\/derecho\/files\/2024\/07\/leon-catedral-123rf-41541654_xxl-1536x691-1.jpg 1536w\" sizes=\"auto, (max-width: 363px) 100vw, 363px\" \/><\/a><\/td>\r\n<td style=\"width: 50%;\"><a href=\"https:\/\/centros.unileon.es\/derecho\/files\/2024\/07\/leon-plaza-mayor-118901284-1536x691-1.jpg\"><img loading=\"lazy\" decoding=\"async\" class=\"wp-image-5531 alignleft\" src=\"https:\/\/centros.unileon.es\/derecho\/files\/2024\/07\/leon-plaza-mayor-118901284-1536x691-1-300x135.jpg\" alt=\"\" width=\"369\" height=\"166\" srcset=\"https:\/\/centros.unileon.es\/derecho\/files\/2024\/07\/leon-plaza-mayor-118901284-1536x691-1-300x135.jpg 300w, https:\/\/centros.unileon.es\/derecho\/files\/2024\/07\/leon-plaza-mayor-118901284-1536x691-1-1024x461.jpg 1024w, https:\/\/centros.unileon.es\/derecho\/files\/2024\/07\/leon-plaza-mayor-118901284-1536x691-1-768x346.jpg 768w, https:\/\/centros.unileon.es\/derecho\/files\/2024\/07\/leon-plaza-mayor-118901284-1536x691-1.jpg 1536w\" sizes=\"auto, (max-width: 369px) 100vw, 369px\" \/><\/a><\/td>\r\n<\/tr>\r\n<\/tbody>\r\n<\/table>\r\n&nbsp;","protected":false},"excerpt":{"rendered":"<p>IX Congreso Internacional Transparencia y Gobierno Abierto 25 a 27 de septiembre de 2024. Le\u00f3n (Espa\u00f1a). INSCRIPCIONES ABIERTAS Formulario de Inscripci\u00f3n al IX Congreso Internacional de Transparencia y Buen Gobierno PRESENTACI\u00d3N Y BIENVENIDA La ciudad de Le\u00f3n, cuna de los derechos en la pen\u00ednsula y del parlamentarismo acoge el IX Congreso Internacional de Transparencia y [&hellip;]<\/p>\n","protected":false},"author":149,"featured_media":0,"parent":0,"menu_order":0,"comment_status":"closed","ping_status":"closed","template":"","meta":{"footnotes":""},"class_list":["post-5504","page","type-page","status-publish","hentry"],"_links":{"self":[{"href":"https:\/\/centros.unileon.es\/derecho\/wp-json\/wp\/v2\/pages\/5504","targetHints":{"allow":["GET"]}}],"collection":[{"href":"https:\/\/centros.unileon.es\/derecho\/wp-json\/wp\/v2\/pages"}],"about":[{"href":"https:\/\/centros.unileon.es\/derecho\/wp-json\/wp\/v2\/types\/page"}],"author":[{"embeddable":true,"href":"https:\/\/centros.unileon.es\/derecho\/wp-json\/wp\/v2\/users\/149"}],"replies":[{"embeddable":true,"href":"https:\/\/centros.unileon.es\/derecho\/wp-json\/wp\/v2\/comments?post=5504"}],"version-history":[{"count":19,"href":"https:\/\/centros.unileon.es\/derecho\/wp-json\/wp\/v2\/pages\/5504\/revisions"}],"predecessor-version":[{"id":5539,"href":"https:\/\/centros.unileon.es\/derecho\/wp-json\/wp\/v2\/pages\/5504\/revisions\/5539"}],"wp:attachment":[{"href":"https:\/\/centros.unileon.es\/derecho\/wp-json\/wp\/v2\/media?parent=5504"}],"curies":[{"name":"wp","href":"https:\/\/api.w.org\/{rel}","templated":true}]}}