{"id":5416,"date":"2024-04-30T18:17:50","date_gmt":"2024-04-30T18:17:50","guid":{"rendered":"https:\/\/centros.unileon.es\/derecho\/?page_id=5416"},"modified":"2026-04-10T10:00:07","modified_gmt":"2026-04-10T10:00:07","slug":"elecciones-a-decano-2024","status":"publish","type":"page","link":"https:\/\/centros.unileon.es\/derecho\/elecciones-a-decano-2024\/","title":{"rendered":"Elecciones a Decano 2026"},"content":{"rendered":"<strong>NORMATIVA REGULADORA DE LAS ELECCIONES:<\/strong>\r\n<ul>\r\n \t<li class=\"first-child\"><a href=\"https:\/\/centros.unileon.es\/derecho\/files\/2020\/02\/Estatuto_de_la_Universidad_de_Le\u00f3n.pdf\">Estatuto de la Universidad de Le\u00f3n<\/a><\/li>\r\n \t<li><a href=\"https:\/\/centros.unileon.es\/derecho\/files\/2020\/02\/Normativa_R\u00e9gimen_Interno_FacultadDerecho_ULE.pdf\">Normativa R\u00e9gimen Interno de la Facultad de Derecho<\/a><\/li>\r\n \t<li class=\"last-child\"><a href=\"https:\/\/centros.unileon.es\/derecho\/files\/2020\/02\/Reglamento-Electoral-ULE.pdf\">Reglamento Electoral de la Universidad de Le\u00f3n<\/a><\/li>\r\n<\/ul>\r\n<strong>DOCUMENTOS DEL PROCESO ELECTORAL:<\/strong>\r\n<ul>\r\n \t<li><a href=\"https:\/\/centros.unileon.es\/derecho\/files\/2026\/03\/ConvocatoriaElecciones_Decano-3-de-marzo-de-2026.report.pdf\">ConvocatoriaElecciones_Decano, 3 de marzo de 2026.<\/a><\/li>\r\n \t<li><a href=\"https:\/\/centros.unileon.es\/derecho\/files\/2026\/03\/2_Constitucion_ComisionElectoral.pdf\">Constituci\u00f3n Comisi\u00f3n Electoral<\/a>, 9 de marzo de 2026.<\/li>\r\n \t<li><a href=\"https:\/\/centros.unileon.es\/derecho\/files\/2026\/03\/1_Calendario_Elecciones_Decano.pdf\">Calendario Electoral<\/a>, 9 de marzo de 2026.<\/li>\r\n \t<li><a href=\"https:\/\/centros.unileon.es\/derecho\/files\/2026\/03\/3_CensoElectoral.pdf\">Censo Electoral<\/a><\/li>\r\n \t<li><a href=\"https:\/\/centros.unileon.es\/derecho\/files\/2026\/03\/Normas-de-Votacion_2026.pdf\">Normas de Votaci\u00f3n_2026<\/a><\/li>\r\n \t<li><a href=\"https:\/\/centros.unileon.es\/derecho\/files\/2026\/04\/8_ProclamacionDefinitivaCensoElectoral_EleccionesDecano-a_2026.pdf\">Censo Definitivo<\/a><\/li>\r\n \t<li>Proclamaci\u00f3n Provisional de Candidatos<\/li>\r\n \t<li>Proclamaci\u00f3n Definitiva de Candidatos<\/li>\r\n \t<li>Papeleta de Votaci\u00f3n<\/li>\r\n \t<li>Proclamaci\u00f3n Provisional Resultados<\/li>\r\n \t<li>Proclamaci\u00f3n Definitiva Resultados<\/li>\r\n<\/ul>\r\n&nbsp;","protected":false},"excerpt":{"rendered":"<p>NORMATIVA REGULADORA DE LAS ELECCIONES: Estatuto de la Universidad de Le\u00f3n Normativa R\u00e9gimen Interno de la Facultad de Derecho Reglamento Electoral de la Universidad de Le\u00f3n DOCUMENTOS DEL PROCESO ELECTORAL: ConvocatoriaElecciones_Decano, 3 de marzo de 2026. Constituci\u00f3n Comisi\u00f3n Electoral, 9 de marzo de 2026. Calendario Electoral, 9 de marzo de 2026. Censo Electoral Normas de [&hellip;]<\/p>\n","protected":false},"author":149,"featured_media":0,"parent":0,"menu_order":0,"comment_status":"closed","ping_status":"closed","template":"","meta":{"footnotes":""},"class_list":["post-5416","page","type-page","status-publish","hentry"],"_links":{"self":[{"href":"https:\/\/centros.unileon.es\/derecho\/wp-json\/wp\/v2\/pages\/5416","targetHints":{"allow":["GET"]}}],"collection":[{"href":"https:\/\/centros.unileon.es\/derecho\/wp-json\/wp\/v2\/pages"}],"about":[{"href":"https:\/\/centros.unileon.es\/derecho\/wp-json\/wp\/v2\/types\/page"}],"author":[{"embeddable":true,"href":"https:\/\/centros.unileon.es\/derecho\/wp-json\/wp\/v2\/users\/149"}],"replies":[{"embeddable":true,"href":"https:\/\/centros.unileon.es\/derecho\/wp-json\/wp\/v2\/comments?post=5416"}],"version-history":[{"count":26,"href":"https:\/\/centros.unileon.es\/derecho\/wp-json\/wp\/v2\/pages\/5416\/revisions"}],"predecessor-version":[{"id":6280,"href":"https:\/\/centros.unileon.es\/derecho\/wp-json\/wp\/v2\/pages\/5416\/revisions\/6280"}],"wp:attachment":[{"href":"https:\/\/centros.unileon.es\/derecho\/wp-json\/wp\/v2\/media?parent=5416"}],"curies":[{"name":"wp","href":"https:\/\/api.w.org\/{rel}","templated":true}]}}