{"id":539,"date":"2014-07-30T09:14:26","date_gmt":"2014-07-30T09:14:26","guid":{"rendered":"http:\/\/centros.unileon.es\/derecho\/?page_id=539"},"modified":"2014-07-30T09:14:26","modified_gmt":"2014-07-30T09:14:26","slug":"curso-de-extension-universitaria-sobre-analisis-juridico-de-las-formulas-de-colaboracion-publico-privada-en-la-financiacion-de-obras-y-servicios-publicos","status":"publish","type":"page","link":"https:\/\/centros.unileon.es\/derecho\/curso-de-extension-universitaria-sobre-analisis-juridico-de-las-formulas-de-colaboracion-publico-privada-en-la-financiacion-de-obras-y-servicios-publicos\/","title":{"rendered":"Curso de Extensi\u00f3n Universitaria sobre An\u00e1lisis Jur\u00eddico de las F\u00f3rmulas de Colaboraci\u00f3n P\u00fablico-Privada en la Financiaci\u00f3n de Obras y Servicios P\u00fablicos"},"content":{"rendered":"Las \u00c1reas de Derecho Financierio y Tributario y Derecho Administrativo, en colaboraci\u00f3n con la Unidad de Extensi\u00f3n Universitaria y Relaciones Institucionales, organizan el Curso de Extensi\u00f3n Universitaria titulado \u00abAn\u00e1lisis Jur\u00eddico de las F\u00f3rmulas de Colaboraci\u00f3n P\u00fablico-Privada en la Financiaci\u00f3n de Obras y Servicios P\u00fablicos\u00bb.\r\n\r\nFecha de celebraci\u00f3n: 18 y 19 de Septiembre de 2014.\r\n\r\nLugar de celebraci\u00f3n: Facultad de Derecho.\r\n\r\nPara m\u00e1s informaci\u00f3n pinchar <a href=\"http:\/\/centros.unileon.es\/derecho\/files\/2014\/07\/Cartel-Curso-Extensi\u00f3n-Universitaria-Financiero.pdf\">aqu\u00ed<\/a>.","protected":false},"excerpt":{"rendered":"<p>Las \u00c1reas de Derecho Financierio y Tributario y Derecho Administrativo, en colaboraci\u00f3n con la Unidad de Extensi\u00f3n Universitaria y Relaciones Institucionales, organizan el Curso de Extensi\u00f3n Universitaria titulado \u00abAn\u00e1lisis Jur\u00eddico de las F\u00f3rmulas de Colaboraci\u00f3n P\u00fablico-Privada en la Financiaci\u00f3n de Obras y Servicios P\u00fablicos\u00bb. Fecha de celebraci\u00f3n: 18 y 19 de Septiembre de 2014. Lugar [&hellip;]<\/p>\n","protected":false},"author":67,"featured_media":0,"parent":0,"menu_order":0,"comment_status":"closed","ping_status":"open","template":"","meta":{"footnotes":""},"class_list":["post-539","page","type-page","status-publish","hentry"],"_links":{"self":[{"href":"https:\/\/centros.unileon.es\/derecho\/wp-json\/wp\/v2\/pages\/539","targetHints":{"allow":["GET"]}}],"collection":[{"href":"https:\/\/centros.unileon.es\/derecho\/wp-json\/wp\/v2\/pages"}],"about":[{"href":"https:\/\/centros.unileon.es\/derecho\/wp-json\/wp\/v2\/types\/page"}],"author":[{"embeddable":true,"href":"https:\/\/centros.unileon.es\/derecho\/wp-json\/wp\/v2\/users\/67"}],"replies":[{"embeddable":true,"href":"https:\/\/centros.unileon.es\/derecho\/wp-json\/wp\/v2\/comments?post=539"}],"version-history":[{"count":1,"href":"https:\/\/centros.unileon.es\/derecho\/wp-json\/wp\/v2\/pages\/539\/revisions"}],"predecessor-version":[{"id":541,"href":"https:\/\/centros.unileon.es\/derecho\/wp-json\/wp\/v2\/pages\/539\/revisions\/541"}],"wp:attachment":[{"href":"https:\/\/centros.unileon.es\/derecho\/wp-json\/wp\/v2\/media?parent=539"}],"curies":[{"name":"wp","href":"https:\/\/api.w.org\/{rel}","templated":true}]}}