{"id":5076,"date":"2023-04-24T09:31:06","date_gmt":"2023-04-24T09:31:06","guid":{"rendered":"https:\/\/centros.unileon.es\/derecho\/?page_id=5076"},"modified":"2023-04-24T09:31:06","modified_gmt":"2023-04-24T09:31:06","slug":"sostenibilidad-empresa-y-justicia-2023-desde-el-suelo-hasta-el-cielo","status":"publish","type":"page","link":"https:\/\/centros.unileon.es\/derecho\/sostenibilidad-empresa-y-justicia-2023-desde-el-suelo-hasta-el-cielo\/","title":{"rendered":"SOSTENIBILIDAD EMPRESA Y JUSTICIA. 2023. \u201cDesde el suelo hasta el cielo\u201d"},"content":{"rendered":"<p style=\"text-align: center;\"><strong>Programa de acciones: SOSTENIBILIDAD EMPRESA Y JUSTICIA. 2023. (2\u00ba edici\u00f3n)<\/strong> GRUPO DE INNOVACION DOCENTE GID DERMERULE<\/p>\r\n<p style=\"text-align: center;\">(DERECHO MERCANTIL DE LA UNIVERSIDAD DE LE\u00d3N)<\/p>\r\n\r\n<p style=\"text-align: justify;\">Sostenibilidad , empresa , justica es el t\u00edtulo general de un Programa de Innovaci\u00f3n Docente que pretende acercar a los alumnos universitarios distintos aspectos de la realidad empresarial y de su entorno; desde distintas perspectivas. En un enfoque interactivo, los equipos de alumnos tutorizados elaborar\u00e1n fichas de sostenibilidad. La mejor de ellas recibir\u00e1 un premio \u201cSostenibilidad, empresa justicia, 2023\u201d del GID DerMerUle.<\/p>\r\n\r\n<ul>\r\n    <li><strong>Fecha:<\/strong> Del 3 al 25 de mayo de 2023 (Presencial: 3 mayo 2023 10:30 am- 14:30 pm 3 mayo 2023: 17:00 pm- 20:00 pm 25 mayo 2023: de 15:00 a 18:00)<\/li>\r\n    <li><strong>Programa:<\/strong> <a href=\"https:\/\/centros.unileon.es\/derecho\/files\/2023\/04\/programa_sostenibilidad_2023_ficha.pdf\">Archivo pdf<\/a><\/li>\r\n    <li><strong>Inscripciones:<\/strong> Gratuita. A trav\u00e9s del Servicio de Extensi\u00f3n Universitaria de la Universidad de Le\u00f3n. <a href=\"http:\/\/extensionuniversitaria.unileon.es\/euniversitaria\/curso.aspx?id=2752\">http:\/\/extensionuniversitaria.unileon.es\/euniversitaria\/curso.aspx?id=2752<\/a><\/li>\r\n<\/ul>","protected":false},"excerpt":{"rendered":"<p>Programa de acciones: SOSTENIBILIDAD EMPRESA Y JUSTICIA. 2023. (2\u00ba edici\u00f3n) GRUPO DE INNOVACION DOCENTE GID DERMERULE (DERECHO MERCANTIL DE LA UNIVERSIDAD DE LE\u00d3N) Sostenibilidad , empresa , justica es el t\u00edtulo general de un Programa de Innovaci\u00f3n Docente que pretende acercar a los alumnos universitarios distintos aspectos de la realidad empresarial y de su entorno; [&hellip;]<\/p>\n","protected":false},"author":64,"featured_media":0,"parent":0,"menu_order":0,"comment_status":"closed","ping_status":"closed","template":"","meta":{"footnotes":""},"class_list":["post-5076","page","type-page","status-publish","hentry"],"_links":{"self":[{"href":"https:\/\/centros.unileon.es\/derecho\/wp-json\/wp\/v2\/pages\/5076","targetHints":{"allow":["GET"]}}],"collection":[{"href":"https:\/\/centros.unileon.es\/derecho\/wp-json\/wp\/v2\/pages"}],"about":[{"href":"https:\/\/centros.unileon.es\/derecho\/wp-json\/wp\/v2\/types\/page"}],"author":[{"embeddable":true,"href":"https:\/\/centros.unileon.es\/derecho\/wp-json\/wp\/v2\/users\/64"}],"replies":[{"embeddable":true,"href":"https:\/\/centros.unileon.es\/derecho\/wp-json\/wp\/v2\/comments?post=5076"}],"version-history":[{"count":2,"href":"https:\/\/centros.unileon.es\/derecho\/wp-json\/wp\/v2\/pages\/5076\/revisions"}],"predecessor-version":[{"id":5079,"href":"https:\/\/centros.unileon.es\/derecho\/wp-json\/wp\/v2\/pages\/5076\/revisions\/5079"}],"wp:attachment":[{"href":"https:\/\/centros.unileon.es\/derecho\/wp-json\/wp\/v2\/media?parent=5076"}],"curies":[{"name":"wp","href":"https:\/\/api.w.org\/{rel}","templated":true}]}}