{"id":505,"date":"2014-05-22T08:16:02","date_gmt":"2014-05-22T08:16:02","guid":{"rendered":"http:\/\/centros.unileon.es\/derecho\/?page_id=505"},"modified":"2014-05-22T08:16:40","modified_gmt":"2014-05-22T08:16:40","slug":"i-jornadas-de-mediacion-iv-asamblea-cuemyc","status":"publish","type":"page","link":"https:\/\/centros.unileon.es\/derecho\/i-jornadas-de-mediacion-iv-asamblea-cuemyc\/","title":{"rendered":"I Jornadas de Mediaci\u00f3n. IV Asamblea CUEMYC"},"content":{"rendered":"La Facultad de Derecho de la Universidad de Le\u00f3n, en colaboraci\u00f3n con la Junta de Castilla y Le\u00f3n y la Conferencia de Universidades para el Estudio de la Mediaci\u00f3n y el Conflicto (CUEMYC), celebra las I Jornadas de Mediaci\u00f3n.\r\n\r\nFechas: 19 y 20 de Junio.\r\n\r\nLugar de celebraci\u00f3n: Sal\u00f3n de Grados de la Facultad de Derecho.\r\n\r\nPara m\u00e1s informaci\u00f3n pinchar <a href=\"http:\/\/centros.unileon.es\/derecho\/files\/2014\/05\/Cartel-Jornadas-CUEMYC.pdf\">aqu\u00ed<\/a>.","protected":false},"excerpt":{"rendered":"<p>La Facultad de Derecho de la Universidad de Le\u00f3n, en colaboraci\u00f3n con la Junta de Castilla y Le\u00f3n y la Conferencia de Universidades para el Estudio de la Mediaci\u00f3n y el Conflicto (CUEMYC), celebra las I Jornadas de Mediaci\u00f3n. Fechas: 19 y 20 de Junio. Lugar de celebraci\u00f3n: Sal\u00f3n de Grados de la Facultad de [&hellip;]<\/p>\n","protected":false},"author":67,"featured_media":0,"parent":0,"menu_order":0,"comment_status":"closed","ping_status":"open","template":"","meta":{"footnotes":""},"class_list":["post-505","page","type-page","status-publish","hentry"],"_links":{"self":[{"href":"https:\/\/centros.unileon.es\/derecho\/wp-json\/wp\/v2\/pages\/505","targetHints":{"allow":["GET"]}}],"collection":[{"href":"https:\/\/centros.unileon.es\/derecho\/wp-json\/wp\/v2\/pages"}],"about":[{"href":"https:\/\/centros.unileon.es\/derecho\/wp-json\/wp\/v2\/types\/page"}],"author":[{"embeddable":true,"href":"https:\/\/centros.unileon.es\/derecho\/wp-json\/wp\/v2\/users\/67"}],"replies":[{"embeddable":true,"href":"https:\/\/centros.unileon.es\/derecho\/wp-json\/wp\/v2\/comments?post=505"}],"version-history":[{"count":2,"href":"https:\/\/centros.unileon.es\/derecho\/wp-json\/wp\/v2\/pages\/505\/revisions"}],"predecessor-version":[{"id":508,"href":"https:\/\/centros.unileon.es\/derecho\/wp-json\/wp\/v2\/pages\/505\/revisions\/508"}],"wp:attachment":[{"href":"https:\/\/centros.unileon.es\/derecho\/wp-json\/wp\/v2\/media?parent=505"}],"curies":[{"name":"wp","href":"https:\/\/api.w.org\/{rel}","templated":true}]}}